{"id":79524,"date":"2022-10-11T16:23:53","date_gmt":"2022-10-11T14:23:53","guid":{"rendered":"http:\/\/dev.claret.cat\/producte\/1000-anos-de-alegrias-y-penas\/"},"modified":"2023-10-06T11:44:09","modified_gmt":"2023-10-06T09:44:09","slug":"1000-anos-de-alegrias-y-penas-9788418056994","status":"publish","type":"product","link":"https:\/\/www.claret.cat\/es\/libro\/1000-anos-de-alegrias-y-penas-9788418056994\/","title":{"rendered":"1000 A\u00d1OS DE ALEGR\u00cdAS Y PENAS"},"content":{"rendered":"<p>Una historia \u00e9pica de China contada por un testigo excepcional, pero  tambi\u00e9n un maravilloso relato que ilustra el poder del arte para generar  cambios y la urgente necesidad de proteger la libertad de expresi\u00f3n. Ai Weiwei es uno de los artistas m\u00e1s famosos del mundo, un creador que  rebasa los l\u00edmites del mundo del arte y ha logrado ser un fen\u00f3meno  social, un valiente activista y un apasionado defensor de la libertad de  expresi\u00f3n. En estas memorias rastrea por primera vez los or\u00edgenes de su  excepcional creatividad y sus ideas pol\u00edticas, y explora con lucidez y  agudeza la multitud de fuerzas que han dado forma a la China moderna; un  ejercicio que adem\u00e1s traza una extraordinaria historia del pa\u00eds durante los \u00faltimos cien a\u00f1os. Las esculturas e instalaciones de Weiwei son admiradas en todo el mundo,  y sus logros arquitect\u00f3nicos incluyen la participaci\u00f3n en el dise\u00f1o del  ic\u00f3nico Estadio Nacional de Pek\u00edn. No obstante, su disidencia lo ha  convertido durante mucho tiempo en un objetivo de las autoridades  chinas, lo que dio lugar a una aterradora detenci\u00f3n secreta en 2011. Su  padre, Ai Qing, uno de los poetas chinos m\u00e1s  c\u00e9lebres del siglo XX y en  su d\u00eda amigo \u00edntimo de Mao Zedong, fue calificado de derechista durante  la Revoluci\u00f3n Cultural, y \u00e9l y su familia fueron desterrados a un lugar  desolado conocido como \u00abla Peque\u00f1a Siberia\u00bb, donde fue condenado a  trabajos forzados limpiando ba\u00f1os p\u00fablicos. El artista relata su  infancia en el exilio y la dif\u00edcil decisi\u00f3n de dejar a su familia para  estudiar arte en Estados Unidos, donde trab\u00f3 amistad con Allen Ginsberg  y se inspir\u00f3 en Andy Warhol. Con franqueza e ingenio, detalla su regreso  a China  y su ascenso de figura an\u00f3nima a superestrella del mundo del arte. La cr\u00edtica ha dicho&#8230;<br \/>\u00abUnas memorias que se elevan por encima de la historia para alcanzar los  l\u00edmites del alma. Un notable testimonio sobre el eterno poder de la  verdad simple y audaz, que subraya que, cuando no tiene el valor de  decirla, un artista es un mero decorador y un ciudadano es un s\u00fabdito.\u00bb<br \/>Edward Snowden \u00abUno de los mejores artistas vivos del mundo. Su obra, imprevisible e inmensamente personal, siempre invita a la reflexi\u00f3n.\u00bb<br \/>Elton John \u00abCon una humanidad fuera de lo com\u00fan, una erudici\u00f3n humilde y una  intimidad conmovedora, relata una vida de coraje, pol\u00e9mica, triunfos y  derrotas. Con cierta iron\u00eda y humor, ha escrito una obra maestra  elegante y exquisitamente seria sobre su China, que es en realidad un  libro sobre nuestro mundo. Una de las grandes voces de nuestro tiempo.\u00bb<br \/>Andrew Solomon \u00abEl libro ofrece una imagen clara -que por momentos recuerda a Kafka y  Solzhenitsyn- de varias d\u00e9cadas de la historia de China y de  los  terribles costes del r\u00e9gimen autoritario. Un apasionado testimonio que  da fe del poder duradero del arte para desafiar al Estado y al statu  quo, para afirmar verdades esenciales e inconvenientes, y para reivindicar la necesidad de imaginaci\u00f3n y voluntad frente a la  represi\u00f3n.\u00bb<br \/>Michiko Kakutani \u00abEstas memorias \u00edntimas e inquebrantables son un cl\u00e1sico instant\u00e1neo en  la literatura sobre el ascenso de China, una protesta contra la  destrucci\u00f3n de la memoria y un glorioso testamento del poder de la  libertad de expresi\u00f3n. Este libro dice tanto sobre el futuro  como sobre el pasado.\u00bb<br \/>Evan Osnos<\/p>\n","protected":false},"excerpt":{"rendered":"<p>WEIWEI, AI<\/p>\n","protected":false},"featured_media":79525,"template":"","meta":{"_acf_changed":false,"om_disable_all_campaigns":false,"rs_blank_template":"","rs_page_bg_color":"","slide_template_v7":"","inline_featured_image":false,"_monsterinsights_skip_tracking":false,"_monsterinsights_sitenote_active":false,"_monsterinsights_sitenote_note":"","_monsterinsights_sitenote_category":0},"product_brand":[],"product_cat":[99],"product_tag":[],"class_list":{"0":"post-79524","1":"product","2":"type-product","3":"status-publish","4":"has-post-thumbnail","6":"product_cat-biografies","8":"first","9":"instock","10":"taxable","11":"shipping-taxable","12":"purchasable","13":"product-type-simple"},"acf":{"editorial":[{"ID":6177,"post_author":"3","post_date":"2022-07-28 17:46:33","post_date_gmt":"2022-07-28 15:46:33","post_content":"","post_title":"DEBATE","post_excerpt":"","post_status":"publish","comment_status":"closed","ping_status":"closed","post_password":"","post_name":"debate","to_ping":"","pinged":"","post_modified":"2022-07-28 17:46:33","post_modified_gmt":"2022-07-28 15:46:33","post_content_filtered":"","post_parent":0,"guid":"http:\/\/dev.claret.cat\/editorial\/debate\/","menu_order":0,"post_type":"editorial","post_mime_type":"","comment_count":"0","filter":"raw"}],"autor":"WEIWEI, AI","codart":"841805699","libros-coleccion":"FORA DE COL.LECCI\u00d3","ediciones":"1","encuadernacion":"Carton\u00e9","fecha_de_publicacion":"01\/11\/2021","novedad":"1","paginas":"423","subtitulo":"MEMORIAS","orden":"0","portada":"0","idioma":"cat","autores-libros":[{"ID":149282,"post_author":"3","post_date":"2022-10-14 14:23:37","post_date_gmt":"2022-10-14 12:23:37","post_content":"","post_title":"AI WEIWEI","post_excerpt":"","post_status":"publish","comment_status":"closed","ping_status":"closed","post_password":"","post_name":"ai-weiwei","to_ping":"","pinged":"","post_modified":"2022-10-14 14:23:37","post_modified_gmt":"2022-10-14 12:23:37","post_content_filtered":"","post_parent":0,"guid":"http:\/\/dev.claret.cat\/autor\/ai-weiwei\/","menu_order":0,"post_type":"autor","post_mime_type":"","comment_count":"0","filter":"raw"}]},"aioseo_notices":[],"_links":{"self":[{"href":"https:\/\/www.claret.cat\/es\/wp-json\/wp\/v2\/product\/79524","targetHints":{"allow":["GET"]}}],"collection":[{"href":"https:\/\/www.claret.cat\/es\/wp-json\/wp\/v2\/product"}],"about":[{"href":"https:\/\/www.claret.cat\/es\/wp-json\/wp\/v2\/types\/product"}],"wp:featuredmedia":[{"embeddable":true,"href":"https:\/\/www.claret.cat\/es\/wp-json\/wp\/v2\/media\/79525"}],"wp:attachment":[{"href":"https:\/\/www.claret.cat\/es\/wp-json\/wp\/v2\/media?parent=79524"}],"wp:term":[{"taxonomy":"product_brand","embeddable":true,"href":"https:\/\/www.claret.cat\/es\/wp-json\/wp\/v2\/product_brand?post=79524"},{"taxonomy":"product_cat","embeddable":true,"href":"https:\/\/www.claret.cat\/es\/wp-json\/wp\/v2\/product_cat?post=79524"},{"taxonomy":"product_tag","embeddable":true,"href":"https:\/\/www.claret.cat\/es\/wp-json\/wp\/v2\/product_tag?post=79524"}],"curies":[{"name":"wp","href":"https:\/\/api.w.org\/{rel}","templated":true}]}}