{"id":79530,"date":"2022-10-11T16:23:58","date_gmt":"2022-10-11T14:23:58","guid":{"rendered":"http:\/\/dev.claret.cat\/producte\/filosofia-para-exploradores-polares\/"},"modified":"2023-01-28T20:40:13","modified_gmt":"2023-01-28T19:40:13","slug":"filosofia-para-exploradores-polares-9788430624393","status":"publish","type":"product","link":"https:\/\/www.claret.cat\/es\/libro\/filosofia-para-exploradores-polares-9788430624393\/","title":{"rendered":"FILOSOF\u00cdA PARA EXPLORADORES POLARES"},"content":{"rendered":"<p>Diecis\u00e9is lecciones pr\u00e1cticas que invitan a adoptar un esp\u00edritu de explorador en lo cotidiano. Vuelve el fil\u00f3sofo aventurero para revelarnos lo que la supervivencia en  las condiciones m\u00e1s extremas puede ense\u00f1arnos sobre c\u00f3mo llevar una vida m\u00e1s gratificante. Filosof\u00eda para exploradores polares destila la sabidur\u00eda y  la experiencia que ha adquirido Erling Kagge en las expediciones que lo han llevado a los confines de la tierra y a los l\u00edmites de la resistencia humana. Cultivar el optimismo, elegir el momento id\u00f3neo para levantarnos por la ma\u00f1ana, descubrir nuestros placeres simples y aprender a sentirnos c\u00f3modos en soledad son algunos de sus secretos, solo aparentemente sencillos. Este libro demuestra que las ense\u00f1anzas de sus expediciones tienen una aplicaci\u00f3n maravillosa y sorprendente a nuestras vidas y pueden ayudarnos a llevar una vida mucho m\u00e1s plena incluso en la comodidad de nuestros hogares. Lo verdaderamente arriesgado es renunciar a descubrir el aut\u00e9ntico sabor de la vida. Rese\u00f1as: \u00abErling Kagge es un aventurero filos\u00f3fico, o quiz\u00e1 un fil\u00f3sofo aventurero.\u00bb The New York Times \u00ab\u00bfQui\u00e9n mejor que un avezado explorador para hablarnos del silencio? El  silencio est\u00e1 en todos lados. Basta con reconocerlo y saborearlo. Toda  una filosof\u00eda de vida. Y tambi\u00e9n una nueva forma de lujo que ya tiene numerosos adeptos.\u00bb Le Figaro Magazine (sobre El silencio) \u00abUna valiosa gu\u00eda en la que Kagge da cuenta de los inestimables  beneficios de encontrar la quietud. Para \u00e9l, desconectar no significa  alejarse del mundo. Al contrario: se trata de disfrutar m\u00e1s intensamente de la vida y de la compa\u00f1\u00eda.\u00bb L&#8221;Express (sobre El silencio) \u00abUn autor para estos tiempos ruidosos que transmite una calma y una perspectiva poco comunes y profundamente redentoras.\u00bb Alain de Botton<\/p>\n","protected":false},"excerpt":{"rendered":"<p>KAGGE, ERLING<\/p>\n","protected":false},"featured_media":79531,"template":"","meta":{"_acf_changed":false,"om_disable_all_campaigns":false,"rs_blank_template":"","rs_page_bg_color":"","slide_template_v7":"","inline_featured_image":false,"_monsterinsights_skip_tracking":false,"_monsterinsights_sitenote_active":false,"_monsterinsights_sitenote_note":"","_monsterinsights_sitenote_category":0},"product_brand":[],"product_cat":[166],"product_tag":[],"class_list":{"0":"post-79530","1":"product","2":"type-product","3":"status-publish","4":"has-post-thumbnail","6":"product_cat-autors-filosofia","8":"first","9":"instock","10":"taxable","11":"shipping-taxable","12":"purchasable","13":"product-type-simple"},"acf":{"editorial":[{"ID":6372,"post_author":"3","post_date":"2022-07-28 17:50:47","post_date_gmt":"2022-07-28 15:50:47","post_content":"","post_title":"TAURUS","post_excerpt":"","post_status":"publish","comment_status":"closed","ping_status":"closed","post_password":"","post_name":"taurus","to_ping":"","pinged":"","post_modified":"2022-07-28 17:50:47","post_modified_gmt":"2022-07-28 15:50:47","post_content_filtered":"","post_parent":0,"guid":"http:\/\/dev.claret.cat\/editorial\/taurus\/","menu_order":0,"post_type":"editorial","post_mime_type":"","comment_count":"0","filter":"raw"}],"autor":"KAGGE, ERLING","codart":"843062439","libros-coleccion":"PENSAMIENTO","ediciones":"1","encuadernacion":"Carton\u00e9","fecha_de_publicacion":"01\/11\/2021","novedad":"1","paginas":"214","subtitulo":"","orden":"0","portada":"0","idioma":"spa","autores-libros":[{"ID":155300,"post_author":"3","post_date":"2022-10-14 15:11:44","post_date_gmt":"2022-10-14 13:11:44","post_content":"","post_title":"ERLING KAGGE","post_excerpt":"","post_status":"publish","comment_status":"closed","ping_status":"closed","post_password":"","post_name":"erling-kagge","to_ping":"","pinged":"","post_modified":"2022-10-14 15:11:44","post_modified_gmt":"2022-10-14 13:11:44","post_content_filtered":"","post_parent":0,"guid":"http:\/\/dev.claret.cat\/autor\/erling-kagge\/","menu_order":0,"post_type":"autor","post_mime_type":"","comment_count":"0","filter":"raw"}]},"aioseo_notices":[],"_links":{"self":[{"href":"https:\/\/www.claret.cat\/es\/wp-json\/wp\/v2\/product\/79530","targetHints":{"allow":["GET"]}}],"collection":[{"href":"https:\/\/www.claret.cat\/es\/wp-json\/wp\/v2\/product"}],"about":[{"href":"https:\/\/www.claret.cat\/es\/wp-json\/wp\/v2\/types\/product"}],"wp:featuredmedia":[{"embeddable":true,"href":"https:\/\/www.claret.cat\/es\/wp-json\/wp\/v2\/media\/79531"}],"wp:attachment":[{"href":"https:\/\/www.claret.cat\/es\/wp-json\/wp\/v2\/media?parent=79530"}],"wp:term":[{"taxonomy":"product_brand","embeddable":true,"href":"https:\/\/www.claret.cat\/es\/wp-json\/wp\/v2\/product_brand?post=79530"},{"taxonomy":"product_cat","embeddable":true,"href":"https:\/\/www.claret.cat\/es\/wp-json\/wp\/v2\/product_cat?post=79530"},{"taxonomy":"product_tag","embeddable":true,"href":"https:\/\/www.claret.cat\/es\/wp-json\/wp\/v2\/product_tag?post=79530"}],"curies":[{"name":"wp","href":"https:\/\/api.w.org\/{rel}","templated":true}]}}