{"id":79557,"date":"2022-10-11T16:24:19","date_gmt":"2022-10-11T14:24:19","guid":{"rendered":"http:\/\/dev.claret.cat\/producte\/la-mesura-de-totes-les-coses\/"},"modified":"2024-02-05T14:18:06","modified_gmt":"2024-02-05T13:18:06","slug":"la-mesura-de-totes-les-coses-9788418833120","status":"publish","type":"product","link":"https:\/\/www.claret.cat\/es\/libro\/la-mesura-de-totes-les-coses-9788418833120\/","title":{"rendered":"LA MESURA DE TOTES LES COSES"},"content":{"rendered":"<p> Qu\u00e8 serien els homes sense les dones? Aquest llibre \u00e9s un homenatge a les dones a trav\u00e9s de la veneraci\u00f3 del narrador, un personatge que viu cada relaci\u00f3 amb una entrega total. Sent una fascinaci\u00f3 pel g\u00e8nere femen\u00ed que es concreta en les cinc dones que han marcat les diverses etapes de la seva vida i que l&#8217;han fet ser\u00a0tal\u00a0com \u00e9s. Es tracta d&#8217;un relat\u00a0intens,\u00a0molt barcelon\u00ed, on l&#8217;Eva, la Judit, l&#8217;Helena, la Virg\u00ednia i la Paula despleguen activament cinc tipus de relaci\u00f3 i cinc mirades sobre l&#8217;amor i sobre el m\u00f3n.<\/p>\n","protected":false},"excerpt":{"rendered":"<p>GOMILA, ANDREU<\/p>\n","protected":false},"featured_media":79558,"template":"","meta":{"_acf_changed":false,"om_disable_all_campaigns":false,"rs_blank_template":"","rs_page_bg_color":"","slide_template_v7":"","inline_featured_image":false,"_monsterinsights_skip_tracking":false,"_monsterinsights_sitenote_active":false,"_monsterinsights_sitenote_note":"","_monsterinsights_sitenote_category":0},"product_brand":[],"product_cat":[127,357],"product_tag":[],"class_list":{"0":"post-79557","1":"product","2":"type-product","3":"status-publish","4":"has-post-thumbnail","6":"product_cat-novella-contemporania","7":"product_cat-novela-contemporanea","9":"first","10":"instock","11":"taxable","12":"shipping-taxable","13":"purchasable","14":"product-type-simple"},"acf":{"editorial":[{"ID":6223,"post_author":"3","post_date":"2022-07-28 17:47:32","post_date_gmt":"2022-07-28 15:47:32","post_content":"","post_title":"EDITORIAL EMP\u00daRIES","post_excerpt":"","post_status":"publish","comment_status":"closed","ping_status":"closed","post_password":"","post_name":"editorial-empuries","to_ping":"","pinged":"","post_modified":"2022-07-28 17:47:32","post_modified_gmt":"2022-07-28 15:47:32","post_content_filtered":"","post_parent":0,"guid":"http:\/\/dev.claret.cat\/editorial\/editorial-empuries\/","menu_order":0,"post_type":"editorial","post_mime_type":"","comment_count":"0","filter":"raw"}],"autor":"GOMILA, ANDREU","codart":"841883312","libros-coleccion":"EMP\u00daRIES NARRATIVA","ediciones":"1","encuadernacion":"R\u00fastica","fecha_de_publicacion":"01\/11\/2021","novedad":"1","paginas":"181","subtitulo":"","orden":"0","portada":"0","idioma":"cat","autores-libros":[{"ID":150294,"post_author":"3","post_date":"2022-10-14 14:31:48","post_date_gmt":"2022-10-14 12:31:48","post_content":"","post_title":"ANDREU GOMILA","post_excerpt":"","post_status":"publish","comment_status":"closed","ping_status":"closed","post_password":"","post_name":"andreu-gomila","to_ping":"","pinged":"","post_modified":"2022-10-14 14:31:48","post_modified_gmt":"2022-10-14 12:31:48","post_content_filtered":"","post_parent":0,"guid":"http:\/\/dev.claret.cat\/autor\/andreu-gomila\/","menu_order":0,"post_type":"autor","post_mime_type":"","comment_count":"0","filter":"raw"}]},"aioseo_notices":[],"_links":{"self":[{"href":"https:\/\/www.claret.cat\/es\/wp-json\/wp\/v2\/product\/79557","targetHints":{"allow":["GET"]}}],"collection":[{"href":"https:\/\/www.claret.cat\/es\/wp-json\/wp\/v2\/product"}],"about":[{"href":"https:\/\/www.claret.cat\/es\/wp-json\/wp\/v2\/types\/product"}],"wp:featuredmedia":[{"embeddable":true,"href":"https:\/\/www.claret.cat\/es\/wp-json\/wp\/v2\/media\/79558"}],"wp:attachment":[{"href":"https:\/\/www.claret.cat\/es\/wp-json\/wp\/v2\/media?parent=79557"}],"wp:term":[{"taxonomy":"product_brand","embeddable":true,"href":"https:\/\/www.claret.cat\/es\/wp-json\/wp\/v2\/product_brand?post=79557"},{"taxonomy":"product_cat","embeddable":true,"href":"https:\/\/www.claret.cat\/es\/wp-json\/wp\/v2\/product_cat?post=79557"},{"taxonomy":"product_tag","embeddable":true,"href":"https:\/\/www.claret.cat\/es\/wp-json\/wp\/v2\/product_tag?post=79557"}],"curies":[{"name":"wp","href":"https:\/\/api.w.org\/{rel}","templated":true}]}}