{"id":79581,"date":"2022-10-11T16:24:37","date_gmt":"2022-10-11T14:24:37","guid":{"rendered":"http:\/\/dev.claret.cat\/producte\/los-reyes-magos-llevan-camisas-hawaianas\/"},"modified":"2025-01-31T16:10:45","modified_gmt":"2025-01-31T15:10:45","slug":"los-reyes-magos-llevan-camisas-hawaianas-9788424670733","status":"publish","type":"product","link":"https:\/\/www.claret.cat\/es\/libro\/los-reyes-magos-llevan-camisas-hawaianas-9788424670733\/","title":{"rendered":"LOS REYES MAGOS LLEVAN CAMISAS HAWAIANAS"},"content":{"rendered":"<p>Algo va mal en el mundo si la noche de Reyes se celebra en agosto&#8230;<\/p>\n<p>Epi y Fani son dos hermanos que viven en un pueblecito llamado Ningunaparte. Est\u00e1n muy preocupados por el cambio clim\u00e1tico, pero el resto de los vecinos pasan. Pasan mucho. \u00bfA qui\u00e9n no le gusta tomarse un aperitivo al sol en pleno febrero? \u00bfQu\u00e9 sube la temperatura del mar? Mejor, as\u00ed cuesta menos meterse al agua. \u00a1Todo son ventajas! <\/p>\n<p>Un d\u00eda reciben una carta de sus majestades los Reyes Magos de Oriente donde anuncian que, precisamente por el cambio clim\u00e1tico, este a\u00f1o pasar\u00e1n en agosto. \u00a1YA NADIE DUDA! El cambio clim\u00e1tico es genial. \u00a1Ni siquiera tendr\u00e1n que esperar a la noche del 5 de enero! <\/p>\n<p>A partir de este momento, el pueblo se preparar\u00e1 para celebrar la noche de los Reyes en verano. Y ser\u00e1 un peque\u00f1o desastre. \u00bfC\u00f3mo hacer un mu\u00f1eco de nieve? \u00bfA qui\u00e9n le apetece comer turrones mientras te caen las gotas la gota de sudor? \u00bfY los Reyes? \u00bfTendr\u00e1n que hacer la cabalgata en bermudas y camisas hawaianas? \u00bfC\u00f3mo acabar\u00e1 esta historia delirante, loca y algo gamberra?<\/p>\n<p>Un libro para primeros lectores con muchas risas y situaciones algo locas donde descubrir\u00e1n que cuidar del planeta depende de todos.<\/p>\n","protected":false},"excerpt":{"rendered":"<p>GARC\u00cdA DE ORO, GABRIEL<\/p>\n","protected":false},"featured_media":79582,"template":"","meta":{"_acf_changed":false,"om_disable_all_campaigns":false,"rs_blank_template":"","rs_page_bg_color":"","slide_template_v7":"","inline_featured_image":false,"_monsterinsights_skip_tracking":false,"_monsterinsights_sitenote_active":false,"_monsterinsights_sitenote_note":"","_monsterinsights_sitenote_category":0},"product_brand":[],"product_cat":[132,362],"product_tag":[],"class_list":{"0":"post-79581","1":"product","2":"type-product","3":"status-publish","4":"has-post-thumbnail","6":"product_cat-lectures-per-preadolescents-6-12-anys","7":"product_cat-libros-preadolescentes-6-12-anos","9":"first","10":"instock","11":"taxable","12":"shipping-taxable","13":"purchasable","14":"product-type-simple"},"acf":{"autor":"GARC\u00cdA DE ORO, GABRIEL","codart":"842467073","libros-coleccion":"\u00c1lbumes ilustrados","ediciones":"1","encuadernacion":"Carton\u00e9","fecha_de_publicacion":"01\/11\/2021","novedad":"1","paginas":"48","subtitulo":"","orden":"0","portada":"0","idioma":"spa","editorial":[{"ID":148189,"post_author":"3","post_date":"2022-10-14 11:56:19","post_date_gmt":"2022-10-14 09:56:19","post_content":"","post_title":"GALERA, EDITORIAL","post_excerpt":"","post_status":"publish","comment_status":"closed","ping_status":"closed","post_password":"","post_name":"galera-editorial","to_ping":"","pinged":"","post_modified":"2022-10-14 11:56:19","post_modified_gmt":"2022-10-14 09:56:19","post_content_filtered":"","post_parent":0,"guid":"http:\/\/dev.claret.cat\/editorial\/galera-editorial\/","menu_order":0,"post_type":"editorial","post_mime_type":"","comment_count":"0","filter":"raw"}],"autores-libros":[{"ID":156519,"post_author":"3","post_date":"2022-10-14 15:21:27","post_date_gmt":"2022-10-14 13:21:27","post_content":"","post_title":"GABRIEL GARC\u00cdA DE ORO","post_excerpt":"","post_status":"publish","comment_status":"closed","ping_status":"closed","post_password":"","post_name":"gabriel-garcia-de-oro","to_ping":"","pinged":"","post_modified":"2022-10-14 15:21:27","post_modified_gmt":"2022-10-14 13:21:27","post_content_filtered":"","post_parent":0,"guid":"http:\/\/dev.claret.cat\/autor\/gabriel-garcia-de-oro\/","menu_order":0,"post_type":"autor","post_mime_type":"","comment_count":"0","filter":"raw"}]},"aioseo_notices":[],"_links":{"self":[{"href":"https:\/\/www.claret.cat\/es\/wp-json\/wp\/v2\/product\/79581","targetHints":{"allow":["GET"]}}],"collection":[{"href":"https:\/\/www.claret.cat\/es\/wp-json\/wp\/v2\/product"}],"about":[{"href":"https:\/\/www.claret.cat\/es\/wp-json\/wp\/v2\/types\/product"}],"wp:featuredmedia":[{"embeddable":true,"href":"https:\/\/www.claret.cat\/es\/wp-json\/wp\/v2\/media\/79582"}],"wp:attachment":[{"href":"https:\/\/www.claret.cat\/es\/wp-json\/wp\/v2\/media?parent=79581"}],"wp:term":[{"taxonomy":"product_brand","embeddable":true,"href":"https:\/\/www.claret.cat\/es\/wp-json\/wp\/v2\/product_brand?post=79581"},{"taxonomy":"product_cat","embeddable":true,"href":"https:\/\/www.claret.cat\/es\/wp-json\/wp\/v2\/product_cat?post=79581"},{"taxonomy":"product_tag","embeddable":true,"href":"https:\/\/www.claret.cat\/es\/wp-json\/wp\/v2\/product_tag?post=79581"}],"curies":[{"name":"wp","href":"https:\/\/api.w.org\/{rel}","templated":true}]}}