{"id":79584,"date":"2022-10-11T16:24:39","date_gmt":"2022-10-11T14:24:39","guid":{"rendered":"http:\/\/dev.claret.cat\/producte\/els-reis-mags-porten-camises-hawaianes\/"},"modified":"2025-01-31T16:10:37","modified_gmt":"2025-01-31T15:10:37","slug":"els-reis-mags-porten-camises-hawaianes-9788424670726","status":"publish","type":"product","link":"https:\/\/www.claret.cat\/es\/libro\/els-reis-mags-porten-camises-hawaianes-9788424670726\/","title":{"rendered":"ELS REIS MAGS PORTEN CAMISES HAWAIANES"},"content":{"rendered":"<p>Alguna cosa va malament al m\u00f3n si la nit dels Reis se celebra a l&#8221;agost&#8230;<\/p>\n<p>L&#8221;Epi i la Fani s\u00f3n dos germans que viuen en un petit poble anomenat Caplloc. Estan molt preocupats pel canvi clim\u00e0tic, per\u00f2 a la resta dels ve\u00efns&#8230; A la resta dels ve\u00efns els la bufa. A qui no li agrada prendre&#8221;s un aperitiu en una terrassa en ple febrer? Que puja la temperatura del mar? Millor, aix\u00ed costa menys ficar-se a l&#8221;aigua. Tot s\u00f3n avantatges! <\/p>\n<p>Un dia reben una carta dels Reis Mags d&#8221;Orient on anuncien que, precisament pel canvi clim\u00e0tic, aquest any passaran a l&#8221;agost. Com si fos una festa major, tothom se n&#8221;alegra! El canvi clim\u00e0tic \u00e9s genial: no caldr\u00e0 esperar a la nit del cinc de gener! <\/p>\n<p>Mentre el poble es prepara per celebrar la Nit de Reis en plena can\u00edcula, la realitat s&#8221;imposa: com es pot fer un ninot de neu amb tanta calor? Qui vol menjar torrons mentre la gota de suor regalima esquena avall? I els tres Reis, hauran de fer la cavalcada en bermudes i camises hawaianes? Aquesta hist\u00f2ria boja i delirant no pot tenir un final feli\u00e7 si l&#8221;Epi i la Fani no hi posen remei!<\/p>\n<p>Un conte boig i divertit, per educar els nens en els valors de la solidaritat i la cura del planeta a partir de la m\u00e0gia i el riure.<\/p>\n","protected":false},"excerpt":{"rendered":"<p>GARC\u00cdA DE ORO, GABRIEL<\/p>\n","protected":false},"featured_media":79585,"template":"","meta":{"_acf_changed":false,"om_disable_all_campaigns":false,"rs_blank_template":"","rs_page_bg_color":"","slide_template_v7":"","inline_featured_image":false,"_monsterinsights_skip_tracking":false,"_monsterinsights_sitenote_active":false,"_monsterinsights_sitenote_note":"","_monsterinsights_sitenote_category":0},"product_brand":[],"product_cat":[132,362],"product_tag":[],"class_list":{"0":"post-79584","1":"product","2":"type-product","3":"status-publish","4":"has-post-thumbnail","6":"product_cat-lectures-per-preadolescents-6-12-anys","7":"product_cat-libros-preadolescentes-6-12-anos","9":"first","10":"instock","11":"taxable","12":"shipping-taxable","13":"purchasable","14":"product-type-simple"},"acf":{"autor":"GARC\u00cdA DE ORO, GABRIEL","codart":"842467072","libros-coleccion":"\u00c0lbums Il\u00b7lustrats","ediciones":"1","encuadernacion":"Carton\u00e9","fecha_de_publicacion":"01\/11\/2021","novedad":"1","paginas":"48","subtitulo":"","orden":"0","portada":"0","idioma":"cat","editorial":[{"ID":148189,"post_author":"3","post_date":"2022-10-14 11:56:19","post_date_gmt":"2022-10-14 09:56:19","post_content":"","post_title":"GALERA, EDITORIAL","post_excerpt":"","post_status":"publish","comment_status":"closed","ping_status":"closed","post_password":"","post_name":"galera-editorial","to_ping":"","pinged":"","post_modified":"2022-10-14 11:56:19","post_modified_gmt":"2022-10-14 09:56:19","post_content_filtered":"","post_parent":0,"guid":"http:\/\/dev.claret.cat\/editorial\/galera-editorial\/","menu_order":0,"post_type":"editorial","post_mime_type":"","comment_count":"0","filter":"raw"}],"autores-libros":[{"ID":156519,"post_author":"3","post_date":"2022-10-14 15:21:27","post_date_gmt":"2022-10-14 13:21:27","post_content":"","post_title":"GABRIEL GARC\u00cdA DE ORO","post_excerpt":"","post_status":"publish","comment_status":"closed","ping_status":"closed","post_password":"","post_name":"gabriel-garcia-de-oro","to_ping":"","pinged":"","post_modified":"2022-10-14 15:21:27","post_modified_gmt":"2022-10-14 13:21:27","post_content_filtered":"","post_parent":0,"guid":"http:\/\/dev.claret.cat\/autor\/gabriel-garcia-de-oro\/","menu_order":0,"post_type":"autor","post_mime_type":"","comment_count":"0","filter":"raw"}]},"aioseo_notices":[],"_links":{"self":[{"href":"https:\/\/www.claret.cat\/es\/wp-json\/wp\/v2\/product\/79584","targetHints":{"allow":["GET"]}}],"collection":[{"href":"https:\/\/www.claret.cat\/es\/wp-json\/wp\/v2\/product"}],"about":[{"href":"https:\/\/www.claret.cat\/es\/wp-json\/wp\/v2\/types\/product"}],"wp:featuredmedia":[{"embeddable":true,"href":"https:\/\/www.claret.cat\/es\/wp-json\/wp\/v2\/media\/79585"}],"wp:attachment":[{"href":"https:\/\/www.claret.cat\/es\/wp-json\/wp\/v2\/media?parent=79584"}],"wp:term":[{"taxonomy":"product_brand","embeddable":true,"href":"https:\/\/www.claret.cat\/es\/wp-json\/wp\/v2\/product_brand?post=79584"},{"taxonomy":"product_cat","embeddable":true,"href":"https:\/\/www.claret.cat\/es\/wp-json\/wp\/v2\/product_cat?post=79584"},{"taxonomy":"product_tag","embeddable":true,"href":"https:\/\/www.claret.cat\/es\/wp-json\/wp\/v2\/product_tag?post=79584"}],"curies":[{"name":"wp","href":"https:\/\/api.w.org\/{rel}","templated":true}]}}