{"id":79599,"date":"2022-10-11T16:24:51","date_gmt":"2022-10-11T14:24:51","guid":{"rendered":"http:\/\/dev.claret.cat\/producte\/fortuny-i-reus\/"},"modified":"2025-02-01T01:58:55","modified_gmt":"2025-02-01T00:58:55","slug":"fortuny-i-reus-9788418908200","status":"publish","type":"product","link":"https:\/\/www.claret.cat\/es\/libro\/fortuny-i-reus-9788418908200\/","title":{"rendered":"FORTUNY I REUS"},"content":{"rendered":"<p>El llibre se centra principalment en l&#8217;etapa de formaci\u00f3 i els primers \u00e8xits de Mari\u00e0 Fortuny Marsal (Reus, 1838 \u2013 Roma, 1874), el pintor m\u00e9s reconegut de l&#8217;art vuitcentista catal\u00e0, aix\u00ed com en la relaci\u00f3 que va mantenir en aquest per\u00edode amb la seva ciutat natal, aspectes molt poc tractats per la historiografia sobre aquest artista. El llibre dona a con\u00e8ixer un gran nombre de not\u00edcies in\u00e8dites sobre les seves primeres exposicions i fa una revisi\u00f3 exhaustiva de la relaci\u00f3 de l&#8221;artista amb la seva ciutat d&#8217;origen, que resulta fonamental per resseguir la traject\u00f2ria de Fortuny i la construcci\u00f3 de la seva imatge llegend\u00e0ria.<\/p>\n","protected":false},"excerpt":{"rendered":"<p>ARNAVAT CARBALLIDO, ALBERT<\/p>\n","protected":false},"featured_media":79600,"template":"","meta":{"_acf_changed":false,"om_disable_all_campaigns":false,"rs_blank_template":"","rs_page_bg_color":"","slide_template_v7":"","inline_featured_image":false,"_monsterinsights_skip_tracking":false,"_monsterinsights_sitenote_active":false,"_monsterinsights_sitenote_note":"","_monsterinsights_sitenote_category":0},"product_brand":[],"product_cat":[110,560,105,555],"product_tag":[],"class_list":{"0":"post-79599","1":"product","2":"type-product","3":"status-publish","4":"has-post-thumbnail","6":"product_cat-art","7":"product_cat-arte","8":"product_cat-regal","9":"product_cat-regalo","11":"first","12":"instock","13":"taxable","14":"shipping-taxable","15":"purchasable","16":"product-type-simple"},"acf":{"editorial":[{"ID":6392,"post_author":"3","post_date":"2022-07-28 17:51:10","post_date_gmt":"2022-07-28 15:51:10","post_content":"","post_title":"Viena","post_excerpt":"","post_status":"publish","comment_status":"closed","ping_status":"closed","post_password":"","post_name":"viena","to_ping":"","pinged":"","post_modified":"2022-07-28 17:51:10","post_modified_gmt":"2022-07-28 15:51:10","post_content_filtered":"","post_parent":0,"guid":"http:\/\/dev.claret.cat\/editorial\/viena\/","menu_order":0,"post_type":"editorial","post_mime_type":"","comment_count":"0","filter":"raw"}],"autor":"ARNAVAT CARBALLIDO, ALBERT","codart":"841890820","libros-coleccion":"Art","ediciones":"1","encuadernacion":"Carton\u00e9","fecha_de_publicacion":"01\/10\/2021","novedad":"1","paginas":"216","subtitulo":"LA CONSTRUCCI\u00d3 D'UN MITE","orden":"0","portada":"0","idioma":"cat","autores-libros":[{"ID":149393,"post_author":"3","post_date":"2022-10-14 14:24:30","post_date_gmt":"2022-10-14 12:24:30","post_content":"","post_title":"ALBERT ARNAVAT CARBALLIDO","post_excerpt":"","post_status":"publish","comment_status":"closed","ping_status":"closed","post_password":"","post_name":"albert-arnavat-carballido","to_ping":"","pinged":"","post_modified":"2022-10-14 14:24:30","post_modified_gmt":"2022-10-14 12:24:30","post_content_filtered":"","post_parent":0,"guid":"http:\/\/dev.claret.cat\/autor\/albert-arnavat-carballido\/","menu_order":0,"post_type":"autor","post_mime_type":"","comment_count":"0","filter":"raw"}]},"aioseo_notices":[],"_links":{"self":[{"href":"https:\/\/www.claret.cat\/es\/wp-json\/wp\/v2\/product\/79599","targetHints":{"allow":["GET"]}}],"collection":[{"href":"https:\/\/www.claret.cat\/es\/wp-json\/wp\/v2\/product"}],"about":[{"href":"https:\/\/www.claret.cat\/es\/wp-json\/wp\/v2\/types\/product"}],"wp:featuredmedia":[{"embeddable":true,"href":"https:\/\/www.claret.cat\/es\/wp-json\/wp\/v2\/media\/79600"}],"wp:attachment":[{"href":"https:\/\/www.claret.cat\/es\/wp-json\/wp\/v2\/media?parent=79599"}],"wp:term":[{"taxonomy":"product_brand","embeddable":true,"href":"https:\/\/www.claret.cat\/es\/wp-json\/wp\/v2\/product_brand?post=79599"},{"taxonomy":"product_cat","embeddable":true,"href":"https:\/\/www.claret.cat\/es\/wp-json\/wp\/v2\/product_cat?post=79599"},{"taxonomy":"product_tag","embeddable":true,"href":"https:\/\/www.claret.cat\/es\/wp-json\/wp\/v2\/product_tag?post=79599"}],"curies":[{"name":"wp","href":"https:\/\/api.w.org\/{rel}","templated":true}]}}