{"id":79692,"date":"2022-10-11T16:26:06","date_gmt":"2022-10-11T14:26:06","guid":{"rendered":"http:\/\/dev.claret.cat\/producte\/tres-nits-fora-de-casa\/"},"modified":"2025-02-01T00:21:35","modified_gmt":"2025-01-31T23:21:35","slug":"tres-nits-fora-de-casa-9788418375316","status":"publish","type":"product","link":"https:\/\/www.claret.cat\/es\/libro\/tres-nits-fora-de-casa-9788418375316\/","title":{"rendered":"TRES NITS FORA DE CASA"},"content":{"rendered":"<p>Una reflexi\u00f3 sobre els cinquanta, una \u00e8poca de la vida on sembla que ja est\u00e0 tot fet, per\u00f2 que ens permet mirar enrere per tornar a comen\u00e7ar.<\/p>\n<p>Marta Romagosa narra la hist\u00f2ria d&#8221;un grup de dones, amigues totes, que a l&#8221;estiu es troben al mateix lloc. Tres nits fora de casa ambienta l&#8221;amistat d&#8221;aquestes amigues en \u00e8poques diverses de la seva vida. L&#8221;autora ens parla del que \u00e9s ser una dona d&#8221;uns cinquanta anys ara, del mirall deformant de l&#8221;expectativa i la il\u00b7lusi\u00f3 de la joventut vers la realitat de la maduresa. Ens ofereixen una mirada al passat des de l&#8221;experi\u00e8ncia dels anys. <\/p>\n<p>Una data i un lloc per tornar a ser joves, explicar-se la vida i defugir de la realitat quotidiana.<\/p>\n<p>I si als cinquanta encara estigu\u00e9s tot per fer? Marta Romagosa ens demostra que l&#8221;amistat \u00e9s el combustible per un nou comen\u00e7ament.<\/p>\n","protected":false},"excerpt":{"rendered":"<p>ROMAGOSA, MARTA<\/p>\n","protected":false},"featured_media":79693,"template":"","meta":{"_acf_changed":false,"om_disable_all_campaigns":false,"rs_blank_template":"","rs_page_bg_color":"","slide_template_v7":"","inline_featured_image":false,"_monsterinsights_skip_tracking":false,"_monsterinsights_sitenote_active":false,"_monsterinsights_sitenote_note":"","_monsterinsights_sitenote_category":0},"product_brand":[],"product_cat":[127,357],"product_tag":[],"class_list":{"0":"post-79692","1":"product","2":"type-product","3":"status-publish","4":"has-post-thumbnail","6":"product_cat-novella-contemporania","7":"product_cat-novela-contemporanea","9":"first","10":"instock","11":"taxable","12":"shipping-taxable","13":"purchasable","14":"product-type-simple"},"acf":{"editorial":[{"ID":6384,"post_author":"3","post_date":"2022-07-28 17:51:02","post_date_gmt":"2022-07-28 15:51:02","post_content":"","post_title":"Univers Llibres","post_excerpt":"","post_status":"publish","comment_status":"closed","ping_status":"closed","post_password":"","post_name":"univers-llibres","to_ping":"","pinged":"","post_modified":"2022-07-28 17:51:02","post_modified_gmt":"2022-07-28 15:51:02","post_content_filtered":"","post_parent":0,"guid":"http:\/\/dev.claret.cat\/editorial\/univers-llibres\/","menu_order":0,"post_type":"editorial","post_mime_type":"","comment_count":"0","filter":"raw"}],"autor":"ROMAGOSA, MARTA","codart":"841837531","libros-coleccion":"Univers","ediciones":"1","encuadernacion":"R\u00fastica","fecha_de_publicacion":"01\/10\/2021","novedad":"1","paginas":"137","subtitulo":"","orden":"0","portada":"0","idioma":"cat","autores-libros":[{"ID":164212,"post_author":"3","post_date":"2022-10-14 17:45:16","post_date_gmt":"2022-10-14 15:45:16","post_content":"","post_title":"MARTA ROMAGOSA","post_excerpt":"","post_status":"publish","comment_status":"closed","ping_status":"closed","post_password":"","post_name":"marta-romagosa","to_ping":"","pinged":"","post_modified":"2022-10-14 17:45:16","post_modified_gmt":"2022-10-14 15:45:16","post_content_filtered":"","post_parent":0,"guid":"http:\/\/dev.claret.cat\/autor\/marta-romagosa\/","menu_order":0,"post_type":"autor","post_mime_type":"","comment_count":"0","filter":"raw"}]},"aioseo_notices":[],"_links":{"self":[{"href":"https:\/\/www.claret.cat\/es\/wp-json\/wp\/v2\/product\/79692","targetHints":{"allow":["GET"]}}],"collection":[{"href":"https:\/\/www.claret.cat\/es\/wp-json\/wp\/v2\/product"}],"about":[{"href":"https:\/\/www.claret.cat\/es\/wp-json\/wp\/v2\/types\/product"}],"wp:featuredmedia":[{"embeddable":true,"href":"https:\/\/www.claret.cat\/es\/wp-json\/wp\/v2\/media\/79693"}],"wp:attachment":[{"href":"https:\/\/www.claret.cat\/es\/wp-json\/wp\/v2\/media?parent=79692"}],"wp:term":[{"taxonomy":"product_brand","embeddable":true,"href":"https:\/\/www.claret.cat\/es\/wp-json\/wp\/v2\/product_brand?post=79692"},{"taxonomy":"product_cat","embeddable":true,"href":"https:\/\/www.claret.cat\/es\/wp-json\/wp\/v2\/product_cat?post=79692"},{"taxonomy":"product_tag","embeddable":true,"href":"https:\/\/www.claret.cat\/es\/wp-json\/wp\/v2\/product_tag?post=79692"}],"curies":[{"name":"wp","href":"https:\/\/api.w.org\/{rel}","templated":true}]}}