{"id":79758,"date":"2022-10-11T16:27:00","date_gmt":"2022-10-11T14:27:00","guid":{"rendered":"http:\/\/dev.claret.cat\/producte\/isabelle-a-la-tarda\/"},"modified":"2025-02-01T00:28:00","modified_gmt":"2025-01-31T23:28:00","slug":"isabelle-a-la-tarda-9788418375057","status":"publish","type":"product","link":"https:\/\/www.claret.cat\/es\/libro\/isabelle-a-la-tarda-9788418375057\/","title":{"rendered":"ISABELLE A LA TARDA"},"content":{"rendered":"<p>Una novel\u00b7la que ens ensenya com l&#8217;amor pot esdevenir el motiu o l&#8217;excusa de tota una vida.<\/p>\n<p>Abans de la Isabelle no sabia res del sexe; abans de la Isabelle no sabia res de la llibertat; abans de la Isabelle no sabia res de la vida. <\/p>\n<p>Anys setanta. Par\u00eds. En Sam, un estudiant americ\u00e0, coneix una dona en una llibreria. La Isabelle \u00e9s misteriosa, bonica i m\u00e9s gran que en Sam i, a difer\u00e8ncia d&#8217;ell, \u00e9s experimentada en l&#8217;amor i les seves contradiccions. El jove aviat resta captivat per la Isabelle, per\u00f2 l&#8217;anell de casada a la seva m\u00e0 l&#8217;alerta. <\/p>\n<p>El que van comen\u00e7ar com a innocents trobades en un petit apartament parisenc, va acabar donant lloc a un aut\u00e8ntic roman\u00e7 que es perpetuar\u00e0 en el temps. <\/p>\n<p>Isabelle a la tarda \u00e9s una hist\u00f2ria que ens fa pensar sobre el que busquem, el que trobem, amb qu\u00e8 ens conformem, i ens ensenya com l&#8217;amor pot esdevenir el motiu o l&#8217;excusa de tota una vida.<\/p>\n<p>\u00abUn aut\u00e8ntic geni de les novel\u00b7les d&#8217;amor.\u00bb The Times<\/p>\n<p>\u00abUna del\u00edcia; Kennedy \u00e9s un escriptor exigent, h\u00e0bil i enginy\u00f3s.\u00bb Financial Times<\/p>\n<p>\u00abFascinant.\u00bb Sunday Independent<\/p>\n<p>\u00abUna del\u00edcia; Kennedy \u00e9s un escriptor exigent, h\u00e0bil i enginy\u00f3s.\u00bb Publishers Weekly<\/p>\n","protected":false},"excerpt":{"rendered":"<p>KENNEDY, DOUGLAS<\/p>\n","protected":false},"featured_media":79759,"template":"","meta":{"_acf_changed":false,"om_disable_all_campaigns":false,"rs_blank_template":"","rs_page_bg_color":"","slide_template_v7":"","inline_featured_image":false,"_monsterinsights_skip_tracking":false,"_monsterinsights_sitenote_active":false,"_monsterinsights_sitenote_note":"","_monsterinsights_sitenote_category":0},"product_brand":[],"product_cat":[127,357],"product_tag":[],"class_list":{"0":"post-79758","1":"product","2":"type-product","3":"status-publish","4":"has-post-thumbnail","6":"product_cat-novella-contemporania","7":"product_cat-novela-contemporanea","9":"first","10":"instock","11":"taxable","12":"shipping-taxable","13":"purchasable","14":"product-type-simple"},"acf":{"editorial":[{"ID":6384,"post_author":"3","post_date":"2022-07-28 17:51:02","post_date_gmt":"2022-07-28 15:51:02","post_content":"","post_title":"Univers Llibres","post_excerpt":"","post_status":"publish","comment_status":"closed","ping_status":"closed","post_password":"","post_name":"univers-llibres","to_ping":"","pinged":"","post_modified":"2022-07-28 17:51:02","post_modified_gmt":"2022-07-28 15:51:02","post_content_filtered":"","post_parent":0,"guid":"http:\/\/dev.claret.cat\/editorial\/univers-llibres\/","menu_order":0,"post_type":"editorial","post_mime_type":"","comment_count":"0","filter":"raw"}],"autor":"KENNEDY, DOUGLAS","codart":"841837505","libros-coleccion":"Univers","ediciones":"1","encuadernacion":"R\u00fastica","fecha_de_publicacion":"01\/10\/2021","novedad":"1","paginas":"332","subtitulo":"","orden":"0","portada":"0","idioma":"cat","autores-libros":[{"ID":154339,"post_author":"3","post_date":"2022-10-14 15:04:02","post_date_gmt":"2022-10-14 13:04:02","post_content":"","post_title":"DOUGLAS KENNEDY","post_excerpt":"","post_status":"publish","comment_status":"closed","ping_status":"closed","post_password":"","post_name":"douglas-kennedy","to_ping":"","pinged":"","post_modified":"2022-10-14 15:04:02","post_modified_gmt":"2022-10-14 13:04:02","post_content_filtered":"","post_parent":0,"guid":"http:\/\/dev.claret.cat\/autor\/douglas-kennedy\/","menu_order":0,"post_type":"autor","post_mime_type":"","comment_count":"0","filter":"raw"}]},"aioseo_notices":[],"_links":{"self":[{"href":"https:\/\/www.claret.cat\/es\/wp-json\/wp\/v2\/product\/79758","targetHints":{"allow":["GET"]}}],"collection":[{"href":"https:\/\/www.claret.cat\/es\/wp-json\/wp\/v2\/product"}],"about":[{"href":"https:\/\/www.claret.cat\/es\/wp-json\/wp\/v2\/types\/product"}],"wp:featuredmedia":[{"embeddable":true,"href":"https:\/\/www.claret.cat\/es\/wp-json\/wp\/v2\/media\/79759"}],"wp:attachment":[{"href":"https:\/\/www.claret.cat\/es\/wp-json\/wp\/v2\/media?parent=79758"}],"wp:term":[{"taxonomy":"product_brand","embeddable":true,"href":"https:\/\/www.claret.cat\/es\/wp-json\/wp\/v2\/product_brand?post=79758"},{"taxonomy":"product_cat","embeddable":true,"href":"https:\/\/www.claret.cat\/es\/wp-json\/wp\/v2\/product_cat?post=79758"},{"taxonomy":"product_tag","embeddable":true,"href":"https:\/\/www.claret.cat\/es\/wp-json\/wp\/v2\/product_tag?post=79758"}],"curies":[{"name":"wp","href":"https:\/\/api.w.org\/{rel}","templated":true}]}}