{"id":798159,"date":"2023-09-19T10:58:30","date_gmt":"2023-09-19T08:58:30","guid":{"rendered":"https:\/\/www.claret.cat\/llibre\/lo-que-esta-mal-en-el-mundo-9788496834736\/"},"modified":"2025-01-23T12:10:09","modified_gmt":"2025-01-23T11:10:09","slug":"lo-que-esta-mal-en-el-mundo-9788496834736","status":"publish","type":"product","link":"https:\/\/www.claret.cat\/es\/libro\/lo-que-esta-mal-en-el-mundo-9788496834736\/","title":{"rendered":"LO QUE EST\u00c1 MAL EN EL MUNDO"},"content":{"rendered":"<p>\u00abTodo libro de investigaci\u00f3n social moderna tiene una estructura de alg\u00fan modo muy definida. Empieza por regla general con un an\u00e1lisis, con estad\u00edsticas, tablas de poblaci\u00f3n, la disminuci\u00f3n de la delincuencia entre los congregacionistas, el crecimiento de la histeria entre los polic\u00edas y otros hechos igualmente comprobados; acaba con un cap\u00edtulo que normalmente se llama &#8216;La soluci\u00f3n&#8217;. Suele deberse casi enteramente a este cuidadoso, s\u00f3lido y cient\u00edfico m\u00e9todo el hecho de que &#8216;La soluci\u00f3n&#8217; nunca se encuentre, pues este esquema de preguntas y respuestas m\u00e9dicas es un disparate; el primer gran disparate de la sociolog\u00eda. Siempre debe declararse la enfermedad antes de que encontremos la cura. Pero es la entera definici\u00f3n y dignidad del hombre lo que, en cuestiones sociales, nos impone encontrar la cura antes de encontrar la enfermedad\u00bb.<\/p>\n","protected":false},"excerpt":{"rendered":"<p>CHESTERTON, G.K.<\/p>\n","protected":false},"featured_media":798160,"template":"","meta":{"_acf_changed":false,"om_disable_all_campaigns":false,"rs_blank_template":"","rs_page_bg_color":"","slide_template_v7":"","inline_featured_image":false,"_monsterinsights_skip_tracking":false,"_monsterinsights_sitenote_active":false,"_monsterinsights_sitenote_note":"","_monsterinsights_sitenote_category":0},"product_brand":[],"product_cat":[279,509,288,514],"product_tag":[],"class_list":{"0":"post-798159","1":"product","2":"type-product","3":"status-publish","4":"has-post-thumbnail","6":"product_cat-antropologia-teologica","7":"product_cat-antropologia-teologica-teologia-1_espiritualidad","8":"product_cat-moral-fonamental","9":"product_cat-moral-fundamental","11":"first","12":"instock","13":"taxable","14":"shipping-taxable","15":"purchasable","16":"product-type-simple"},"acf":{"autor":"CHESTERTON, G.K.","codart":"849683473","libros-coleccion":"El Acantilado","ediciones":"1","encuadernacion":"R\u00fastica","fecha_de_publicacion":"01\/05\/2008","novedad":"0","paginas":"256","subtitulo":"","orden":"0","portada":"0","idioma":"spa","editorial":[{"ID":6111,"post_author":"3","post_date":"2022-07-28 17:45:08","post_date_gmt":"2022-07-28 15:45:08","post_content":"","post_title":"ACANTILADO","post_excerpt":"","post_status":"publish","comment_status":"closed","ping_status":"closed","post_password":"","post_name":"acantilado","to_ping":"","pinged":"","post_modified":"2022-07-28 17:45:08","post_modified_gmt":"2022-07-28 15:45:08","post_content_filtered":"","post_parent":0,"guid":"http:\/\/dev.claret.cat\/editorial\/acantilado\/","menu_order":0,"post_type":"editorial","post_mime_type":"","comment_count":"0","filter":"raw"}],"autores-libros":[{"ID":5501,"post_author":"3","post_date":"2022-07-28 17:25:20","post_date_gmt":"2022-07-28 15:25:20","post_content":"","post_title":"G.K. CHESTERTON","post_excerpt":"","post_status":"publish","comment_status":"closed","ping_status":"closed","post_password":"","post_name":"g-k-chesterton","to_ping":"","pinged":"","post_modified":"2022-07-28 17:25:20","post_modified_gmt":"2022-07-28 15:25:20","post_content_filtered":"","post_parent":0,"guid":"http:\/\/dev.claret.cat\/autor\/g-k-chesterton\/","menu_order":0,"post_type":"autor","post_mime_type":"","comment_count":"0","filter":"raw"}]},"aioseo_notices":[],"_links":{"self":[{"href":"https:\/\/www.claret.cat\/es\/wp-json\/wp\/v2\/product\/798159","targetHints":{"allow":["GET"]}}],"collection":[{"href":"https:\/\/www.claret.cat\/es\/wp-json\/wp\/v2\/product"}],"about":[{"href":"https:\/\/www.claret.cat\/es\/wp-json\/wp\/v2\/types\/product"}],"wp:featuredmedia":[{"embeddable":true,"href":"https:\/\/www.claret.cat\/es\/wp-json\/wp\/v2\/media\/798160"}],"wp:attachment":[{"href":"https:\/\/www.claret.cat\/es\/wp-json\/wp\/v2\/media?parent=798159"}],"wp:term":[{"taxonomy":"product_brand","embeddable":true,"href":"https:\/\/www.claret.cat\/es\/wp-json\/wp\/v2\/product_brand?post=798159"},{"taxonomy":"product_cat","embeddable":true,"href":"https:\/\/www.claret.cat\/es\/wp-json\/wp\/v2\/product_cat?post=798159"},{"taxonomy":"product_tag","embeddable":true,"href":"https:\/\/www.claret.cat\/es\/wp-json\/wp\/v2\/product_tag?post=798159"}],"curies":[{"name":"wp","href":"https:\/\/api.w.org\/{rel}","templated":true}]}}