{"id":79828,"date":"2022-10-11T16:27:59","date_gmt":"2022-10-11T14:27:59","guid":{"rendered":"http:\/\/dev.claret.cat\/producte\/peanut-jones-i-la-ciutat-il%c2%b7lustrada\/"},"modified":"2024-04-24T17:55:05","modified_gmt":"2024-04-24T15:55:05","slug":"peanut-jones-i-la-ciutat-illustrada-9788448952891","status":"publish","type":"product","link":"https:\/\/www.claret.cat\/es\/libro\/peanut-jones-i-la-ciutat-illustrada-9788448952891\/","title":{"rendered":"PEANUT JONES I LA CIUTAT IL\u00b7LUSTRADA"},"content":{"rendered":"<p>Dibuixar per a la Peanut Jones \u00e9s quelcom m\u00e0gic.<br \/> Per\u00f2 l&#8221;art no pot resoldre els seus problemes.<br \/> El seu pare ha desaparegut i ella est\u00e0 atrapada en una escola nova i avorrida. I aix\u00ed segueix fins un dia que un dia troba un llapis amb poders especials. De sobte, s&#8221;endinsa en un m\u00f3n amb m\u00e9s color, creativitat, emoci\u00f3 i perill del que mai no s&#8221;hauria pogut imaginar. Tal vegada, nom\u00e9s tal vegada, podr\u00e0 descobrir el que li va passar al seu pare.<br \/> Algunes llegendes neixen de la punta d&#8221;un llapis&#8230; <\/p>\n<p> El geni creatiu Rob Biddulph fascina amb una s\u00e8rie plena de m\u00e0gia, aventures, amistat i art.<\/p>\n","protected":false},"excerpt":{"rendered":"<p>BIDDULPH, ROB<\/p>\n","protected":false},"featured_media":79829,"template":"","meta":{"_acf_changed":false,"om_disable_all_campaigns":false,"rs_blank_template":"","rs_page_bg_color":"","slide_template_v7":"","inline_featured_image":false,"_monsterinsights_skip_tracking":false,"_monsterinsights_sitenote_active":false,"_monsterinsights_sitenote_note":"","_monsterinsights_sitenote_category":0},"product_brand":[],"product_cat":[132,362],"product_tag":[],"class_list":{"0":"post-79828","1":"product","2":"type-product","3":"status-publish","4":"has-post-thumbnail","6":"product_cat-lectures-per-preadolescents-6-12-anys","7":"product_cat-libros-preadolescentes-6-12-anos","9":"first","10":"instock","11":"taxable","12":"shipping-taxable","13":"purchasable","14":"product-type-simple"},"acf":{"autor":"BIDDULPH, ROB","codart":"844895289","libros-coleccion":"","ediciones":"1","encuadernacion":"Carton\u00e9","fecha_de_publicacion":"01\/10\/2021","novedad":"1","paginas":"383","subtitulo":"","orden":"0","portada":"0","idioma":"cat","editorial":[{"ID":147525,"post_author":"3","post_date":"2022-10-14 11:51:14","post_date_gmt":"2022-10-14 09:51:14","post_content":"","post_title":"BARCANOVA","post_excerpt":"","post_status":"publish","comment_status":"closed","ping_status":"closed","post_password":"","post_name":"barcanova","to_ping":"","pinged":"","post_modified":"2022-10-14 11:51:14","post_modified_gmt":"2022-10-14 09:51:14","post_content_filtered":"","post_parent":0,"guid":"http:\/\/dev.claret.cat\/editorial\/barcanova\/","menu_order":0,"post_type":"editorial","post_mime_type":"","comment_count":"0","filter":"raw"}],"autores-libros":[{"ID":168159,"post_author":"3","post_date":"2022-10-14 18:17:00","post_date_gmt":"2022-10-14 16:17:00","post_content":"","post_title":"ROB BIDDULPH","post_excerpt":"","post_status":"publish","comment_status":"closed","ping_status":"closed","post_password":"","post_name":"rob-biddulph","to_ping":"","pinged":"","post_modified":"2022-10-14 18:17:00","post_modified_gmt":"2022-10-14 16:17:00","post_content_filtered":"","post_parent":0,"guid":"http:\/\/dev.claret.cat\/autor\/rob-biddulph\/","menu_order":0,"post_type":"autor","post_mime_type":"","comment_count":"0","filter":"raw"}]},"aioseo_notices":[],"_links":{"self":[{"href":"https:\/\/www.claret.cat\/es\/wp-json\/wp\/v2\/product\/79828","targetHints":{"allow":["GET"]}}],"collection":[{"href":"https:\/\/www.claret.cat\/es\/wp-json\/wp\/v2\/product"}],"about":[{"href":"https:\/\/www.claret.cat\/es\/wp-json\/wp\/v2\/types\/product"}],"wp:featuredmedia":[{"embeddable":true,"href":"https:\/\/www.claret.cat\/es\/wp-json\/wp\/v2\/media\/79829"}],"wp:attachment":[{"href":"https:\/\/www.claret.cat\/es\/wp-json\/wp\/v2\/media?parent=79828"}],"wp:term":[{"taxonomy":"product_brand","embeddable":true,"href":"https:\/\/www.claret.cat\/es\/wp-json\/wp\/v2\/product_brand?post=79828"},{"taxonomy":"product_cat","embeddable":true,"href":"https:\/\/www.claret.cat\/es\/wp-json\/wp\/v2\/product_cat?post=79828"},{"taxonomy":"product_tag","embeddable":true,"href":"https:\/\/www.claret.cat\/es\/wp-json\/wp\/v2\/product_tag?post=79828"}],"curies":[{"name":"wp","href":"https:\/\/api.w.org\/{rel}","templated":true}]}}