{"id":79936,"date":"2022-10-11T16:29:37","date_gmt":"2022-10-11T14:29:37","guid":{"rendered":"http:\/\/dev.claret.cat\/producte\/alberto-y-la-ballena\/"},"modified":"2024-02-07T14:43:31","modified_gmt":"2024-02-07T13:43:31","slug":"alberto-y-la-ballena-9788418217449","status":"publish","type":"product","link":"https:\/\/www.claret.cat\/es\/libro\/alberto-y-la-ballena-9788418217449\/","title":{"rendered":"ALBERTO Y LA BALLENA"},"content":{"rendered":"<p>Un viaje caleidosc\u00f3pico a trav\u00e9s del mar, el arte y la vida.<\/p>\n<p> En 1520, Alberto Durero, el artista m\u00e1s famoso del norte de Europa, zarp\u00f3 ansioso hasta Zelanda, una de las doce provincias costeras de los Pa\u00edses Bajos, para ver por primera vez una ballena. Nadie pintaba o dibujaba el mundo como \u00e9l y sus representaciones capturaban el fr\u00e1gil esp\u00edritu de las bestias, las personas y la naturaleza. Su arte fue una revelaci\u00f3n que ha perdurado hasta nuestros d\u00edas: nos mostr\u00f3 qui\u00e9nes somos y predijo nuestro futuro. <\/p>\n<p> Sin embargo, Durero estaba hundido en la melancol\u00eda: acababa de perder el respaldo de su mecenas, el sacro emperador romano, y deseaba conocer mundo. En este momento de su vida, la ballena se convirti\u00f3 en su ambici\u00f3n final.<\/p>\n<p> Esta es la historia de un genio en busca de su propio Leviat\u00e1n, y nadie mejor que Philip Hoare para relatar este fascinante viaje a trav\u00e9s del arte y el mundo que nos rodea y que explora el fuerte v\u00ednculo entre la pasi\u00f3n creativa y la naturaleza, desde el taller de un visionario hasta el oc\u00e9ano. Desfilan por sus p\u00e1ginas alquimistas medievales y poetas modernistas, emperadores exc\u00e9ntricos, almas rebeldes y artistas prof\u00e9ticos cuyas vidas y aventuras nos llevan a preguntarnos qu\u00e9 es real y qu\u00e9 es fantas\u00eda en el arte, y si este tiene el poder de salvarnos.<\/p>\n","protected":false},"excerpt":{"rendered":"<p>HOARE, PHILIP<\/p>\n","protected":false},"featured_media":79937,"template":"","meta":{"_acf_changed":false,"om_disable_all_campaigns":false,"rs_blank_template":"","rs_page_bg_color":"","slide_template_v7":"","inline_featured_image":false,"_monsterinsights_skip_tracking":false,"_monsterinsights_sitenote_active":false,"_monsterinsights_sitenote_note":"","_monsterinsights_sitenote_category":0},"product_brand":[],"product_cat":[110,560],"product_tag":[],"class_list":{"0":"post-79936","1":"product","2":"type-product","3":"status-publish","4":"has-post-thumbnail","6":"product_cat-art","7":"product_cat-arte","9":"first","10":"instock","11":"taxable","12":"shipping-taxable","13":"purchasable","14":"product-type-simple"},"acf":{"editorial":[{"ID":6131,"post_author":"3","post_date":"2022-07-28 17:45:33","post_date_gmt":"2022-07-28 15:45:33","post_content":"","post_title":"ATICO DE LOS LIBROS","post_excerpt":"","post_status":"publish","comment_status":"closed","ping_status":"closed","post_password":"","post_name":"atico-de-los-libros","to_ping":"","pinged":"","post_modified":"2022-07-28 17:45:33","post_modified_gmt":"2022-07-28 15:45:33","post_content_filtered":"","post_parent":0,"guid":"http:\/\/dev.claret.cat\/editorial\/atico-de-los-libros\/","menu_order":0,"post_type":"editorial","post_mime_type":"","comment_count":"0","filter":"raw"}],"autor":"HOARE, PHILIP","codart":"841821744","libros-coleccion":"\u00c1tico de los Libros","ediciones":"1","encuadernacion":"R\u00fastica","fecha_de_publicacion":"01\/11\/2021","novedad":"1","paginas":"355","subtitulo":"DURERO Y C\u00d3MO EL ARTE IMAGINA NUESTRO MUNDO","orden":"0","portada":"0","idioma":"spa","autores-libros":[{"ID":167166,"post_author":"3","post_date":"2022-10-14 18:09:03","post_date_gmt":"2022-10-14 16:09:03","post_content":"","post_title":"PHILIP HOARE","post_excerpt":"","post_status":"publish","comment_status":"closed","ping_status":"closed","post_password":"","post_name":"philip-hoare","to_ping":"","pinged":"","post_modified":"2022-10-14 18:09:03","post_modified_gmt":"2022-10-14 16:09:03","post_content_filtered":"","post_parent":0,"guid":"http:\/\/dev.claret.cat\/autor\/philip-hoare\/","menu_order":0,"post_type":"autor","post_mime_type":"","comment_count":"0","filter":"raw"}]},"aioseo_notices":[],"_links":{"self":[{"href":"https:\/\/www.claret.cat\/es\/wp-json\/wp\/v2\/product\/79936","targetHints":{"allow":["GET"]}}],"collection":[{"href":"https:\/\/www.claret.cat\/es\/wp-json\/wp\/v2\/product"}],"about":[{"href":"https:\/\/www.claret.cat\/es\/wp-json\/wp\/v2\/types\/product"}],"wp:featuredmedia":[{"embeddable":true,"href":"https:\/\/www.claret.cat\/es\/wp-json\/wp\/v2\/media\/79937"}],"wp:attachment":[{"href":"https:\/\/www.claret.cat\/es\/wp-json\/wp\/v2\/media?parent=79936"}],"wp:term":[{"taxonomy":"product_brand","embeddable":true,"href":"https:\/\/www.claret.cat\/es\/wp-json\/wp\/v2\/product_brand?post=79936"},{"taxonomy":"product_cat","embeddable":true,"href":"https:\/\/www.claret.cat\/es\/wp-json\/wp\/v2\/product_cat?post=79936"},{"taxonomy":"product_tag","embeddable":true,"href":"https:\/\/www.claret.cat\/es\/wp-json\/wp\/v2\/product_tag?post=79936"}],"curies":[{"name":"wp","href":"https:\/\/api.w.org\/{rel}","templated":true}]}}