{"id":799530,"date":"2023-09-19T13:04:13","date_gmt":"2023-09-19T11:04:13","guid":{"rendered":"https:\/\/www.claret.cat\/llibre\/linfinit-dins-dun-jonc-9788466430937\/"},"modified":"2024-10-05T13:21:20","modified_gmt":"2024-10-05T11:21:20","slug":"linfinit-dins-dun-jonc-9788466430937","status":"publish","type":"product","link":"https:\/\/www.claret.cat\/es\/libro\/linfinit-dins-dun-jonc-9788466430937\/","title":{"rendered":"L&#8217;INFINIT DINS D&#8217;UN JONC"},"content":{"rendered":"<p>Un dels fen\u00f2mens literaris dels \u00faltims temps. <br \/> Ara, en edici\u00f3 il\u00b7lustrada.<\/p>\n<p> M\u00e9s de 600.000 exemplars venuts.<br \/> Tradu\u00eft a 35 lleng\u00fces.<br \/> 20 guardons, entre els quals el Premio Nacional de Ensayo.<br \/> L&#8221;adaptaci\u00f3 gr\u00e0fica de l&#8221;assaig revelaci\u00f3 del nostre temps <br \/> L&#8221;infinit dins d&#8221;un jonc, d&#8221;Irene Vallejo, \u00e9s un cant extraordinari a l&#8221;amor pels llibres que ha sedu\u00eft milions de persones a tot el m\u00f3n. Aquest llibre sobre llibres pren un nou vol en forma d&#8221;adaptaci\u00f3 gr\u00e0fica a c\u00e0rrec del dibuixant Tyto Alba, les excepcionals il\u00b7lustracions del qual ens traslladen als camps de batalla d&#8221;Alexandre el Gran, als palaus de Cle\u00f2patra, a les primeres llibreries i als tallers de c\u00f2pia manuscrita, per\u00f2 tamb\u00e9 a les fogueres on van cremar c\u00f2dexs prohibits, a la biblioteca bombardejada de Sarajevo i al laberint subterrani d&#8221;Oxford l&#8221;any 2000. Aquests dibuixos i aquarel\u00b7les, que expliquen la hist\u00f2ria d&#8221;un artefacte incomparable nascut fa cinc mil\u00b7lennis, quan els egipcis van descobrir el potencial d&#8221;un jonc al qual van anomenar papir, ens fan part\u00edcips de l&#8221;aventura col\u00b7lectiva dels qui han salvaguardat els llibres des d&#8221;aleshores.<br \/> \u00abUn testimoni preci\u00f3s d&#8221;amor pels cl\u00e0ssics, els llibres, les biblioteques i la lectura\u00bb. Nuccio Ordine<\/p>\n<p> * Premio Nacional de Ensayo * Premi de l&#8221;Asociaci\u00f3n de las Librer\u00edas de Madrid * Premi El Ojo Cr\u00edtico de Narrativa * Premi Las Librer\u00edas Recomiendan * Premi Jos\u00e9 Antonio Labordeta * Premi B\u00faho al Mejor Libro * Premi Antonio Sancha de los Editores * Premi Arag\u00f3n 2021 * Premi Wenjin 2023 de la Biblioteca Nacional de Xina * Premi Henr\u00edquez Ure\u00f1a 2022 de la Academia Mexicana de la Lengua * Finalista del Prix du Livre Europ\u00e9en 2020 *<\/p>\n","protected":false},"excerpt":{"rendered":"<p>VALLEJO MOREU, IRENE \/ ALBA, TYTO<\/p>\n","protected":false},"featured_media":962958,"template":"","meta":{"_acf_changed":false,"om_disable_all_campaigns":false,"rs_blank_template":"","rs_page_bg_color":"","slide_template_v7":"","inline_featured_image":false,"_monsterinsights_skip_tracking":false,"_monsterinsights_sitenote_active":false,"_monsterinsights_sitenote_note":"","_monsterinsights_sitenote_category":0},"product_brand":[],"product_cat":[105,555],"product_tag":[],"class_list":{"0":"post-799530","1":"product","2":"type-product","3":"status-publish","4":"has-post-thumbnail","6":"product_cat-regal","7":"product_cat-regalo","9":"first","10":"instock","11":"taxable","12":"shipping-taxable","13":"purchasable","14":"product-type-simple"},"acf":{"autor":"VALLEJO MOREU, IRENE \/ ALBA, TYTO","codart":"846643093","libros-coleccion":"FORA DE COL.LECCI\u00d3","ediciones":"1","encuadernacion":"Carton\u00e9","fecha_de_publicacion":"01\/09\/2023","novedad":"1","paginas":"183","subtitulo":"","orden":"0","portada":"0","idioma":"cat","editorial":[{"ID":6166,"post_author":"3","post_date":"2022-07-28 17:46:19","post_date_gmt":"2022-07-28 15:46:19","post_content":"","post_title":"Columna CAT","post_excerpt":"","post_status":"publish","comment_status":"closed","ping_status":"closed","post_password":"","post_name":"columna-cat","to_ping":"","pinged":"","post_modified":"2022-07-28 17:46:19","post_modified_gmt":"2022-07-28 15:46:19","post_content_filtered":"","post_parent":0,"guid":"http:\/\/dev.claret.cat\/editorial\/columna-cat\/","menu_order":0,"post_type":"editorial","post_mime_type":"","comment_count":"0","filter":"raw"}],"autores-libros":[{"ID":158004,"post_author":"3","post_date":"2022-10-14 15:33:23","post_date_gmt":"2022-10-14 13:33:23","post_content":"","post_title":"IRENE VALLEJO MOREU","post_excerpt":"","post_status":"publish","comment_status":"closed","ping_status":"closed","post_password":"","post_name":"irene-vallejo-moreu","to_ping":"","pinged":"","post_modified":"2022-10-14 15:33:23","post_modified_gmt":"2022-10-14 13:33:23","post_content_filtered":"","post_parent":0,"guid":"http:\/\/dev.claret.cat\/autor\/irene-vallejo-moreu\/","menu_order":0,"post_type":"autor","post_mime_type":"","comment_count":"0","filter":"raw"},{"ID":170671,"post_author":"3","post_date":"2022-10-14 22:37:14","post_date_gmt":"2022-10-14 20:37:14","post_content":"","post_title":"TYTO ALBA","post_excerpt":"","post_status":"publish","comment_status":"closed","ping_status":"closed","post_password":"","post_name":"tyto-alba","to_ping":"","pinged":"","post_modified":"2022-10-14 22:37:14","post_modified_gmt":"2022-10-14 20:37:14","post_content_filtered":"","post_parent":0,"guid":"http:\/\/dev.claret.cat\/autor\/tyto-alba\/","menu_order":0,"post_type":"autor","post_mime_type":"","comment_count":"0","filter":"raw"}]},"aioseo_notices":[],"_links":{"self":[{"href":"https:\/\/www.claret.cat\/es\/wp-json\/wp\/v2\/product\/799530","targetHints":{"allow":["GET"]}}],"collection":[{"href":"https:\/\/www.claret.cat\/es\/wp-json\/wp\/v2\/product"}],"about":[{"href":"https:\/\/www.claret.cat\/es\/wp-json\/wp\/v2\/types\/product"}],"wp:featuredmedia":[{"embeddable":true,"href":"https:\/\/www.claret.cat\/es\/wp-json\/wp\/v2\/media\/962958"}],"wp:attachment":[{"href":"https:\/\/www.claret.cat\/es\/wp-json\/wp\/v2\/media?parent=799530"}],"wp:term":[{"taxonomy":"product_brand","embeddable":true,"href":"https:\/\/www.claret.cat\/es\/wp-json\/wp\/v2\/product_brand?post=799530"},{"taxonomy":"product_cat","embeddable":true,"href":"https:\/\/www.claret.cat\/es\/wp-json\/wp\/v2\/product_cat?post=799530"},{"taxonomy":"product_tag","embeddable":true,"href":"https:\/\/www.claret.cat\/es\/wp-json\/wp\/v2\/product_tag?post=799530"}],"curies":[{"name":"wp","href":"https:\/\/api.w.org\/{rel}","templated":true}]}}