{"id":799882,"date":"2023-09-19T13:51:30","date_gmt":"2023-09-19T11:51:30","guid":{"rendered":"https:\/\/www.claret.cat\/llibre\/superpedorro-un-cuento-para-conocer-los-bichitos-que-tenemos-en-la-tripa-9788408274582\/"},"modified":"2023-10-11T00:49:09","modified_gmt":"2023-10-10T22:49:09","slug":"superpedorro-un-cuento-para-conocer-los-bichitos-que-tenemos-en-la-tripa-9788408274582","status":"publish","type":"product","link":"https:\/\/www.claret.cat\/es\/libro\/superpedorro-un-cuento-para-conocer-los-bichitos-que-tenemos-en-la-tripa-9788408274582\/","title":{"rendered":"SUPERPEDORRO. UN CUENTO PARA CONOCER LOS BICHITOS QUE TENEMOS EN LA TRIPA"},"content":{"rendered":"<p>Un cuento perfecto para conocer la microbiota y entender qu\u00e9 nos pasa cuando nos duele la tripa.El\u00edas es un ni\u00f1o que se tira unos pedos enormes, es conocido en todo su barrio como Superpedorro. \u00c9l lo considera un superpoder. Sin embargo, un d\u00eda algo va mal: le duele la tripa, sus pedos huelen peor que nunca y empieza a hacer cacas l\u00edquidas. El m\u00e9dico le diagnosticar\u00e1 una gastroenteritis y le contar\u00e1 c\u00f3mo sus bichitos intestinales est\u00e1n batallando contra este virus. Luego, le dar\u00e1 consejos sobre c\u00f3mo vencerlo para poder volver a su vida normal. Eso s\u00ed, los pedos, por supuesto, \u00a1mejor fuera que dentro!<br \/> Es un libro ideal para que los m\u00e1s peque\u00f1os\u2026<\/p>\n<p> Entiendan qu\u00e9 pasa dentro de sus barrigas cuando se les hincha, cuando tienen diarrea o cuando empiezan a tirarse pedos que huelen mal.<br \/> No les d\u00e9 verg\u00fcenza pedir ayuda cuando tienen muchos gases o dolor en la tripa.<br \/> Se sientan identificados con la experiencia de El\u00edas.<br \/> Sepan lo que hay que hacer para cuidar su microbiota y sentirse mejor.<\/p>\n<p> El intestino se conoce por ser nuestro \u201csegundo cerebro\u201d y es importante estar atentos a lo que le pasa, puesto que puede ser un foco al que van ligadas muchas otras enfermedades. En este sentido, este libro nos introduce el t\u00e9rmino de la microbiota y lo importante que resulta para nuestra salud.<br \/> Gracias a \u00c1ngela Quintas, Qu\u00edmica cl\u00ednica, experta en Nutrici\u00f3n Humana y Microbiota, las familias podr\u00e1n explicar con facilidad a sus peque\u00f1os c\u00f3mo detectar y sanar el dolor de tripa.<br \/> Adem\u00e1s, en este libro encontrar\u00e1s\u2026<\/p>\n<p> Un cuento con un mont\u00f3n de ilustraciones divertidas.<br \/> Tips para conseguir un buen tr\u00e1nsito intestinal.<br \/> Informaci\u00f3n para familias sobre la forma de las heces y c\u00f3mo observarlas para saber en qu\u00e9 estado se encuentra la tripa.<br \/> Una explicaci\u00f3n f\u00e1cil de lo que es la microbiota y su importancia dentro del proceso digestivo.<br \/> Una peque\u00f1a gu\u00eda sobre la posici\u00f3n ideal para hacer caca.<br \/> Curiosidades sobre nuestro intestino y las cacas en general.<\/p>\n<p> \u00a1Un libro divertido y desenfadado con el que hablar de pedos y cacas sin pelos en la lengua!<br \/> Recomendando a partir de 3 a\u00f1os.<\/p>\n","protected":false},"excerpt":{"rendered":"<p>QUINTAS, \u00c1NGELA<\/p>\n","protected":false},"featured_media":799883,"template":"","meta":{"_acf_changed":false,"om_disable_all_campaigns":false,"rs_blank_template":"","rs_page_bg_color":"","slide_template_v7":"","inline_featured_image":false,"_monsterinsights_skip_tracking":false,"_monsterinsights_sitenote_active":false,"_monsterinsights_sitenote_note":"","_monsterinsights_sitenote_category":0},"product_brand":[],"product_cat":[132,362],"product_tag":[],"class_list":{"0":"post-799882","1":"product","2":"type-product","3":"status-publish","4":"has-post-thumbnail","6":"product_cat-lectures-per-preadolescents-6-12-anys","7":"product_cat-libros-preadolescentes-6-12-anos","9":"first","10":"instock","11":"taxable","12":"shipping-taxable","13":"purchasable","14":"product-type-simple"},"acf":{"autor":"QUINTAS, \u00c1NGELA","codart":"840827458","libros-coleccion":"FORA DE COL.LECCI\u00d3","ediciones":"1","encuadernacion":"Carton\u00e9","fecha_de_publicacion":"01\/09\/2023","novedad":"1","paginas":"45","subtitulo":"","orden":"0","portada":"0","idioma":"spa","editorial":[{"ID":6233,"post_author":"3","post_date":"2022-07-28 17:47:48","post_date_gmt":"2022-07-28 15:47:48","post_content":"","post_title":"EDITORIAL PLANETA","post_excerpt":"","post_status":"publish","comment_status":"closed","ping_status":"closed","post_password":"","post_name":"editorial-planeta","to_ping":"","pinged":"","post_modified":"2022-07-28 17:47:48","post_modified_gmt":"2022-07-28 15:47:48","post_content_filtered":"","post_parent":0,"guid":"http:\/\/dev.claret.cat\/editorial\/editorial-planeta\/","menu_order":0,"post_type":"editorial","post_mime_type":"","comment_count":"0","filter":"raw"}],"autores-libros":[{"ID":150439,"post_author":"3","post_date":"2022-10-14 14:32:58","post_date_gmt":"2022-10-14 12:32:58","post_content":"","post_title":"\u00c1NGELA QUINTAS","post_excerpt":"","post_status":"publish","comment_status":"closed","ping_status":"closed","post_password":"","post_name":"angela-quintas","to_ping":"","pinged":"","post_modified":"2022-10-14 14:32:58","post_modified_gmt":"2022-10-14 12:32:58","post_content_filtered":"","post_parent":0,"guid":"http:\/\/dev.claret.cat\/autor\/angela-quintas\/","menu_order":0,"post_type":"autor","post_mime_type":"","comment_count":"0","filter":"raw"}]},"aioseo_notices":[],"_links":{"self":[{"href":"https:\/\/www.claret.cat\/es\/wp-json\/wp\/v2\/product\/799882","targetHints":{"allow":["GET"]}}],"collection":[{"href":"https:\/\/www.claret.cat\/es\/wp-json\/wp\/v2\/product"}],"about":[{"href":"https:\/\/www.claret.cat\/es\/wp-json\/wp\/v2\/types\/product"}],"wp:featuredmedia":[{"embeddable":true,"href":"https:\/\/www.claret.cat\/es\/wp-json\/wp\/v2\/media\/799883"}],"wp:attachment":[{"href":"https:\/\/www.claret.cat\/es\/wp-json\/wp\/v2\/media?parent=799882"}],"wp:term":[{"taxonomy":"product_brand","embeddable":true,"href":"https:\/\/www.claret.cat\/es\/wp-json\/wp\/v2\/product_brand?post=799882"},{"taxonomy":"product_cat","embeddable":true,"href":"https:\/\/www.claret.cat\/es\/wp-json\/wp\/v2\/product_cat?post=799882"},{"taxonomy":"product_tag","embeddable":true,"href":"https:\/\/www.claret.cat\/es\/wp-json\/wp\/v2\/product_tag?post=799882"}],"curies":[{"name":"wp","href":"https:\/\/api.w.org\/{rel}","templated":true}]}}