{"id":800060,"date":"2023-09-19T14:10:27","date_gmt":"2023-09-19T12:10:27","guid":{"rendered":"https:\/\/www.claret.cat\/llibre\/el-demonio-y-la-senorita-prym-9788408276838\/"},"modified":"2024-02-16T17:40:19","modified_gmt":"2024-02-16T16:40:19","slug":"el-demonio-y-la-senorita-prym-9788408276838","status":"publish","type":"product","link":"https:\/\/www.claret.cat\/es\/libro\/el-demonio-y-la-senorita-prym-9788408276838\/","title":{"rendered":"EL DEMONIO Y LA SE\u00d1ORITA PRYM"},"content":{"rendered":"<p>Una batalla decisiva entre el Bien y el Mal.Por el autor del bestseller internacional El Alquimista.<br \/> Una comunidad dividida por la codicia, la cobard\u00eda y el miedo. Un hombre perseguido por el fantasma de un pasado doloroso. Una joven en busca de la felicidad. Siete d\u00edas, un breve periodo durante el cual el bien y el mal librar\u00e1n una batalla decisiva y cada personaje decidir\u00e1 a cu\u00e1l de los dos bandos pertenece.<br \/> La peque\u00f1a aldea de Viscos es el escenario de esta lucha inquietante. Con la llegada de un extranjero, todo el pueblo se convierte en c\u00f3mplice de una trama perversa que marcar\u00e1 la historia de sus habitantes para siempre. El extranjero ha viajado desde muy lejos para encontrar la respuesta a una pregunta que lo atormenta: \u00bflos seres humanos son buenos o malos por naturaleza?<br \/> \u00abEl desaf\u00edo no espera. La vida no mira hacia atr\u00e1s.\u00bb<\/p>\n","protected":false},"excerpt":{"rendered":"<p>COELHO, PAULO<\/p>\n","protected":false},"featured_media":800061,"template":"","meta":{"_acf_changed":false,"om_disable_all_campaigns":false,"rs_blank_template":"","rs_page_bg_color":"","slide_template_v7":"","inline_featured_image":false,"_monsterinsights_skip_tracking":false,"_monsterinsights_sitenote_active":false,"_monsterinsights_sitenote_note":"","_monsterinsights_sitenote_category":0},"product_brand":[],"product_cat":[127,357],"product_tag":[],"class_list":{"0":"post-800060","1":"product","2":"type-product","3":"status-publish","4":"has-post-thumbnail","6":"product_cat-novella-contemporania","7":"product_cat-novela-contemporanea","9":"first","10":"instock","11":"taxable","12":"shipping-taxable","13":"purchasable","14":"product-type-simple"},"acf":{"autor":"COELHO, PAULO","codart":"840827683","libros-coleccion":"FORA DE COL.LECCI\u00d3","ediciones":"1","encuadernacion":"R\u00fastica","fecha_de_publicacion":"01\/09\/2023","novedad":"1","paginas":"192","subtitulo":"","orden":"0","portada":"0","idioma":"spa","editorial":[{"ID":6233,"post_author":"3","post_date":"2022-07-28 17:47:48","post_date_gmt":"2022-07-28 15:47:48","post_content":"","post_title":"EDITORIAL PLANETA","post_excerpt":"","post_status":"publish","comment_status":"closed","ping_status":"closed","post_password":"","post_name":"editorial-planeta","to_ping":"","pinged":"","post_modified":"2022-07-28 17:47:48","post_modified_gmt":"2022-07-28 15:47:48","post_content_filtered":"","post_parent":0,"guid":"http:\/\/dev.claret.cat\/editorial\/editorial-planeta\/","menu_order":0,"post_type":"editorial","post_mime_type":"","comment_count":"0","filter":"raw"}],"autores-libros":[{"ID":8416,"post_author":"3","post_date":"2022-09-30 09:48:25","post_date_gmt":"2022-09-30 07:48:25","post_content":"","post_title":"PAULO COELHO","post_excerpt":"","post_status":"publish","comment_status":"closed","ping_status":"closed","post_password":"","post_name":"paulo-coelho","to_ping":"","pinged":"","post_modified":"2022-09-30 09:48:25","post_modified_gmt":"2022-09-30 07:48:25","post_content_filtered":"","post_parent":0,"guid":"http:\/\/dev.claret.cat\/autor\/paulo-coelho\/","menu_order":0,"post_type":"autor","post_mime_type":"","comment_count":"0","filter":"raw"}]},"aioseo_notices":[],"_links":{"self":[{"href":"https:\/\/www.claret.cat\/es\/wp-json\/wp\/v2\/product\/800060","targetHints":{"allow":["GET"]}}],"collection":[{"href":"https:\/\/www.claret.cat\/es\/wp-json\/wp\/v2\/product"}],"about":[{"href":"https:\/\/www.claret.cat\/es\/wp-json\/wp\/v2\/types\/product"}],"wp:featuredmedia":[{"embeddable":true,"href":"https:\/\/www.claret.cat\/es\/wp-json\/wp\/v2\/media\/800061"}],"wp:attachment":[{"href":"https:\/\/www.claret.cat\/es\/wp-json\/wp\/v2\/media?parent=800060"}],"wp:term":[{"taxonomy":"product_brand","embeddable":true,"href":"https:\/\/www.claret.cat\/es\/wp-json\/wp\/v2\/product_brand?post=800060"},{"taxonomy":"product_cat","embeddable":true,"href":"https:\/\/www.claret.cat\/es\/wp-json\/wp\/v2\/product_cat?post=800060"},{"taxonomy":"product_tag","embeddable":true,"href":"https:\/\/www.claret.cat\/es\/wp-json\/wp\/v2\/product_tag?post=800060"}],"curies":[{"name":"wp","href":"https:\/\/api.w.org\/{rel}","templated":true}]}}