{"id":800070,"date":"2023-09-19T14:11:01","date_gmt":"2023-09-19T12:11:01","guid":{"rendered":"https:\/\/www.claret.cat\/llibre\/valquirias-9788408276845\/"},"modified":"2023-10-11T00:48:38","modified_gmt":"2023-10-10T22:48:38","slug":"valquirias-9788408276845","status":"publish","type":"product","link":"https:\/\/www.claret.cat\/es\/libro\/valquirias-9788408276845\/","title":{"rendered":"VALQUIRIAS"},"content":{"rendered":"<p>Una odisea espiritual que combina verdad, mito e imaginaci\u00f3n.Por el autor del bestseller internacional El Alquimista.<br \/> \u00bfPor qu\u00e9 destruimos las cosas que m\u00e1s amamos? Esta es la pregunta a la que se enfrenta Paulo Coelho en esta historia conmovedora sobre su confrontaci\u00f3n con el pasado. En Valquirias, Paulo y su esposa, Chris, se embarcan en un viaje de cuarenta d\u00edas por el misterioso y desconocido desierto de Mojave que los llevar\u00e1 a encontrarse con aquellas mujeres guerreras que recorren el desierto en motocicleta, las valquirias, y a afrontar su realidad m\u00e1s rec\u00f3ndita, sus miedos m\u00e1s \u00edntimos, sus debilidades e inseguridades.<br \/> Paulo Coelho nos abre las puertas de su lucha m\u00e1s personal y nos habla de la responsabilidad hacia s\u00ed mismo y hacia sus seres m\u00e1s queridos.<br \/> \u00abLa primera gran virtud del que busca el camino espiritual: coraje.\u00bb<\/p>\n","protected":false},"excerpt":{"rendered":"<p>COELHO, PAULO<\/p>\n","protected":false},"featured_media":800071,"template":"","meta":{"_acf_changed":false,"om_disable_all_campaigns":false,"rs_blank_template":"","rs_page_bg_color":"","slide_template_v7":"","inline_featured_image":false,"_monsterinsights_skip_tracking":false,"_monsterinsights_sitenote_active":false,"_monsterinsights_sitenote_note":"","_monsterinsights_sitenote_category":0},"product_brand":[],"product_cat":[127,357],"product_tag":[],"class_list":{"0":"post-800070","1":"product","2":"type-product","3":"status-publish","4":"has-post-thumbnail","6":"product_cat-novella-contemporania","7":"product_cat-novela-contemporanea","9":"first","10":"instock","11":"taxable","12":"shipping-taxable","13":"purchasable","14":"product-type-simple"},"acf":{"autor":"COELHO, PAULO","codart":"840827684","libros-coleccion":"FORA DE COL.LECCI\u00d3","ediciones":"1","encuadernacion":"R\u00fastica","fecha_de_publicacion":"01\/09\/2023","novedad":"1","paginas":"215","subtitulo":"","orden":"0","portada":"0","idioma":"spa","editorial":[{"ID":6233,"post_author":"3","post_date":"2022-07-28 17:47:48","post_date_gmt":"2022-07-28 15:47:48","post_content":"","post_title":"EDITORIAL PLANETA","post_excerpt":"","post_status":"publish","comment_status":"closed","ping_status":"closed","post_password":"","post_name":"editorial-planeta","to_ping":"","pinged":"","post_modified":"2022-07-28 17:47:48","post_modified_gmt":"2022-07-28 15:47:48","post_content_filtered":"","post_parent":0,"guid":"http:\/\/dev.claret.cat\/editorial\/editorial-planeta\/","menu_order":0,"post_type":"editorial","post_mime_type":"","comment_count":"0","filter":"raw"}],"autores-libros":[{"ID":8416,"post_author":"3","post_date":"2022-09-30 09:48:25","post_date_gmt":"2022-09-30 07:48:25","post_content":"","post_title":"PAULO COELHO","post_excerpt":"","post_status":"publish","comment_status":"closed","ping_status":"closed","post_password":"","post_name":"paulo-coelho","to_ping":"","pinged":"","post_modified":"2022-09-30 09:48:25","post_modified_gmt":"2022-09-30 07:48:25","post_content_filtered":"","post_parent":0,"guid":"http:\/\/dev.claret.cat\/autor\/paulo-coelho\/","menu_order":0,"post_type":"autor","post_mime_type":"","comment_count":"0","filter":"raw"}]},"aioseo_notices":[],"_links":{"self":[{"href":"https:\/\/www.claret.cat\/es\/wp-json\/wp\/v2\/product\/800070","targetHints":{"allow":["GET"]}}],"collection":[{"href":"https:\/\/www.claret.cat\/es\/wp-json\/wp\/v2\/product"}],"about":[{"href":"https:\/\/www.claret.cat\/es\/wp-json\/wp\/v2\/types\/product"}],"wp:featuredmedia":[{"embeddable":true,"href":"https:\/\/www.claret.cat\/es\/wp-json\/wp\/v2\/media\/800071"}],"wp:attachment":[{"href":"https:\/\/www.claret.cat\/es\/wp-json\/wp\/v2\/media?parent=800070"}],"wp:term":[{"taxonomy":"product_brand","embeddable":true,"href":"https:\/\/www.claret.cat\/es\/wp-json\/wp\/v2\/product_brand?post=800070"},{"taxonomy":"product_cat","embeddable":true,"href":"https:\/\/www.claret.cat\/es\/wp-json\/wp\/v2\/product_cat?post=800070"},{"taxonomy":"product_tag","embeddable":true,"href":"https:\/\/www.claret.cat\/es\/wp-json\/wp\/v2\/product_tag?post=800070"}],"curies":[{"name":"wp","href":"https:\/\/api.w.org\/{rel}","templated":true}]}}