{"id":80080,"date":"2022-10-11T16:31:37","date_gmt":"2022-10-11T14:31:37","guid":{"rendered":"http:\/\/dev.claret.cat\/producte\/por-que-la-caca-huele-mal\/"},"modified":"2023-01-28T05:32:01","modified_gmt":"2023-01-28T04:32:01","slug":"por-que-la-caca-huele-mal-9788418473517","status":"publish","type":"product","link":"https:\/\/www.claret.cat\/es\/libro\/por-que-la-caca-huele-mal-9788418473517\/","title":{"rendered":"\u00bfPOR QU\u00c9 LA CACA HUELE MAL?"},"content":{"rendered":"<p>\u00bfPor qu\u00e9 a las moscas les gusta tanto la caca? \u00bfPor qu\u00e9 la caca de p\u00e1jaro es blanca? \u00bfD\u00f3nde se hac\u00eda caca cuando no hab\u00eda lavabos?<br \/> En la edad de los &#8216;por qu\u00e9&#8217;, y con un estilo inconfundiblemente infantil, esta selecci\u00f3n de preguntas encuentra respuestas ilustradas escondidas en un curioso libro con solapas. En la p\u00e1gina de la derecha, informaci\u00f3n extra completa la pregunta, para conocer a\u00fan m\u00e1s sobre el tema.<\/p>\n","protected":false},"excerpt":{"rendered":"<p>KECIR-LEPETIT, EMMANUELLE<\/p>\n","protected":false},"featured_media":80081,"template":"","meta":{"_acf_changed":false,"om_disable_all_campaigns":false,"rs_blank_template":"","rs_page_bg_color":"","slide_template_v7":"","inline_featured_image":false,"_monsterinsights_skip_tracking":false,"_monsterinsights_sitenote_active":false,"_monsterinsights_sitenote_note":"","_monsterinsights_sitenote_category":0},"product_brand":[],"product_cat":[131],"product_tag":[],"class_list":{"0":"post-80080","1":"product","2":"type-product","3":"status-publish","4":"has-post-thumbnail","6":"product_cat-contes-per-infants-0-6-anys","8":"first","9":"instock","10":"taxable","11":"shipping-taxable","12":"purchasable","13":"product-type-simple"},"acf":{"autor":"KECIR-LEPETIT, EMMANUELLE","codart":"841847351","libros-coleccion":"INFANTIL","ediciones":"1","encuadernacion":"Carton\u00e9","fecha_de_publicacion":"01\/10\/2021","novedad":"1","paginas":"27","subtitulo":"","orden":"0","portada":"0","idioma":"spa","editorial":[{"ID":148398,"post_author":"3","post_date":"2022-10-14 11:57:56","post_date_gmt":"2022-10-14 09:57:56","post_content":"","post_title":"Larousse","post_excerpt":"","post_status":"publish","comment_status":"closed","ping_status":"closed","post_password":"","post_name":"larousse","to_ping":"","pinged":"","post_modified":"2022-10-14 11:57:56","post_modified_gmt":"2022-10-14 09:57:56","post_content_filtered":"","post_parent":0,"guid":"http:\/\/dev.claret.cat\/editorial\/larousse\/","menu_order":0,"post_type":"editorial","post_mime_type":"","comment_count":"0","filter":"raw"}],"autores-libros":[{"ID":155060,"post_author":"3","post_date":"2022-10-14 15:09:50","post_date_gmt":"2022-10-14 13:09:50","post_content":"","post_title":"EMMANUELLE KECIR-LEPETIT","post_excerpt":"","post_status":"publish","comment_status":"closed","ping_status":"closed","post_password":"","post_name":"emmanuelle-kecir-lepetit","to_ping":"","pinged":"","post_modified":"2022-10-14 15:09:50","post_modified_gmt":"2022-10-14 13:09:50","post_content_filtered":"","post_parent":0,"guid":"http:\/\/dev.claret.cat\/autor\/emmanuelle-kecir-lepetit\/","menu_order":0,"post_type":"autor","post_mime_type":"","comment_count":"0","filter":"raw"}]},"aioseo_notices":[],"_links":{"self":[{"href":"https:\/\/www.claret.cat\/es\/wp-json\/wp\/v2\/product\/80080","targetHints":{"allow":["GET"]}}],"collection":[{"href":"https:\/\/www.claret.cat\/es\/wp-json\/wp\/v2\/product"}],"about":[{"href":"https:\/\/www.claret.cat\/es\/wp-json\/wp\/v2\/types\/product"}],"wp:featuredmedia":[{"embeddable":true,"href":"https:\/\/www.claret.cat\/es\/wp-json\/wp\/v2\/media\/80081"}],"wp:attachment":[{"href":"https:\/\/www.claret.cat\/es\/wp-json\/wp\/v2\/media?parent=80080"}],"wp:term":[{"taxonomy":"product_brand","embeddable":true,"href":"https:\/\/www.claret.cat\/es\/wp-json\/wp\/v2\/product_brand?post=80080"},{"taxonomy":"product_cat","embeddable":true,"href":"https:\/\/www.claret.cat\/es\/wp-json\/wp\/v2\/product_cat?post=80080"},{"taxonomy":"product_tag","embeddable":true,"href":"https:\/\/www.claret.cat\/es\/wp-json\/wp\/v2\/product_tag?post=80080"}],"curies":[{"name":"wp","href":"https:\/\/api.w.org\/{rel}","templated":true}]}}