{"id":80086,"date":"2022-10-11T16:31:41","date_gmt":"2022-10-11T14:31:41","guid":{"rendered":"http:\/\/dev.claret.cat\/producte\/por-que-los-camaleones-cambian-de-color\/"},"modified":"2023-01-28T18:29:08","modified_gmt":"2023-01-28T17:29:08","slug":"por-que-los-camaleones-cambian-de-color-9788418473494","status":"publish","type":"product","link":"https:\/\/www.claret.cat\/es\/libro\/por-que-los-camaleones-cambian-de-color-9788418473494\/","title":{"rendered":"\u00bfPOR QU\u00c9 LOS CAMALEONES CAMBIAN DE COLOR?"},"content":{"rendered":"<p>\u00bfC\u00f3mo hacen los p\u00e1jaros para no perderse en el cielo? \u00bfPor qu\u00e9 los peces no se congelan en el agua? \u00bfC\u00f3mo puede la ara\u00f1a caminar por el techo? En la edad de los &#8216;por qu\u00e9&#8217;, y con un estilo inconfundiblemente infantil, esta selecci\u00f3n de preguntas encuentra respuestas ilustradas escondidas en un curioso libro con solapas. En la p\u00e1gina de la derecha, informaci\u00f3n extra completa la pregunta, para conocer a\u00fan m\u00e1s sobre el tema.<\/p>\n","protected":false},"excerpt":{"rendered":"<p>KECIR-LEPETIT, EMMANUELLE<\/p>\n","protected":false},"featured_media":80087,"template":"","meta":{"_acf_changed":false,"om_disable_all_campaigns":false,"rs_blank_template":"","rs_page_bg_color":"","slide_template_v7":"","inline_featured_image":false,"_monsterinsights_skip_tracking":false,"_monsterinsights_sitenote_active":false,"_monsterinsights_sitenote_note":"","_monsterinsights_sitenote_category":0},"product_brand":[],"product_cat":[131],"product_tag":[],"class_list":{"0":"post-80086","1":"product","2":"type-product","3":"status-publish","4":"has-post-thumbnail","6":"product_cat-contes-per-infants-0-6-anys","8":"first","9":"instock","10":"taxable","11":"shipping-taxable","12":"purchasable","13":"product-type-simple"},"acf":{"autor":"KECIR-LEPETIT, EMMANUELLE","codart":"841847349","libros-coleccion":"INFANTIL","ediciones":"1","encuadernacion":"Carton\u00e9","fecha_de_publicacion":"01\/10\/2021","novedad":"1","paginas":"27","subtitulo":"","orden":"0","portada":"0","idioma":"spa","editorial":[{"ID":148398,"post_author":"3","post_date":"2022-10-14 11:57:56","post_date_gmt":"2022-10-14 09:57:56","post_content":"","post_title":"Larousse","post_excerpt":"","post_status":"publish","comment_status":"closed","ping_status":"closed","post_password":"","post_name":"larousse","to_ping":"","pinged":"","post_modified":"2022-10-14 11:57:56","post_modified_gmt":"2022-10-14 09:57:56","post_content_filtered":"","post_parent":0,"guid":"http:\/\/dev.claret.cat\/editorial\/larousse\/","menu_order":0,"post_type":"editorial","post_mime_type":"","comment_count":"0","filter":"raw"}],"autores-libros":[{"ID":155060,"post_author":"3","post_date":"2022-10-14 15:09:50","post_date_gmt":"2022-10-14 13:09:50","post_content":"","post_title":"EMMANUELLE KECIR-LEPETIT","post_excerpt":"","post_status":"publish","comment_status":"closed","ping_status":"closed","post_password":"","post_name":"emmanuelle-kecir-lepetit","to_ping":"","pinged":"","post_modified":"2022-10-14 15:09:50","post_modified_gmt":"2022-10-14 13:09:50","post_content_filtered":"","post_parent":0,"guid":"http:\/\/dev.claret.cat\/autor\/emmanuelle-kecir-lepetit\/","menu_order":0,"post_type":"autor","post_mime_type":"","comment_count":"0","filter":"raw"}]},"aioseo_notices":[],"_links":{"self":[{"href":"https:\/\/www.claret.cat\/es\/wp-json\/wp\/v2\/product\/80086","targetHints":{"allow":["GET"]}}],"collection":[{"href":"https:\/\/www.claret.cat\/es\/wp-json\/wp\/v2\/product"}],"about":[{"href":"https:\/\/www.claret.cat\/es\/wp-json\/wp\/v2\/types\/product"}],"wp:featuredmedia":[{"embeddable":true,"href":"https:\/\/www.claret.cat\/es\/wp-json\/wp\/v2\/media\/80087"}],"wp:attachment":[{"href":"https:\/\/www.claret.cat\/es\/wp-json\/wp\/v2\/media?parent=80086"}],"wp:term":[{"taxonomy":"product_brand","embeddable":true,"href":"https:\/\/www.claret.cat\/es\/wp-json\/wp\/v2\/product_brand?post=80086"},{"taxonomy":"product_cat","embeddable":true,"href":"https:\/\/www.claret.cat\/es\/wp-json\/wp\/v2\/product_cat?post=80086"},{"taxonomy":"product_tag","embeddable":true,"href":"https:\/\/www.claret.cat\/es\/wp-json\/wp\/v2\/product_tag?post=80086"}],"curies":[{"name":"wp","href":"https:\/\/api.w.org\/{rel}","templated":true}]}}