{"id":80215,"date":"2022-10-11T16:33:13","date_gmt":"2022-10-11T14:33:13","guid":{"rendered":"http:\/\/dev.claret.cat\/producte\/las-grandes-batallas-navales-12-el-bismarck\/"},"modified":"2023-01-28T19:31:42","modified_gmt":"2023-01-28T18:31:42","slug":"las-grandes-batallas-navales-12-el-bismarck-9788467948516","status":"publish","type":"product","link":"https:\/\/www.claret.cat\/es\/libro\/las-grandes-batallas-navales-12-el-bismarck-9788467948516\/","title":{"rendered":"LAS GRANDES BATALLAS NAVALES 12. EL BISMARCK"},"content":{"rendered":"<p>&#8216;EL CORSARIO QUE DEVOLVI\u00d3 EL PRESTIGIO A LA MARINA REAL FRANCESA     A finales del siglo XVII, Francia est\u00e1 en guerra una vez m\u00e1s. Con el pretexto de reforzar las fronteras de su reino, Luis XIV ha adoptado una pol\u00edtica agresiva que acaba por agotar la paciencia de las grandes potencias europeas, que forman una liga. Por desgracia para el impetuoso Rey Sol, el conflicto se estanca y la situaci\u00f3n se complica cada vez m\u00e1s: a las hambrunas y epidemias se suma la especulaci\u00f3n con el precio del trigo, que socava la econom\u00eda del pa\u00eds, ya mermada por el coste de la guerra. Un aut\u00e9ntico h\u00e9roe, Jean Bart, antiguo corsario y ahora oficial de la Royale, evitar\u00e1 el desastre y escribir\u00e1, en junio de 1694, uno de sus hechos de armas m\u00e1s memorables frente a las costas de la isla holandesa de Texel. Pintor oficial de la Marina, Jean-Yves Delitte nos propone con esta colecci\u00f3n sumergirnos en el coraz\u00f3n de las mayores batallas navales de la historia, desde la Antig\u00fcedad hasta la Segunda Guerra Mundial&#8217;<\/p>\n","protected":false},"excerpt":{"rendered":"<p>JEAN YVES DELITTE<\/p>\n","protected":false},"featured_media":80216,"template":"","meta":{"_acf_changed":false,"om_disable_all_campaigns":false,"rs_blank_template":"","rs_page_bg_color":"","slide_template_v7":"","inline_featured_image":false,"_monsterinsights_skip_tracking":false,"_monsterinsights_sitenote_active":false,"_monsterinsights_sitenote_note":"","_monsterinsights_sitenote_category":0},"product_brand":[],"product_cat":[16],"product_tag":[],"class_list":{"0":"post-80215","1":"product","2":"type-product","3":"status-publish","4":"has-post-thumbnail","6":"product_cat-sense-categoria","8":"first","9":"instock","10":"taxable","11":"shipping-taxable","12":"purchasable","13":"product-type-simple"},"acf":{"editorial":[{"ID":6315,"post_author":"3","post_date":"2022-07-28 17:49:33","post_date_gmt":"2022-07-28 15:49:33","post_content":"","post_title":"NORMA EDITORIAL S.A","post_excerpt":"","post_status":"publish","comment_status":"closed","ping_status":"closed","post_password":"","post_name":"norma-editorial-s-a","to_ping":"","pinged":"","post_modified":"2022-07-28 17:49:33","post_modified_gmt":"2022-07-28 15:49:33","post_content_filtered":"","post_parent":0,"guid":"http:\/\/dev.claret.cat\/editorial\/norma-editorial-s-a\/","menu_order":0,"post_type":"editorial","post_mime_type":"","comment_count":"0","filter":"raw"}],"autor":"JEAN YVES DELITTE","codart":"846794851","libros-coleccion":"navales","ediciones":"1","encuadernacion":"Carton\u00e9","fecha_de_publicacion":"01\/10\/2021","novedad":"1","paginas":"12","subtitulo":"","orden":"0","portada":"0","idioma":"spa","autores-libros":[{"ID":158872,"post_author":"3","post_date":"2022-10-14 15:40:16","post_date_gmt":"2022-10-14 13:40:16","post_content":"","post_title":"JEAN YVES DELITTE","post_excerpt":"","post_status":"publish","comment_status":"closed","ping_status":"closed","post_password":"","post_name":"jean-yves-delitte-2","to_ping":"","pinged":"","post_modified":"2022-10-14 15:40:16","post_modified_gmt":"2022-10-14 13:40:16","post_content_filtered":"","post_parent":0,"guid":"http:\/\/dev.claret.cat\/autor\/jean-yves-delitte-2\/","menu_order":0,"post_type":"autor","post_mime_type":"","comment_count":"0","filter":"raw"}]},"aioseo_notices":[],"_links":{"self":[{"href":"https:\/\/www.claret.cat\/es\/wp-json\/wp\/v2\/product\/80215","targetHints":{"allow":["GET"]}}],"collection":[{"href":"https:\/\/www.claret.cat\/es\/wp-json\/wp\/v2\/product"}],"about":[{"href":"https:\/\/www.claret.cat\/es\/wp-json\/wp\/v2\/types\/product"}],"wp:featuredmedia":[{"embeddable":true,"href":"https:\/\/www.claret.cat\/es\/wp-json\/wp\/v2\/media\/80216"}],"wp:attachment":[{"href":"https:\/\/www.claret.cat\/es\/wp-json\/wp\/v2\/media?parent=80215"}],"wp:term":[{"taxonomy":"product_brand","embeddable":true,"href":"https:\/\/www.claret.cat\/es\/wp-json\/wp\/v2\/product_brand?post=80215"},{"taxonomy":"product_cat","embeddable":true,"href":"https:\/\/www.claret.cat\/es\/wp-json\/wp\/v2\/product_cat?post=80215"},{"taxonomy":"product_tag","embeddable":true,"href":"https:\/\/www.claret.cat\/es\/wp-json\/wp\/v2\/product_tag?post=80215"}],"curies":[{"name":"wp","href":"https:\/\/api.w.org\/{rel}","templated":true}]}}