{"id":8029,"date":"2022-09-16T12:26:11","date_gmt":"2022-09-16T10:26:11","guid":{"rendered":"http:\/\/dev.claret.cat\/producte\/dvd-flow\/"},"modified":"2023-01-28T14:42:12","modified_gmt":"2023-01-28T13:42:12","slug":"dvd-flow-9789999067805","status":"publish","type":"product","link":"https:\/\/www.claret.cat\/es\/libro\/dvd-flow-9789999067805\/","title":{"rendered":"DVD- FLOW"},"content":{"rendered":"<p>Walter Mann, actor , est\u00e1 a punto de realizar el sue\u00f1o de su vida: protagonizar su propia funci\u00f3n teatral. Rozando ese instante, algo ocurrir\u00e1 que todo lo que tiene salte por los aires. Flow nos explica la historia de un hombre que libra una batalla interna entre la luz y su oscuridad, a trav\u00e9s de un viaje, en el que uno de los dos extremos teminar\u00e1 por imponerse. <br \/>Flow habla de la deshaz\u00f3n del ser humano y del complicado tema del perd\u00f3n y de la reconciliaci\u00f3n con uno mismo y con la vida. As\u00ed mismo de las relaciones familiares, de la soledad, de la relaci\u00f3n entre la vida y el arte, la espiritualidad y el arte: en definitiva, del viaje interior de todo hombre y mujer.<\/p>\n","protected":false},"excerpt":{"rendered":"<p>SANTO, JUAN DEL; MARTINEZ, DAVID<\/p>\n","protected":false},"featured_media":73714,"template":"","meta":{"_acf_changed":false,"om_disable_all_campaigns":false,"rs_blank_template":"","rs_page_bg_color":"","slide_template_v7":"","inline_featured_image":false,"_monsterinsights_skip_tracking":false,"_monsterinsights_sitenote_active":false,"_monsterinsights_sitenote_note":"","_monsterinsights_sitenote_category":0},"product_brand":[],"product_cat":[88,423],"product_tag":[],"class_list":{"0":"post-8029","1":"product","2":"type-product","3":"status-publish","4":"has-post-thumbnail","6":"product_cat-multimedia","7":"product_cat-multimedia-5_otras","9":"first","10":"instock","11":"taxable","12":"shipping-taxable","13":"purchasable","14":"product-type-simple"},"acf":{"autor":"SANTO, JUAN DEL; MARTINEZ, DAVID","codart":"999906780","libros-coleccion":"","ediciones":"1","encuadernacion":"R\u00fastica","fecha_de_publicacion":"21\/12\/2016","novedad":"1","paginas":"1","subtitulo":"UN FILM DE ACCI\u00d3N INTERIOR","orden":"0","portada":"0","idioma":"spa","autores-libros":[{"ID":5677,"post_author":"3","post_date":"2022-07-28 17:29:07","post_date_gmt":"2022-07-28 15:29:07","post_content":"","post_title":"JUAN DEL SANTO","post_excerpt":"","post_status":"publish","comment_status":"closed","ping_status":"closed","post_password":"","post_name":"juan-del-santo","to_ping":"","pinged":"","post_modified":"2022-07-28 17:29:07","post_modified_gmt":"2022-07-28 15:29:07","post_content_filtered":"","post_parent":0,"guid":"http:\/\/dev.claret.cat\/autor\/juan-del-santo\/","menu_order":0,"post_type":"autor","post_mime_type":"","comment_count":"0","filter":"raw"},{"ID":5390,"post_author":"3","post_date":"2022-07-28 17:22:57","post_date_gmt":"2022-07-28 15:22:57","post_content":"","post_title":"DAVID MARTINEZ","post_excerpt":"","post_status":"publish","comment_status":"closed","ping_status":"closed","post_password":"","post_name":"david-martinez","to_ping":"","pinged":"","post_modified":"2022-07-28 17:22:57","post_modified_gmt":"2022-07-28 15:22:57","post_content_filtered":"","post_parent":0,"guid":"http:\/\/dev.claret.cat\/autor\/david-martinez\/","menu_order":0,"post_type":"autor","post_mime_type":"","comment_count":"0","filter":"raw"}],"editorial":[{"ID":8242,"post_author":"3","post_date":"2022-09-30 09:21:25","post_date_gmt":"2022-09-30 07:21:25","post_content":"","post_title":"GARCIA DEL SANTO, JUAN ALBERTO","post_excerpt":"","post_status":"publish","comment_status":"closed","ping_status":"closed","post_password":"","post_name":"garcia-del-santo-juan-alberto","to_ping":"","pinged":"","post_modified":"2022-09-30 09:21:25","post_modified_gmt":"2022-09-30 07:21:25","post_content_filtered":"","post_parent":0,"guid":"http:\/\/dev.claret.cat\/editorial\/garcia-del-santo-juan-alberto\/","menu_order":0,"post_type":"editorial","post_mime_type":"","comment_count":"0","filter":"raw"}]},"aioseo_notices":[],"_links":{"self":[{"href":"https:\/\/www.claret.cat\/es\/wp-json\/wp\/v2\/product\/8029","targetHints":{"allow":["GET"]}}],"collection":[{"href":"https:\/\/www.claret.cat\/es\/wp-json\/wp\/v2\/product"}],"about":[{"href":"https:\/\/www.claret.cat\/es\/wp-json\/wp\/v2\/types\/product"}],"wp:featuredmedia":[{"embeddable":true,"href":"https:\/\/www.claret.cat\/es\/wp-json\/wp\/v2\/media\/73714"}],"wp:attachment":[{"href":"https:\/\/www.claret.cat\/es\/wp-json\/wp\/v2\/media?parent=8029"}],"wp:term":[{"taxonomy":"product_brand","embeddable":true,"href":"https:\/\/www.claret.cat\/es\/wp-json\/wp\/v2\/product_brand?post=8029"},{"taxonomy":"product_cat","embeddable":true,"href":"https:\/\/www.claret.cat\/es\/wp-json\/wp\/v2\/product_cat?post=8029"},{"taxonomy":"product_tag","embeddable":true,"href":"https:\/\/www.claret.cat\/es\/wp-json\/wp\/v2\/product_tag?post=8029"}],"curies":[{"name":"wp","href":"https:\/\/api.w.org\/{rel}","templated":true}]}}