{"id":8048,"date":"2022-09-16T12:26:36","date_gmt":"2022-09-16T10:26:36","guid":{"rendered":"http:\/\/dev.claret.cat\/producte\/ano-santo-de-la-misericordia-iman\/"},"modified":"2024-05-22T13:49:43","modified_gmt":"2024-05-22T11:49:43","slug":"ano-santo-de-la-misericordia-iman-9789999500449","status":"publish","type":"product","link":"https:\/\/www.claret.cat\/es\/libro\/ano-santo-de-la-misericordia-iman-9789999500449\/","title":{"rendered":"A\u00d1O SANTO DE LA MISERICORDIA &#8211; IM\u00c1N"},"content":{"rendered":"<p>Con objeto de celebrar el A\u00f1o Santo de la Misericordia, la Editorial Familia de Jes\u00fas ofrece un im\u00e1n  para ayudar a jos j\u00f3venes a recorrer este a\u00f1o santo.<\/p>\n<p>Recoge la figura de Jes\u00fas Buen Pastor, con la frase Dios ama y perdona.<\/p>\n<p>El Papa Francisco ha pedido a los j\u00f3venes que hagan una obra de misericordia al mes durante el Jubileo de la Misericordia: A ustedes, j\u00f3venes, que son muy concretos, quisiera proponer que para los primeros siete meses del a\u00f1o 2016 elijan una obra de misericordia corporal y una espiritual para ponerla en pr\u00e1ctica cada mes.<\/p>\n<p>El im\u00e1n mide 4,5 cm de di\u00e1metro.<\/p>\n","protected":false},"excerpt":{"rendered":"<p>FAMILIA DE JES\u00daS<\/p>\n","protected":false},"featured_media":370114,"template":"","meta":{"_acf_changed":false,"om_disable_all_campaigns":false,"rs_blank_template":"","rs_page_bg_color":"","slide_template_v7":"","inline_featured_image":false,"_monsterinsights_skip_tracking":false,"_monsterinsights_sitenote_active":false,"_monsterinsights_sitenote_note":"","_monsterinsights_sitenote_category":0},"product_brand":[],"product_cat":[220,479],"product_tag":[],"class_list":{"0":"post-8048","1":"product","2":"type-product","3":"status-publish","4":"has-post-thumbnail","6":"product_cat-juvenil-catequesi","7":"product_cat-juvenil-catequesis-1_espiritualidad","9":"first","10":"instock","11":"taxable","12":"shipping-taxable","13":"purchasable","14":"product-type-simple"},"acf":{"autor":"FAMILIA DE JES\u00daS","codart":"999950044","libros-coleccion":"","ediciones":"1","encuadernacion":"R\u00fastica","fecha_de_publicacion":"24\/11\/2015","novedad":"0","paginas":"1","subtitulo":"","orden":"999","portada":"0","idioma":"spa","autores-libros":[{"ID":5471,"post_author":"3","post_date":"2022-07-28 17:24:42","post_date_gmt":"2022-07-28 15:24:42","post_content":"","post_title":"FAMILIA DE JES\u00daS","post_excerpt":"","post_status":"publish","comment_status":"closed","ping_status":"closed","post_password":"","post_name":"familia-de-jesus","to_ping":"","pinged":"","post_modified":"2022-07-28 17:24:42","post_modified_gmt":"2022-07-28 15:24:42","post_content_filtered":"","post_parent":0,"guid":"http:\/\/dev.claret.cat\/autor\/familia-de-jesus\/","menu_order":0,"post_type":"autor","post_mime_type":"","comment_count":"0","filter":"raw"}],"editorial":[{"ID":8239,"post_author":"3","post_date":"2022-09-30 09:21:24","post_date_gmt":"2022-09-30 07:21:24","post_content":"","post_title":"FAMILIA DE JESUS, EDITORIAL","post_excerpt":"","post_status":"publish","comment_status":"closed","ping_status":"closed","post_password":"","post_name":"familia-de-jesus-editorial","to_ping":"","pinged":"","post_modified":"2022-09-30 09:21:24","post_modified_gmt":"2022-09-30 07:21:24","post_content_filtered":"","post_parent":0,"guid":"http:\/\/dev.claret.cat\/editorial\/familia-de-jesus-editorial\/","menu_order":0,"post_type":"editorial","post_mime_type":"","comment_count":"0","filter":"raw"}]},"aioseo_notices":[],"_links":{"self":[{"href":"https:\/\/www.claret.cat\/es\/wp-json\/wp\/v2\/product\/8048","targetHints":{"allow":["GET"]}}],"collection":[{"href":"https:\/\/www.claret.cat\/es\/wp-json\/wp\/v2\/product"}],"about":[{"href":"https:\/\/www.claret.cat\/es\/wp-json\/wp\/v2\/types\/product"}],"wp:featuredmedia":[{"embeddable":true,"href":"https:\/\/www.claret.cat\/es\/wp-json\/wp\/v2\/media\/370114"}],"wp:attachment":[{"href":"https:\/\/www.claret.cat\/es\/wp-json\/wp\/v2\/media?parent=8048"}],"wp:term":[{"taxonomy":"product_brand","embeddable":true,"href":"https:\/\/www.claret.cat\/es\/wp-json\/wp\/v2\/product_brand?post=8048"},{"taxonomy":"product_cat","embeddable":true,"href":"https:\/\/www.claret.cat\/es\/wp-json\/wp\/v2\/product_cat?post=8048"},{"taxonomy":"product_tag","embeddable":true,"href":"https:\/\/www.claret.cat\/es\/wp-json\/wp\/v2\/product_tag?post=8048"}],"curies":[{"name":"wp","href":"https:\/\/api.w.org\/{rel}","templated":true}]}}