{"id":80509,"date":"2022-10-11T16:36:52","date_gmt":"2022-10-11T14:36:52","guid":{"rendered":"http:\/\/dev.claret.cat\/producte\/la-mascota-mes-fantastica-del-mon\/"},"modified":"2024-02-08T12:36:00","modified_gmt":"2024-02-08T11:36:00","slug":"la-mascota-mes-fantastica-del-mon-9788468353449","status":"publish","type":"product","link":"https:\/\/www.claret.cat\/es\/libro\/la-mascota-mes-fantastica-del-mon-9788468353449\/","title":{"rendered":"LA ?MASCOTA? M\u00c9S FANT\u00c0STICA DEL M\u00d3N"},"content":{"rendered":"<p>Els germans d?en Berti estan conven\u00e7uts que necessiten una mascota. Per\u00f2 els diners de la guardiola d?en Berti nom\u00e9s arriben per comprar un cranc de riu. I qu\u00e8 es pot fer amb un cranc? Encara que sembli incre\u00efble, en Berti i el cranc viuran una gran aventura. Se?n sortir\u00e0, l?Eddie? En Berti l?haur\u00e0 de salvar com sigui!<\/p>\n","protected":false},"excerpt":{"rendered":"<p>DICKREITER, LISA MARIE \/ G\u00d6TZ, ANDREAS<\/p>\n","protected":false},"featured_media":80510,"template":"","meta":{"_acf_changed":false,"om_disable_all_campaigns":false,"rs_blank_template":"","rs_page_bg_color":"","slide_template_v7":"","inline_featured_image":false,"_monsterinsights_skip_tracking":false,"_monsterinsights_sitenote_active":false,"_monsterinsights_sitenote_note":"","_monsterinsights_sitenote_category":0},"product_brand":[],"product_cat":[131,361],"product_tag":[],"class_list":{"0":"post-80509","1":"product","2":"type-product","3":"status-publish","4":"has-post-thumbnail","6":"product_cat-contes-per-infants-0-6-anys","7":"product_cat-cuentos-para-ninos-0-6-anos","9":"first","10":"instock","11":"taxable","12":"shipping-taxable","13":"purchasable","14":"product-type-simple"},"acf":{"editorial":[{"ID":6193,"post_author":"3","post_date":"2022-07-28 17:46:53","post_date_gmt":"2022-07-28 15:46:53","post_content":"","post_title":"EDEBE GUADIEL","post_excerpt":"","post_status":"publish","comment_status":"closed","ping_status":"closed","post_password":"","post_name":"edebe-guadiel","to_ping":"","pinged":"","post_modified":"2022-07-28 17:46:53","post_modified_gmt":"2022-07-28 15:46:53","post_content_filtered":"","post_parent":0,"guid":"http:\/\/dev.claret.cat\/editorial\/edebe-guadiel\/","menu_order":0,"post_type":"editorial","post_mime_type":"","comment_count":"0","filter":"raw"}],"autor":"DICKREITER, LISA MARIE \/ G\u00d6TZ, ANDREAS","codart":"846835344","libros-coleccion":"EDEBE","ediciones":"1","encuadernacion":"Carton\u00e9","fecha_de_publicacion":"01\/06\/2021","novedad":"1","paginas":"57","subtitulo":"","orden":"0","portada":"0","idioma":"spa","autores-libros":[{"ID":162259,"post_author":"3","post_date":"2022-10-14 17:29:36","post_date_gmt":"2022-10-14 15:29:36","post_content":"","post_title":"LISA MARIE DICKREITER","post_excerpt":"","post_status":"publish","comment_status":"closed","ping_status":"closed","post_password":"","post_name":"lisa-marie-dickreiter","to_ping":"","pinged":"","post_modified":"2022-10-14 17:29:36","post_modified_gmt":"2022-10-14 15:29:36","post_content_filtered":"","post_parent":0,"guid":"http:\/\/dev.claret.cat\/autor\/lisa-marie-dickreiter\/","menu_order":0,"post_type":"autor","post_mime_type":"","comment_count":"0","filter":"raw"},{"ID":150250,"post_author":"3","post_date":"2022-10-14 14:31:26","post_date_gmt":"2022-10-14 12:31:26","post_content":"","post_title":"ANDREAS G\u00d6TZ","post_excerpt":"","post_status":"publish","comment_status":"closed","ping_status":"closed","post_password":"","post_name":"andreas-gotz","to_ping":"","pinged":"","post_modified":"2022-10-14 14:31:26","post_modified_gmt":"2022-10-14 12:31:26","post_content_filtered":"","post_parent":0,"guid":"http:\/\/dev.claret.cat\/autor\/andreas-gotz\/","menu_order":0,"post_type":"autor","post_mime_type":"","comment_count":"0","filter":"raw"}]},"aioseo_notices":[],"_links":{"self":[{"href":"https:\/\/www.claret.cat\/es\/wp-json\/wp\/v2\/product\/80509","targetHints":{"allow":["GET"]}}],"collection":[{"href":"https:\/\/www.claret.cat\/es\/wp-json\/wp\/v2\/product"}],"about":[{"href":"https:\/\/www.claret.cat\/es\/wp-json\/wp\/v2\/types\/product"}],"wp:featuredmedia":[{"embeddable":true,"href":"https:\/\/www.claret.cat\/es\/wp-json\/wp\/v2\/media\/80510"}],"wp:attachment":[{"href":"https:\/\/www.claret.cat\/es\/wp-json\/wp\/v2\/media?parent=80509"}],"wp:term":[{"taxonomy":"product_brand","embeddable":true,"href":"https:\/\/www.claret.cat\/es\/wp-json\/wp\/v2\/product_brand?post=80509"},{"taxonomy":"product_cat","embeddable":true,"href":"https:\/\/www.claret.cat\/es\/wp-json\/wp\/v2\/product_cat?post=80509"},{"taxonomy":"product_tag","embeddable":true,"href":"https:\/\/www.claret.cat\/es\/wp-json\/wp\/v2\/product_tag?post=80509"}],"curies":[{"name":"wp","href":"https:\/\/api.w.org\/{rel}","templated":true}]}}