{"id":80539,"date":"2022-10-11T16:37:12","date_gmt":"2022-10-11T14:37:12","guid":{"rendered":"http:\/\/dev.claret.cat\/producte\/la-mascota-mas-guay-del-mundo\/"},"modified":"2024-02-08T12:37:12","modified_gmt":"2024-02-08T11:37:12","slug":"la-mascota-mas-guay-del-mundo-9788468353098","status":"publish","type":"product","link":"https:\/\/www.claret.cat\/es\/libro\/la-mascota-mas-guay-del-mundo-9788468353098\/","title":{"rendered":"LA MASCOTA M\u00c1S GUAY DEL MUNDO"},"content":{"rendered":"<p>Los hermanos de Berti est\u00e1n convencidos de que necesitan una mascota. Pero el dinero de la hucha de Berti solo llega para comprar un cangrejo de r\u00edo. Y \u00bfqu\u00e9 se puede hacer con un cangrejo?  Aunque parezca incre\u00edble, con \u00e9l Berti vivir\u00e1 una aut\u00e9ntica aventura. \u00bfSaldr\u00e1 Eddie adelante? \u00a1Berti tendr\u00e1 que salvarlo como sea!<\/p>\n","protected":false},"excerpt":{"rendered":"<p>DICKREITER, LISA MARIE \/ G\u00d6TZ, ANDREAS<\/p>\n","protected":false},"featured_media":80540,"template":"","meta":{"_acf_changed":false,"om_disable_all_campaigns":false,"rs_blank_template":"","rs_page_bg_color":"","slide_template_v7":"","inline_featured_image":false,"_monsterinsights_skip_tracking":false,"_monsterinsights_sitenote_active":false,"_monsterinsights_sitenote_note":"","_monsterinsights_sitenote_category":0},"product_brand":[],"product_cat":[90,540],"product_tag":[],"class_list":{"0":"post-80539","1":"product","2":"type-product","3":"status-publish","4":"has-post-thumbnail","6":"product_cat-altres","7":"product_cat-otros","9":"first","10":"instock","11":"taxable","12":"shipping-taxable","13":"purchasable","14":"product-type-simple"},"acf":{"editorial":[{"ID":6193,"post_author":"3","post_date":"2022-07-28 17:46:53","post_date_gmt":"2022-07-28 15:46:53","post_content":"","post_title":"EDEBE GUADIEL","post_excerpt":"","post_status":"publish","comment_status":"closed","ping_status":"closed","post_password":"","post_name":"edebe-guadiel","to_ping":"","pinged":"","post_modified":"2022-07-28 17:46:53","post_modified_gmt":"2022-07-28 15:46:53","post_content_filtered":"","post_parent":0,"guid":"http:\/\/dev.claret.cat\/editorial\/edebe-guadiel\/","menu_order":0,"post_type":"editorial","post_mime_type":"","comment_count":"0","filter":"raw"}],"autor":"DICKREITER, LISA MARIE \/ G\u00d6TZ, ANDREAS","codart":"846835309","libros-coleccion":"FORA DE COL.LECCI\u00d3","ediciones":"1","encuadernacion":"Carton\u00e9","fecha_de_publicacion":"01\/06\/2021","novedad":"1","paginas":"47","subtitulo":"","orden":"0","portada":"0","idioma":"spa","autores-libros":[{"ID":162259,"post_author":"3","post_date":"2022-10-14 17:29:36","post_date_gmt":"2022-10-14 15:29:36","post_content":"","post_title":"LISA MARIE DICKREITER","post_excerpt":"","post_status":"publish","comment_status":"closed","ping_status":"closed","post_password":"","post_name":"lisa-marie-dickreiter","to_ping":"","pinged":"","post_modified":"2022-10-14 17:29:36","post_modified_gmt":"2022-10-14 15:29:36","post_content_filtered":"","post_parent":0,"guid":"http:\/\/dev.claret.cat\/autor\/lisa-marie-dickreiter\/","menu_order":0,"post_type":"autor","post_mime_type":"","comment_count":"0","filter":"raw"},{"ID":150250,"post_author":"3","post_date":"2022-10-14 14:31:26","post_date_gmt":"2022-10-14 12:31:26","post_content":"","post_title":"ANDREAS G\u00d6TZ","post_excerpt":"","post_status":"publish","comment_status":"closed","ping_status":"closed","post_password":"","post_name":"andreas-gotz","to_ping":"","pinged":"","post_modified":"2022-10-14 14:31:26","post_modified_gmt":"2022-10-14 12:31:26","post_content_filtered":"","post_parent":0,"guid":"http:\/\/dev.claret.cat\/autor\/andreas-gotz\/","menu_order":0,"post_type":"autor","post_mime_type":"","comment_count":"0","filter":"raw"}]},"aioseo_notices":[],"_links":{"self":[{"href":"https:\/\/www.claret.cat\/es\/wp-json\/wp\/v2\/product\/80539","targetHints":{"allow":["GET"]}}],"collection":[{"href":"https:\/\/www.claret.cat\/es\/wp-json\/wp\/v2\/product"}],"about":[{"href":"https:\/\/www.claret.cat\/es\/wp-json\/wp\/v2\/types\/product"}],"wp:featuredmedia":[{"embeddable":true,"href":"https:\/\/www.claret.cat\/es\/wp-json\/wp\/v2\/media\/80540"}],"wp:attachment":[{"href":"https:\/\/www.claret.cat\/es\/wp-json\/wp\/v2\/media?parent=80539"}],"wp:term":[{"taxonomy":"product_brand","embeddable":true,"href":"https:\/\/www.claret.cat\/es\/wp-json\/wp\/v2\/product_brand?post=80539"},{"taxonomy":"product_cat","embeddable":true,"href":"https:\/\/www.claret.cat\/es\/wp-json\/wp\/v2\/product_cat?post=80539"},{"taxonomy":"product_tag","embeddable":true,"href":"https:\/\/www.claret.cat\/es\/wp-json\/wp\/v2\/product_tag?post=80539"}],"curies":[{"name":"wp","href":"https:\/\/api.w.org\/{rel}","templated":true}]}}