{"id":80545,"date":"2022-10-11T16:37:16","date_gmt":"2022-10-11T14:37:16","guid":{"rendered":"http:\/\/dev.claret.cat\/producte\/el-senor-de-bembibre-adaptacion-de-rosa-navarro-duran\/"},"modified":"2024-02-08T12:39:03","modified_gmt":"2024-02-08T11:39:03","slug":"el-senor-de-bembibre-adaptacion-de-rosa-navarro-duran-9788468352961","status":"publish","type":"product","link":"https:\/\/www.claret.cat\/es\/libro\/el-senor-de-bembibre-adaptacion-de-rosa-navarro-duran-9788468352961\/","title":{"rendered":"EL SE\u00d1OR DE BEMBIBRE (ADAPTACI\u00d3N DE ROSA NAVARRO DUR\u00c1N)"},"content":{"rendered":"<p>El se\u00f1or de Bembibre, de Enrique Gil y Carrasco, es una espl\u00e9ndida novela rom\u00e1ntica: muy bien construida, con una historia de amor intens\u00edsima, vivida por dos personajes inolvidables, y que tiene como fondo hist\u00f3rico la persecuci\u00f3n de la Orden del Temple. Do\u00f1a Beatriz de Ossorio es sin duda la mejor hero\u00edna rom\u00e1ntica de nuestras letras: su belleza va a la par de su inteligencia y de su sensibilidad; no se doblega ante imposiciones, pero s\u00ed ante los sentimientos. El generoso, valiente y apuesto don \u00c1lvaro Y\u00e1\u00f1ez comparte con ella la vivencia apasionada del amor; igual que uno no pod\u00eda vivir sin el otro, tampoco pueden separarse sus im\u00e1genes impresas en la arena literaria. Y como fondo de esta historia de amor est\u00e1 el hermoso paisaje del Bierzo magistralmente descrito, fundi\u00e9ndose con las vivencias y sentimientos de los protagonistas.<\/p>\n","protected":false},"excerpt":{"rendered":"<p>NAVARRO DUR\u00c1N, ROSA<\/p>\n","protected":false},"featured_media":80546,"template":"","meta":{"_acf_changed":false,"om_disable_all_campaigns":false,"rs_blank_template":"","rs_page_bg_color":"","slide_template_v7":"","inline_featured_image":false,"_monsterinsights_skip_tracking":false,"_monsterinsights_sitenote_active":false,"_monsterinsights_sitenote_note":"","_monsterinsights_sitenote_category":0},"product_brand":[],"product_cat":[90,540],"product_tag":[],"class_list":{"0":"post-80545","1":"product","2":"type-product","3":"status-publish","4":"has-post-thumbnail","6":"product_cat-altres","7":"product_cat-otros","9":"first","10":"instock","11":"taxable","12":"shipping-taxable","13":"purchasable","14":"product-type-simple"},"acf":{"editorial":[{"ID":6193,"post_author":"3","post_date":"2022-07-28 17:46:53","post_date_gmt":"2022-07-28 15:46:53","post_content":"","post_title":"EDEBE GUADIEL","post_excerpt":"","post_status":"publish","comment_status":"closed","ping_status":"closed","post_password":"","post_name":"edebe-guadiel","to_ping":"","pinged":"","post_modified":"2022-07-28 17:46:53","post_modified_gmt":"2022-07-28 15:46:53","post_content_filtered":"","post_parent":0,"guid":"http:\/\/dev.claret.cat\/editorial\/edebe-guadiel\/","menu_order":0,"post_type":"editorial","post_mime_type":"","comment_count":"0","filter":"raw"}],"autor":"NAVARRO DUR\u00c1N, ROSA","codart":"846835296","libros-coleccion":"FORA DE COL.LECCI\u00d3","ediciones":"1","encuadernacion":"R\u00fastica","fecha_de_publicacion":"01\/06\/2021","novedad":"1","paginas":"300","subtitulo":"","orden":"0","portada":"0","idioma":"spa","autores-libros":[{"ID":168514,"post_author":"3","post_date":"2022-10-14 22:19:44","post_date_gmt":"2022-10-14 20:19:44","post_content":"","post_title":"ROSA NAVARRO DURAN","post_excerpt":"","post_status":"publish","comment_status":"closed","ping_status":"closed","post_password":"","post_name":"rosa-navarro-duran","to_ping":"","pinged":"","post_modified":"2022-10-14 22:19:44","post_modified_gmt":"2022-10-14 20:19:44","post_content_filtered":"","post_parent":0,"guid":"http:\/\/dev.claret.cat\/autor\/rosa-navarro-duran\/","menu_order":0,"post_type":"autor","post_mime_type":"","comment_count":"0","filter":"raw"}]},"aioseo_notices":[],"_links":{"self":[{"href":"https:\/\/www.claret.cat\/es\/wp-json\/wp\/v2\/product\/80545","targetHints":{"allow":["GET"]}}],"collection":[{"href":"https:\/\/www.claret.cat\/es\/wp-json\/wp\/v2\/product"}],"about":[{"href":"https:\/\/www.claret.cat\/es\/wp-json\/wp\/v2\/types\/product"}],"wp:featuredmedia":[{"embeddable":true,"href":"https:\/\/www.claret.cat\/es\/wp-json\/wp\/v2\/media\/80546"}],"wp:attachment":[{"href":"https:\/\/www.claret.cat\/es\/wp-json\/wp\/v2\/media?parent=80545"}],"wp:term":[{"taxonomy":"product_brand","embeddable":true,"href":"https:\/\/www.claret.cat\/es\/wp-json\/wp\/v2\/product_brand?post=80545"},{"taxonomy":"product_cat","embeddable":true,"href":"https:\/\/www.claret.cat\/es\/wp-json\/wp\/v2\/product_cat?post=80545"},{"taxonomy":"product_tag","embeddable":true,"href":"https:\/\/www.claret.cat\/es\/wp-json\/wp\/v2\/product_tag?post=80545"}],"curies":[{"name":"wp","href":"https:\/\/api.w.org\/{rel}","templated":true}]}}