{"id":80557,"date":"2022-10-11T16:37:24","date_gmt":"2022-10-11T14:37:24","guid":{"rendered":"http:\/\/dev.claret.cat\/producte\/las-brujas-de-brooklyn\/"},"modified":"2025-01-05T18:20:17","modified_gmt":"2025-01-05T17:20:17","slug":"las-brujas-de-brooklyn-9788468353708","status":"publish","type":"product","link":"https:\/\/www.claret.cat\/es\/libro\/las-brujas-de-brooklyn-9788468353708\/","title":{"rendered":"LAS BRUJAS DE BROOKLYN"},"content":{"rendered":"<p>\u00a1Hay una nueva bruja en la ciudad!  Effie tiene nuevo hogar, nueva escuela y nuevos amigos (aunque resulte dif\u00edcil al principio); pero su nueva vida en Brooklyn se vuelve a\u00fan m\u00e1s extra\u00f1a cuando Effie descubre que la MAGIA le viene de familia&#8230;  Las brujas de Brooklyn es el primer libro de la trilog\u00eda. El c\u00f3mic lo ha escrito y dibujado Sophie Escabasse, ilustradora francesa que vive en Nueva York. Esta es su primera novela gr\u00e1fica aunque ha publicado otros libros como ilustradora. Si quieres saber m\u00e1s sobre ella: https:\/\/www.esofii.com\/witches-of-brooklyn<\/p>\n","protected":false},"excerpt":{"rendered":"<p>ESCABASSE, SOPHIE<\/p>\n","protected":false},"featured_media":80558,"template":"","meta":{"_acf_changed":false,"om_disable_all_campaigns":false,"rs_blank_template":"","rs_page_bg_color":"","slide_template_v7":"","inline_featured_image":false,"_monsterinsights_skip_tracking":false,"_monsterinsights_sitenote_active":false,"_monsterinsights_sitenote_note":"","_monsterinsights_sitenote_category":0},"product_brand":[],"product_cat":[90,540],"product_tag":[],"class_list":{"0":"post-80557","1":"product","2":"type-product","3":"status-publish","4":"has-post-thumbnail","6":"product_cat-altres","7":"product_cat-otros","9":"first","10":"instock","11":"taxable","12":"shipping-taxable","13":"purchasable","14":"product-type-simple"},"acf":{"editorial":[{"ID":6193,"post_author":"3","post_date":"2022-07-28 17:46:53","post_date_gmt":"2022-07-28 15:46:53","post_content":"","post_title":"EDEBE GUADIEL","post_excerpt":"","post_status":"publish","comment_status":"closed","ping_status":"closed","post_password":"","post_name":"edebe-guadiel","to_ping":"","pinged":"","post_modified":"2022-07-28 17:46:53","post_modified_gmt":"2022-07-28 15:46:53","post_content_filtered":"","post_parent":0,"guid":"http:\/\/dev.claret.cat\/editorial\/edebe-guadiel\/","menu_order":0,"post_type":"editorial","post_mime_type":"","comment_count":"0","filter":"raw"}],"autor":"ESCABASSE, SOPHIE","codart":"846835370","libros-coleccion":"EDEBE","ediciones":"1","encuadernacion":"R\u00fastica","fecha_de_publicacion":"01\/10\/2021","novedad":"1","paginas":"227","subtitulo":"","orden":"0","portada":"0","idioma":"spa","autores-libros":[{"ID":169693,"post_author":"3","post_date":"2022-10-14 22:29:16","post_date_gmt":"2022-10-14 20:29:16","post_content":"","post_title":"SOPHIE ESCABASSE","post_excerpt":"","post_status":"publish","comment_status":"closed","ping_status":"closed","post_password":"","post_name":"sophie-escabasse","to_ping":"","pinged":"","post_modified":"2022-10-14 22:29:16","post_modified_gmt":"2022-10-14 20:29:16","post_content_filtered":"","post_parent":0,"guid":"http:\/\/dev.claret.cat\/autor\/sophie-escabasse\/","menu_order":0,"post_type":"autor","post_mime_type":"","comment_count":"0","filter":"raw"}]},"aioseo_notices":[],"_links":{"self":[{"href":"https:\/\/www.claret.cat\/es\/wp-json\/wp\/v2\/product\/80557","targetHints":{"allow":["GET"]}}],"collection":[{"href":"https:\/\/www.claret.cat\/es\/wp-json\/wp\/v2\/product"}],"about":[{"href":"https:\/\/www.claret.cat\/es\/wp-json\/wp\/v2\/types\/product"}],"wp:featuredmedia":[{"embeddable":true,"href":"https:\/\/www.claret.cat\/es\/wp-json\/wp\/v2\/media\/80558"}],"wp:attachment":[{"href":"https:\/\/www.claret.cat\/es\/wp-json\/wp\/v2\/media?parent=80557"}],"wp:term":[{"taxonomy":"product_brand","embeddable":true,"href":"https:\/\/www.claret.cat\/es\/wp-json\/wp\/v2\/product_brand?post=80557"},{"taxonomy":"product_cat","embeddable":true,"href":"https:\/\/www.claret.cat\/es\/wp-json\/wp\/v2\/product_cat?post=80557"},{"taxonomy":"product_tag","embeddable":true,"href":"https:\/\/www.claret.cat\/es\/wp-json\/wp\/v2\/product_tag?post=80557"}],"curies":[{"name":"wp","href":"https:\/\/api.w.org\/{rel}","templated":true}]}}