{"id":80659,"date":"2022-10-11T16:38:39","date_gmt":"2022-10-11T14:38:39","guid":{"rendered":"http:\/\/dev.claret.cat\/producte\/cientificas\/"},"modified":"2023-01-28T04:45:42","modified_gmt":"2023-01-28T03:45:42","slug":"cientificas-9788413610672","status":"publish","type":"product","link":"https:\/\/www.claret.cat\/es\/libro\/cientificas-9788413610672\/","title":{"rendered":"CIENT\u00cdFICAS"},"content":{"rendered":"<p>En este libro descubrir\u00e1s la vida de las mujeres m\u00e1s ingeniosas de la historia: arque\u00f3logas, f\u00edsicas, astr\u00f3nomas\u2026 \u00a1todas ellas fueron excepcionales cient\u00edficas! Entre otras, conocer\u00e1s a la valiente cosmonauta que se convirti\u00f3 en la primera mujer que viaj\u00f3 al espacio, a la brillante matem\u00e1tica que invent\u00f3 el lenguaje de los ordenadores, y a la antrop\u00f3loga que dedic\u00f3 su vida a estudiar y proteger a los gorilas. \u00a1Porque las mujeres tambi\u00e9n hacen historia!<\/p>\n","protected":false},"excerpt":{"rendered":"<p>SERRET, CRISTINA<\/p>\n","protected":false},"featured_media":275998,"template":"","meta":{"_acf_changed":false,"om_disable_all_campaigns":false,"rs_blank_template":"","rs_page_bg_color":"","slide_template_v7":"","inline_featured_image":false,"_monsterinsights_skip_tracking":false,"_monsterinsights_sitenote_active":false,"_monsterinsights_sitenote_note":"","_monsterinsights_sitenote_category":0},"product_brand":[],"product_cat":[90,540],"product_tag":[],"class_list":{"0":"post-80659","1":"product","2":"type-product","3":"status-publish","4":"has-post-thumbnail","6":"product_cat-altres","7":"product_cat-otros","9":"first","10":"instock","11":"taxable","12":"shipping-taxable","13":"purchasable","14":"product-type-simple"},"acf":{"editorial":[{"ID":148810,"post_author":"3","post_date":"2022-10-14 12:01:10","post_date_gmt":"2022-10-14 10:01:10","post_content":"","post_title":"SHACKLETON BOOKS","post_excerpt":"","post_status":"publish","comment_status":"closed","ping_status":"closed","post_password":"","post_name":"shackleton-books","to_ping":"","pinged":"","post_modified":"2022-10-14 12:01:10","post_modified_gmt":"2022-10-14 10:01:10","post_content_filtered":"","post_parent":0,"guid":"http:\/\/dev.claret.cat\/editorial\/shackleton-books\/","menu_order":0,"post_type":"editorial","post_mime_type":"","comment_count":"0","filter":"raw"}],"autores-libros":[{"ID":153396,"post_author":"3","post_date":"2022-10-14 14:56:26","post_date_gmt":"2022-10-14 12:56:26","post_content":"","post_title":"CRISTINA SERRET","post_excerpt":"","post_status":"publish","comment_status":"closed","ping_status":"closed","post_password":"","post_name":"cristina-serret","to_ping":"","pinged":"","post_modified":"2022-10-14 14:56:26","post_modified_gmt":"2022-10-14 12:56:26","post_content_filtered":"","post_parent":0,"guid":"http:\/\/dev.claret.cat\/autor\/cristina-serret\/","menu_order":0,"post_type":"autor","post_mime_type":"","comment_count":"0","filter":"raw"}],"autor":"SERRET, CRISTINA","codart":"841361067","libros-coleccion":"Shackleton Kids","ediciones":"1","encuadernacion":"Carton\u00e9","fecha_de_publicacion":"01\/10\/2021","novedad":"1","paginas":"71","subtitulo":"ASTR\u00d3NOMAS, BI\u00d3LOGAS, INGENIERAS Y MUCHAS M\u00c1S QUE HAN HECHO HISTORIA","orden":"0","portada":"0","idioma":"spa"},"aioseo_notices":[],"_links":{"self":[{"href":"https:\/\/www.claret.cat\/es\/wp-json\/wp\/v2\/product\/80659","targetHints":{"allow":["GET"]}}],"collection":[{"href":"https:\/\/www.claret.cat\/es\/wp-json\/wp\/v2\/product"}],"about":[{"href":"https:\/\/www.claret.cat\/es\/wp-json\/wp\/v2\/types\/product"}],"wp:featuredmedia":[{"embeddable":true,"href":"https:\/\/www.claret.cat\/es\/wp-json\/wp\/v2\/media\/275998"}],"wp:attachment":[{"href":"https:\/\/www.claret.cat\/es\/wp-json\/wp\/v2\/media?parent=80659"}],"wp:term":[{"taxonomy":"product_brand","embeddable":true,"href":"https:\/\/www.claret.cat\/es\/wp-json\/wp\/v2\/product_brand?post=80659"},{"taxonomy":"product_cat","embeddable":true,"href":"https:\/\/www.claret.cat\/es\/wp-json\/wp\/v2\/product_cat?post=80659"},{"taxonomy":"product_tag","embeddable":true,"href":"https:\/\/www.claret.cat\/es\/wp-json\/wp\/v2\/product_tag?post=80659"}],"curies":[{"name":"wp","href":"https:\/\/api.w.org\/{rel}","templated":true}]}}