{"id":80698,"date":"2022-10-11T16:39:13","date_gmt":"2022-10-11T14:39:13","guid":{"rendered":"http:\/\/dev.claret.cat\/producte\/papa-francisco-calendario-de-pared-2022\/"},"modified":"2024-05-02T12:22:02","modified_gmt":"2024-05-02T10:22:02","slug":"papa-francisco-calendario-de-pared-2022-9788427145436","status":"publish","type":"product","link":"https:\/\/www.claret.cat\/es\/libro\/papa-francisco-calendario-de-pared-2022-9788427145436\/","title":{"rendered":"PAPA FRANCISCO. CALENDARIO DE PARED 2022"},"content":{"rendered":"<p>Novedoso y atractivo modelo de calendario de pared con reproducciones de im\u00e1genes del Papa Francisco. La colecci\u00f3n ofrece cuatro modelos m\u00e1s: ICONOS, ROM\u00c1NICO, PA\u00cdS VASCO y A\u00d1O CRISTIANO.<\/p>\n","protected":false},"excerpt":{"rendered":"<p>MENSAJERO<\/p>\n","protected":false},"featured_media":332793,"template":"","meta":{"_acf_changed":false,"om_disable_all_campaigns":false,"rs_blank_template":"","rs_page_bg_color":"","slide_template_v7":"","inline_featured_image":false,"_monsterinsights_skip_tracking":false,"_monsterinsights_sitenote_active":false,"_monsterinsights_sitenote_note":"","_monsterinsights_sitenote_category":0},"product_brand":[],"product_cat":[552,102],"product_tag":[],"class_list":{"0":"post-80698","1":"product","2":"type-product","3":"status-publish","4":"has-post-thumbnail","6":"product_cat-calendarios-y-agendas","7":"product_cat-calendaris-i-agendes","9":"first","10":"instock","11":"taxable","12":"shipping-taxable","13":"purchasable","14":"product-type-simple"},"acf":{"editorial":[{"ID":8258,"post_author":"3","post_date":"2022-09-30 09:21:32","post_date_gmt":"2022-09-30 07:21:32","post_content":"","post_title":"MENSAJERO","post_excerpt":"","post_status":"publish","comment_status":"closed","ping_status":"closed","post_password":"","post_name":"mensajero","to_ping":"","pinged":"","post_modified":"2022-09-30 09:21:32","post_modified_gmt":"2022-09-30 07:21:32","post_content_filtered":"","post_parent":0,"guid":"http:\/\/dev.claret.cat\/editorial\/mensajero\/","menu_order":0,"post_type":"editorial","post_mime_type":"","comment_count":"0","filter":"raw"}],"autor":"MENSAJERO","codart":"842714543","libros-coleccion":"TACOS","ediciones":"1","encuadernacion":"Carpeta","fecha_de_publicacion":"12\/07\/2021","novedad":"1","paginas":"12","subtitulo":"","orden":"0","portada":"0","idioma":"spa","autores-libros":[{"ID":164679,"post_author":"3","post_date":"2022-10-14 17:49:01","post_date_gmt":"2022-10-14 15:49:01","post_content":"","post_title":"MENSAJERO","post_excerpt":"","post_status":"publish","comment_status":"closed","ping_status":"closed","post_password":"","post_name":"mensajero","to_ping":"","pinged":"","post_modified":"2022-10-14 17:49:01","post_modified_gmt":"2022-10-14 15:49:01","post_content_filtered":"","post_parent":0,"guid":"http:\/\/dev.claret.cat\/autor\/mensajero\/","menu_order":0,"post_type":"autor","post_mime_type":"","comment_count":"0","filter":"raw"}]},"aioseo_notices":[],"_links":{"self":[{"href":"https:\/\/www.claret.cat\/es\/wp-json\/wp\/v2\/product\/80698","targetHints":{"allow":["GET"]}}],"collection":[{"href":"https:\/\/www.claret.cat\/es\/wp-json\/wp\/v2\/product"}],"about":[{"href":"https:\/\/www.claret.cat\/es\/wp-json\/wp\/v2\/types\/product"}],"wp:featuredmedia":[{"embeddable":true,"href":"https:\/\/www.claret.cat\/es\/wp-json\/wp\/v2\/media\/332793"}],"wp:attachment":[{"href":"https:\/\/www.claret.cat\/es\/wp-json\/wp\/v2\/media?parent=80698"}],"wp:term":[{"taxonomy":"product_brand","embeddable":true,"href":"https:\/\/www.claret.cat\/es\/wp-json\/wp\/v2\/product_brand?post=80698"},{"taxonomy":"product_cat","embeddable":true,"href":"https:\/\/www.claret.cat\/es\/wp-json\/wp\/v2\/product_cat?post=80698"},{"taxonomy":"product_tag","embeddable":true,"href":"https:\/\/www.claret.cat\/es\/wp-json\/wp\/v2\/product_tag?post=80698"}],"curies":[{"name":"wp","href":"https:\/\/api.w.org\/{rel}","templated":true}]}}