{"id":80799,"date":"2022-10-11T16:40:36","date_gmt":"2022-10-11T14:40:36","guid":{"rendered":"http:\/\/dev.claret.cat\/producte\/orar-con-san-ignacio-de-loyola\/"},"modified":"2026-02-25T15:45:11","modified_gmt":"2026-02-25T14:45:11","slug":"orar-con-san-ignacio-de-loyola-9788428563192","status":"publish","type":"product","link":"https:\/\/www.claret.cat\/es\/libro\/orar-con-san-ignacio-de-loyola-9788428563192\/","title":{"rendered":"ORAR CON SAN IGNACIO DE LOYOLA"},"content":{"rendered":"<p>Este peque\u00f1o folleto ofrece una selecci\u00f3n de textos san Ignacio sobre la oraci\u00f3n, tomados de los Ejercicios espirituales, acompa\u00f1ados de bellas fotograf\u00edas que invitan al recogimiento y la meditaci\u00f3n. Las palabras de san Ignacio constituyen una aut\u00e9ntica escuela de oraci\u00f3n y entrega confiada al Se\u00f1or.<\/p>\n","protected":false},"excerpt":{"rendered":"<p>SAN PABLO<\/p>\n","protected":false},"featured_media":450646,"template":"","meta":{"_acf_changed":false,"om_disable_all_campaigns":false,"rs_blank_template":"","rs_page_bg_color":"","slide_template_v7":"","inline_featured_image":false,"_monsterinsights_skip_tracking":false,"_monsterinsights_sitenote_active":false,"_monsterinsights_sitenote_note":"","_monsterinsights_sitenote_category":0},"product_brand":[],"product_cat":[494,244],"product_tag":[],"class_list":{"0":"post-80799","1":"product","2":"type-product","3":"status-publish","4":"has-post-thumbnail","6":"product_cat-ignaciana-espiritualidad-1_espiritualidad","7":"product_cat-ignaciana","9":"first","10":"instock","11":"taxable","12":"shipping-taxable","13":"purchasable","14":"product-type-simple"},"acf":{"editorial":[{"ID":6356,"post_author":"3","post_date":"2022-07-28 17:50:26","post_date_gmt":"2022-07-28 15:50:26","post_content":"","post_title":"SAN PABLO COMUNICACI\u00d3N","post_excerpt":"","post_status":"publish","comment_status":"closed","ping_status":"closed","post_password":"","post_name":"san-pablo-comunicacion","to_ping":"","pinged":"","post_modified":"2022-07-28 17:50:26","post_modified_gmt":"2022-07-28 15:50:26","post_content_filtered":"","post_parent":0,"guid":"http:\/\/dev.claret.cat\/editorial\/san-pablo-comunicacion\/","menu_order":0,"post_type":"editorial","post_mime_type":"","comment_count":"0","filter":"raw"}],"autores-libros":[{"ID":6015,"post_author":"3","post_date":"2022-07-28 17:36:21","post_date_gmt":"2022-07-28 15:36:21","post_content":"","post_title":"SAN PABLO","post_excerpt":"","post_status":"publish","comment_status":"closed","ping_status":"closed","post_password":"","post_name":"san-pablo","to_ping":"","pinged":"","post_modified":"2022-07-28 17:36:21","post_modified_gmt":"2022-07-28 15:36:21","post_content_filtered":"","post_parent":0,"guid":"http:\/\/dev.claret.cat\/autor\/san-pablo\/","menu_order":0,"post_type":"autor","post_mime_type":"","comment_count":"0","filter":"raw"}],"autor":"SAN PABLO","codart":"842856319","libros-coleccion":"Brotes","ediciones":"1","encuadernacion":"Grapado","fecha_de_publicacion":"21\/10\/2021","novedad":"1","paginas":"24","subtitulo":"","orden":"0","portada":"0","idioma":"spa","booktrailer":"","resenas":""},"aioseo_notices":[],"_links":{"self":[{"href":"https:\/\/www.claret.cat\/es\/wp-json\/wp\/v2\/product\/80799","targetHints":{"allow":["GET"]}}],"collection":[{"href":"https:\/\/www.claret.cat\/es\/wp-json\/wp\/v2\/product"}],"about":[{"href":"https:\/\/www.claret.cat\/es\/wp-json\/wp\/v2\/types\/product"}],"wp:featuredmedia":[{"embeddable":true,"href":"https:\/\/www.claret.cat\/es\/wp-json\/wp\/v2\/media\/450646"}],"wp:attachment":[{"href":"https:\/\/www.claret.cat\/es\/wp-json\/wp\/v2\/media?parent=80799"}],"wp:term":[{"taxonomy":"product_brand","embeddable":true,"href":"https:\/\/www.claret.cat\/es\/wp-json\/wp\/v2\/product_brand?post=80799"},{"taxonomy":"product_cat","embeddable":true,"href":"https:\/\/www.claret.cat\/es\/wp-json\/wp\/v2\/product_cat?post=80799"},{"taxonomy":"product_tag","embeddable":true,"href":"https:\/\/www.claret.cat\/es\/wp-json\/wp\/v2\/product_tag?post=80799"}],"curies":[{"name":"wp","href":"https:\/\/api.w.org\/{rel}","templated":true}]}}