{"id":80808,"date":"2022-10-11T16:40:43","date_gmt":"2022-10-11T14:40:43","guid":{"rendered":"http:\/\/dev.claret.cat\/producte\/subiendo-la-montana-con-el-padre-pio\/"},"modified":"2026-02-23T16:23:52","modified_gmt":"2026-02-23T15:23:52","slug":"subiendo-la-montana-con-el-padre-pio-9788428563246","status":"publish","type":"product","link":"https:\/\/www.claret.cat\/es\/libro\/subiendo-la-montana-con-el-padre-pio-9788428563246\/","title":{"rendered":"SUBIENDO LA MONTA\u00d1A CON EL PADRE P\u00cdO"},"content":{"rendered":"<p>En estos tiempos dif\u00edciles se hace m\u00e1s necesario que nunca contar con la ayuda de un director espiritual que nos gu\u00ede en medio de las turbulencias y la marea de sufrimiento que vivimos. Laureano Ben\u00edtez expone en este libro las ense\u00f1anzas del Padre P\u00edo de Pietrelcina como si fueran un programa de direcci\u00f3n espiritual dedicado a cada uno de nosotros, para que el Santo de los estigmas nos conduzca, en la intimidad de nuestra alma, por el camino de la verdad, la redenci\u00f3n y la vida. El sendero que conduce a la monta\u00f1a de la santidad es abrupto, pero podemos tener la confianza absoluta de que ser\u00e1 fruct\u00edfero, porque, como el Padre P\u00edo dijo: \u00ab\u00a1De los que asciendan a este monte, nadie volver\u00e1 con las manos vac\u00edas!\u00bb.<\/p>\n","protected":false},"excerpt":{"rendered":"<p>BEN\u00cdTEZ GRANDE-CABALLERO, LAUREANO<\/p>\n","protected":false},"featured_media":1085677,"template":"","meta":{"_acf_changed":false,"om_disable_all_campaigns":false,"rs_blank_template":"","rs_page_bg_color":"","slide_template_v7":"","inline_featured_image":false,"_monsterinsights_skip_tracking":false,"_monsterinsights_sitenote_active":false,"_monsterinsights_sitenote_note":"","_monsterinsights_sitenote_category":0},"product_brand":[],"product_cat":[543,93,542,92],"product_tag":[],"class_list":{"0":"post-80808","1":"product","2":"type-product","3":"status-publish","4":"has-post-thumbnail","6":"product_cat-eclesiologia-es","7":"product_cat-eclesiologia","8":"product_cat-vida-religiosa-1_espiritualidad-spa","9":"product_cat-vida-religiosa","11":"first","12":"instock","13":"taxable","14":"shipping-taxable","15":"purchasable","16":"product-type-simple"},"acf":{"editorial":[{"ID":6356,"post_author":"3","post_date":"2022-07-28 17:50:26","post_date_gmt":"2022-07-28 15:50:26","post_content":"","post_title":"SAN PABLO COMUNICACI\u00d3N","post_excerpt":"","post_status":"publish","comment_status":"closed","ping_status":"closed","post_password":"","post_name":"san-pablo-comunicacion","to_ping":"","pinged":"","post_modified":"2022-07-28 17:50:26","post_modified_gmt":"2022-07-28 15:50:26","post_content_filtered":"","post_parent":0,"guid":"http:\/\/dev.claret.cat\/editorial\/san-pablo-comunicacion\/","menu_order":0,"post_type":"editorial","post_mime_type":"","comment_count":"0","filter":"raw"}],"autor":"BEN\u00cdTEZ GRANDE-CABALLERO, LAUREANO","codart":"842856324","libros-coleccion":"TESTIGOS","ediciones":"1","encuadernacion":"R\u00fastica","fecha_de_publicacion":"21\/10\/2021","novedad":"1","paginas":"214","subtitulo":"EL SANTO DE LOS ESTIGMAS NOS DIRIGE ESPIRITUALMENTE","orden":"0","portada":"0","idioma":"spa","autores-libros":[{"ID":162020,"post_author":"3","post_date":"2022-10-14 17:27:43","post_date_gmt":"2022-10-14 15:27:43","post_content":"","post_title":"LAUREANO BEN\u00cdTEZ GRANDE-CABALLERO","post_excerpt":"","post_status":"publish","comment_status":"closed","ping_status":"closed","post_password":"","post_name":"laureano-benitez-grande-caballero","to_ping":"","pinged":"","post_modified":"2022-10-14 17:27:43","post_modified_gmt":"2022-10-14 15:27:43","post_content_filtered":"","post_parent":0,"guid":"http:\/\/dev.claret.cat\/autor\/laureano-benitez-grande-caballero\/","menu_order":0,"post_type":"autor","post_mime_type":"","comment_count":"0","filter":"raw"}],"booktrailer":"","resenas":""},"aioseo_notices":[],"_links":{"self":[{"href":"https:\/\/www.claret.cat\/es\/wp-json\/wp\/v2\/product\/80808","targetHints":{"allow":["GET"]}}],"collection":[{"href":"https:\/\/www.claret.cat\/es\/wp-json\/wp\/v2\/product"}],"about":[{"href":"https:\/\/www.claret.cat\/es\/wp-json\/wp\/v2\/types\/product"}],"wp:featuredmedia":[{"embeddable":true,"href":"https:\/\/www.claret.cat\/es\/wp-json\/wp\/v2\/media\/1085677"}],"wp:attachment":[{"href":"https:\/\/www.claret.cat\/es\/wp-json\/wp\/v2\/media?parent=80808"}],"wp:term":[{"taxonomy":"product_brand","embeddable":true,"href":"https:\/\/www.claret.cat\/es\/wp-json\/wp\/v2\/product_brand?post=80808"},{"taxonomy":"product_cat","embeddable":true,"href":"https:\/\/www.claret.cat\/es\/wp-json\/wp\/v2\/product_cat?post=80808"},{"taxonomy":"product_tag","embeddable":true,"href":"https:\/\/www.claret.cat\/es\/wp-json\/wp\/v2\/product_tag?post=80808"}],"curies":[{"name":"wp","href":"https:\/\/api.w.org\/{rel}","templated":true}]}}