{"id":80924,"date":"2022-10-11T16:42:18","date_gmt":"2022-10-11T14:42:18","guid":{"rendered":"http:\/\/dev.claret.cat\/producte\/gotico\/"},"modified":"2026-02-26T14:51:05","modified_gmt":"2026-02-26T13:51:05","slug":"gotico-9788418725234","status":"publish","type":"product","link":"https:\/\/www.claret.cat\/es\/libro\/gotico-9788418725234\/","title":{"rendered":"G\u00d3TICO"},"content":{"rendered":"<p>* Una historia que cautivar\u00e1 a cualquiera que desee levantar el velo de nuestra fascinaci\u00f3n por lo espeluznante, lo m\u00f3rbido y lo sobrenatural.<br \/> * A trav\u00e9s de un viaje en el tiempo, recorriendo sus distintas formas de expresi\u00f3n, este libro traza los caminos entrecruzados del g\u00f3tico, desde las sombras de la historia hasta el coraz\u00f3n mismo de la cultura popular contempor\u00e1nea. <br \/> * Ruinas, demonios inmortales, pasajes oscuros y bosques repletos de terrores expuestos y escondidos: los bucles del g\u00f3tico se han arrastrado por la arquitectura de iglesias, mezquitas y casas se\u00f1oriales, irrumpiendo incluso en los grandes almacenes de las zonas perif\u00e9ricas y en ciudades superpobladas.<\/p>\n<p> La palabra g\u00f3tico evoca asociaciones con lo oscuro y lo melanc\u00f3lico, lo extra\u00f1o y lo temido, as\u00ed como lugares y personas embrujados. Este libro es una mirada sin precedentes a las formas en las que este extra\u00f1o estilo se ha manifestado a trav\u00e9s de la arquitectura, la literatura, el cine, el arte, los videojuegos y m\u00e1s. Desde las obras de Victor Hugo y E. T. A. Hoffmann hasta el g\u00f3tico del sur, el folclore antiguo y las pel\u00edculas de terror cl\u00e1sicas, se explora c\u00f3mo una est\u00e9tica que comenz\u00f3 en los m\u00e1rgenes se ha reinventado a lo largo de los siglos para convertirse en parte de la cultura global dominante.<\/p>\n<p> El libro empieza hablando de la arquitectura y la forma g\u00f3ticas, incluidos elementos como el arco, la casa y las ruinas. Analiza la representaci\u00f3n del g\u00f3tico en entornos rurales y urbanos, as\u00ed como en el desierto y las zonas fronterizas. A continuaci\u00f3n, se adentra en las tradiciones y escenarios g\u00f3ticos de todo el mundo, desde los sublimes Alpes y el interior de Australia hasta el p\u00e1ramo \u00e1rtico, del oscuro reino folcl\u00f3rico del bosque hasta los paisajes postindustriales de hospitales y asilos abandonados, y luego m\u00e1s all\u00e1 de los l\u00edmites del planeta, al incognoscible horror c\u00f3smico. El autor investiga los monstruos que nos reflejan a nosotros mismos y a la sociedad, y demuestra que a medida que el g\u00f3tico ha viajado por todo el mundo y a trav\u00e9s del tiempo se ha transformado de acuerdo con la forma de nuestros miedos y ansiedades.<\/p>\n","protected":false},"excerpt":{"rendered":"<p>LUCKHURST, ROGER<\/p>\n","protected":false},"featured_media":80925,"template":"","meta":{"_acf_changed":false,"om_disable_all_campaigns":false,"rs_blank_template":"","rs_page_bg_color":"","slide_template_v7":"","inline_featured_image":false,"_monsterinsights_skip_tracking":false,"_monsterinsights_sitenote_active":false,"_monsterinsights_sitenote_note":"","_monsterinsights_sitenote_category":0},"product_brand":[],"product_cat":[110,560,105,555],"product_tag":[],"class_list":{"0":"post-80924","1":"product","2":"type-product","3":"status-publish","4":"has-post-thumbnail","6":"product_cat-art","7":"product_cat-arte","8":"product_cat-regal","9":"product_cat-regalo","11":"first","12":"instock","13":"taxable","14":"shipping-taxable","15":"purchasable","16":"product-type-simple"},"acf":{"autor":"LUCKHURST, ROGER","codart":"841872523","libros-coleccion":"GENERICA","ediciones":"1","encuadernacion":"Carton\u00e9","fecha_de_publicacion":"01\/10\/2021","novedad":"1","paginas":"256","subtitulo":"","orden":"0","portada":"0","idioma":"spa","editorial":[{"ID":147554,"post_author":"3","post_date":"2022-10-14 11:51:27","post_date_gmt":"2022-10-14 09:51:27","post_content":"","post_title":"BLUME (Naturart)","post_excerpt":"","post_status":"publish","comment_status":"closed","ping_status":"closed","post_password":"","post_name":"blume-naturart","to_ping":"","pinged":"","post_modified":"2022-10-14 11:51:27","post_modified_gmt":"2022-10-14 09:51:27","post_content_filtered":"","post_parent":0,"guid":"http:\/\/dev.claret.cat\/editorial\/blume-naturart\/","menu_order":0,"post_type":"editorial","post_mime_type":"","comment_count":"0","filter":"raw"}],"autores-libros":[{"ID":168371,"post_author":"3","post_date":"2022-10-14 18:18:41","post_date_gmt":"2022-10-14 16:18:41","post_content":"","post_title":"ROGER LUCKHURST","post_excerpt":"","post_status":"publish","comment_status":"closed","ping_status":"closed","post_password":"","post_name":"roger-luckhurst","to_ping":"","pinged":"","post_modified":"2022-10-14 18:18:41","post_modified_gmt":"2022-10-14 16:18:41","post_content_filtered":"","post_parent":0,"guid":"http:\/\/dev.claret.cat\/autor\/roger-luckhurst\/","menu_order":0,"post_type":"autor","post_mime_type":"","comment_count":"0","filter":"raw"}],"booktrailer":"","resenas":""},"aioseo_notices":[],"_links":{"self":[{"href":"https:\/\/www.claret.cat\/es\/wp-json\/wp\/v2\/product\/80924","targetHints":{"allow":["GET"]}}],"collection":[{"href":"https:\/\/www.claret.cat\/es\/wp-json\/wp\/v2\/product"}],"about":[{"href":"https:\/\/www.claret.cat\/es\/wp-json\/wp\/v2\/types\/product"}],"wp:featuredmedia":[{"embeddable":true,"href":"https:\/\/www.claret.cat\/es\/wp-json\/wp\/v2\/media\/80925"}],"wp:attachment":[{"href":"https:\/\/www.claret.cat\/es\/wp-json\/wp\/v2\/media?parent=80924"}],"wp:term":[{"taxonomy":"product_brand","embeddable":true,"href":"https:\/\/www.claret.cat\/es\/wp-json\/wp\/v2\/product_brand?post=80924"},{"taxonomy":"product_cat","embeddable":true,"href":"https:\/\/www.claret.cat\/es\/wp-json\/wp\/v2\/product_cat?post=80924"},{"taxonomy":"product_tag","embeddable":true,"href":"https:\/\/www.claret.cat\/es\/wp-json\/wp\/v2\/product_tag?post=80924"}],"curies":[{"name":"wp","href":"https:\/\/api.w.org\/{rel}","templated":true}]}}