{"id":80990,"date":"2022-10-11T16:43:09","date_gmt":"2022-10-11T14:43:09","guid":{"rendered":"http:\/\/dev.claret.cat\/producte\/convivir-con-la-enfermedad-de-parkinson\/"},"modified":"2026-01-19T11:57:03","modified_gmt":"2026-01-19T10:57:03","slug":"convivir-con-la-enfermedad-de-parkinson-9788431336639","status":"publish","type":"product","link":"https:\/\/www.claret.cat\/es\/libro\/convivir-con-la-enfermedad-de-parkinson-9788431336639\/","title":{"rendered":"CONVIVIR CON LA ENFERMEDAD DE PARKINSON"},"content":{"rendered":"<p>La enfermedad de Parkinson es la segunda enfermedad neurodegenerativa m\u00e1s frecuente tras la enfermedad de Alzheimer. Es un trastorno neurol\u00f3gico complejo que requiere de una atenci\u00f3n sociosanitaria integradora para solventar las necesidades diarias de los pacientes y familias que conviven con ella.  A trav\u00e9s de este libro buscamos proporcionar una gu\u00eda completa para las personas con enfermedad de Parkinson, sus familiares, asociaciones de pacientes y personal sanitario interesado, que facilite la convivencia con la enfermedad con un enfoque multidisciplinar y centrado en la persona.<\/p>\n","protected":false},"excerpt":{"rendered":"<p>RIVEROL FERN\u00c1NDEZ, MARIO \/ PORTILLO VEGA, MAR\u00cdA CARMEN<\/p>\n","protected":false},"featured_media":80991,"template":"","meta":{"_acf_changed":false,"om_disable_all_campaigns":false,"rs_blank_template":"","rs_page_bg_color":"","slide_template_v7":"","inline_featured_image":false,"_monsterinsights_skip_tracking":false,"_monsterinsights_sitenote_active":false,"_monsterinsights_sitenote_note":"","_monsterinsights_sitenote_category":0},"product_brand":[],"product_cat":[547,97],"product_tag":[],"class_list":{"0":"post-80990","1":"product","2":"type-product","3":"status-publish","4":"has-post-thumbnail","6":"product_cat-salud","7":"product_cat-salut","9":"first","10":"instock","11":"taxable","12":"shipping-taxable","13":"purchasable","14":"product-type-simple"},"acf":{"editorial":[{"ID":6251,"post_author":"3","post_date":"2022-07-28 17:48:11","post_date_gmt":"2022-07-28 15:48:11","post_content":"","post_title":"EUNSA. EDICIONES UNIVERSIDAD DE NAVARRA","post_excerpt":"","post_status":"publish","comment_status":"closed","ping_status":"closed","post_password":"","post_name":"eunsa-ediciones-universidad-de-navarra","to_ping":"","pinged":"","post_modified":"2022-07-28 17:48:11","post_modified_gmt":"2022-07-28 15:48:11","post_content_filtered":"","post_parent":0,"guid":"http:\/\/dev.claret.cat\/editorial\/eunsa-ediciones-universidad-de-navarra\/","menu_order":0,"post_type":"editorial","post_mime_type":"","comment_count":"0","filter":"raw"}],"autor":"RIVEROL FERN\u00c1NDEZ, MARIO \/ PORTILLO VEGA, MAR\u00cdA CARMEN","codart":"843133663","libros-coleccion":"","ediciones":"1","encuadernacion":"R\u00fastica","fecha_de_publicacion":"01\/10\/2021","novedad":"1","paginas":"246","subtitulo":"UN ABORDAJE CENTRADO EN LA PERSONA","orden":"0","portada":"0","idioma":"spa","autores-libros":[{"ID":163990,"post_author":"3","post_date":"2022-10-14 17:43:28","post_date_gmt":"2022-10-14 15:43:28","post_content":"","post_title":"MARIO RIVEROL FERN\u00c1NDEZ","post_excerpt":"","post_status":"publish","comment_status":"closed","ping_status":"closed","post_password":"","post_name":"mario-riverol-fernandez","to_ping":"","pinged":"","post_modified":"2022-10-14 17:43:28","post_modified_gmt":"2022-10-14 15:43:28","post_content_filtered":"","post_parent":0,"guid":"http:\/\/dev.claret.cat\/autor\/mario-riverol-fernandez\/","menu_order":0,"post_type":"autor","post_mime_type":"","comment_count":"0","filter":"raw"},{"ID":163552,"post_author":"3","post_date":"2022-10-14 17:39:57","post_date_gmt":"2022-10-14 15:39:57","post_content":"","post_title":"MAR\u00cdA CARMEN PORTILLO VEGA","post_excerpt":"","post_status":"publish","comment_status":"closed","ping_status":"closed","post_password":"","post_name":"maria-carmen-portillo-vega","to_ping":"","pinged":"","post_modified":"2022-10-14 17:39:57","post_modified_gmt":"2022-10-14 15:39:57","post_content_filtered":"","post_parent":0,"guid":"http:\/\/dev.claret.cat\/autor\/maria-carmen-portillo-vega\/","menu_order":0,"post_type":"autor","post_mime_type":"","comment_count":"0","filter":"raw"}],"booktrailer":"","resenas":""},"aioseo_notices":[],"_links":{"self":[{"href":"https:\/\/www.claret.cat\/es\/wp-json\/wp\/v2\/product\/80990","targetHints":{"allow":["GET"]}}],"collection":[{"href":"https:\/\/www.claret.cat\/es\/wp-json\/wp\/v2\/product"}],"about":[{"href":"https:\/\/www.claret.cat\/es\/wp-json\/wp\/v2\/types\/product"}],"wp:featuredmedia":[{"embeddable":true,"href":"https:\/\/www.claret.cat\/es\/wp-json\/wp\/v2\/media\/80991"}],"wp:attachment":[{"href":"https:\/\/www.claret.cat\/es\/wp-json\/wp\/v2\/media?parent=80990"}],"wp:term":[{"taxonomy":"product_brand","embeddable":true,"href":"https:\/\/www.claret.cat\/es\/wp-json\/wp\/v2\/product_brand?post=80990"},{"taxonomy":"product_cat","embeddable":true,"href":"https:\/\/www.claret.cat\/es\/wp-json\/wp\/v2\/product_cat?post=80990"},{"taxonomy":"product_tag","embeddable":true,"href":"https:\/\/www.claret.cat\/es\/wp-json\/wp\/v2\/product_tag?post=80990"}],"curies":[{"name":"wp","href":"https:\/\/api.w.org\/{rel}","templated":true}]}}