{"id":81059,"date":"2022-10-11T16:44:00","date_gmt":"2022-10-11T14:44:00","guid":{"rendered":"http:\/\/dev.claret.cat\/producte\/la-felicidad-del-lobo\/"},"modified":"2023-01-28T13:30:01","modified_gmt":"2023-01-28T12:30:01","slug":"la-felicidad-del-lobo-9788439739067","status":"publish","type":"product","link":"https:\/\/www.claret.cat\/es\/libro\/la-felicidad-del-lobo-9788439739067\/","title":{"rendered":"LA FELICIDAD DEL LOBO"},"content":{"rendered":"<p>Despu\u00e9s de Las ocho monta\u00f1as, regresa el autor de los Alpes italianos  con una nueva novela. Un libro que huele a naturaleza. Rodeado de imponentes monta\u00f1as se encuentra el peque\u00f1o pueblo alpino de  Fontana Freda, un lugar ideal para empezar de nuevo. A principios de  oto\u00f1o, Fausto decide dejar atr\u00e1s un matrimonio fallido y la vida  asfixiante de Mil\u00e1n para instalarse durante una temporada  indefinida en  la zona donde pas\u00f3 los veranos de su infancia. Aqu\u00ed intentar\u00e1 encontrar  una nueva voz a su escritura mientras ejerce  de cocinero en el  restaurante regentado por Babette y traba amistad con algunos de los  escasos lugare\u00f1os: un guarda forestal retirado al que le interesan poco  los asuntos humanos y una joven camarera que se encuentra de paso a la  b\u00fasqueda de las monta\u00f1as de cuatro mil metros que conoci\u00f3 en los libros.  El oto\u00f1o cede ante el invierno, y los pastos y los ganaderos dan paso a  las nieves y a los primeros esquiadores, pero tambi\u00e9n al inminente  regreso de los lobos, que, junto al viento, recorrer\u00e1n los profundos valles. Despu\u00e9s de Las ocho monta\u00f1as, la prosa cristalina y apacible de  Paolo Cognetti regresa con una novela purificante que tiene la capacidad de ensanchar los pulmones y ampliar el horizonte. La felicidad del  lobo evoca el poder de la naturaleza #de la alta monta\u00f1a, de sus  cimas y bosques, de sus refugios y de sus animales# para indagar en la libertad y los sue\u00f1os. La cr\u00edtica ha dicho:<br \/>\u00abEl silencio de la naturaleza contra la fealdad del mundo.\u00bb<br \/>Juan Carlos Galindo, El Pa\u00eds \u00abPaolo Cognetti es un verdadero escritor, sabe lo que quiere y lo que hace.\u00bb<br \/>Internazionale De Las ocho monta\u00f1as se dijo:<br \/>\u00abCon el aliento de un cl\u00e1sico, un meteorito llegado de otro tiempo.\u00bb<br \/>La Repubblica \u00abUna joya. Excavando en el silencio, hace que la paternidad y la amistad masculina sean abiertas y salvajes a la vez.\u00bb<br \/>La Stampa \u00abUna pluma sobria y elegante y precisa. Traza un surco literario que te provoca el deseo de seguir.\u00bb<br \/>La Vie \u00abEs tentador adentrarse en la lectura buscando la trampa, la filosof\u00eda  barata, alguna blandenguer\u00eda que explique el \u00e9xito masivo, pero a medida  que van pasando las p\u00e1ginas y no aparece el truco, la desconfianza  inicial se diluye en la agradable sorpresa de encontrarse con un texto  honesto, que pretende contar una historia bien concreta y lo hace con eficacia.\u00bb<br \/>Enrique de H\u00e9riz, El Peri\u00f3dico \u00abUna obra maestra. No sorprende que se le mencione junto a Ernest Hemingway, Jack London y Mark Twain.\u00bb<br \/>Die Zeit De Sin llegar nunca a la cumbre se dijo:<br \/>\u00abDirecto, sencillo, puro como el aire que se respira a cuatro mil metros  de altura.\u00bb<br \/>Arturo Garc\u00eda Ramos, ABC \u00abEl silencio de la naturaleza contra la fealdad del mundo.\u00bb<br \/>Juan Carlos Galindo, El Pa\u00eds \u00abTodo parece f\u00e1cil, con esa manera tan humilde que tiene de enfrentarse  a las grandes cuestiones con t\u00e9rminos aparentemente sencillos, pero que se vuelven desconcertantes por su claridad.\u00bb<br \/>Le Monde<\/p>\n","protected":false},"excerpt":{"rendered":"<p>COGNETTI, PAOLO<\/p>\n","protected":false},"featured_media":81060,"template":"","meta":{"_acf_changed":false,"om_disable_all_campaigns":false,"rs_blank_template":"","rs_page_bg_color":"","slide_template_v7":"","inline_featured_image":false,"_monsterinsights_skip_tracking":false,"_monsterinsights_sitenote_active":false,"_monsterinsights_sitenote_note":"","_monsterinsights_sitenote_category":0},"product_brand":[],"product_cat":[127],"product_tag":[],"class_list":{"0":"post-81059","1":"product","2":"type-product","3":"status-publish","4":"has-post-thumbnail","6":"product_cat-novella-contemporania","8":"first","9":"instock","10":"taxable","11":"shipping-taxable","12":"purchasable","13":"product-type-simple"},"acf":{"editorial":[{"ID":6290,"post_author":"3","post_date":"2022-07-28 17:49:01","post_date_gmt":"2022-07-28 15:49:01","post_content":"","post_title":"LITERATURA RANDOM HOUSE","post_excerpt":"","post_status":"publish","comment_status":"closed","ping_status":"closed","post_password":"","post_name":"literatura-random-house","to_ping":"","pinged":"","post_modified":"2022-07-28 17:49:01","post_modified_gmt":"2022-07-28 15:49:01","post_content_filtered":"","post_parent":0,"guid":"http:\/\/dev.claret.cat\/editorial\/literatura-random-house\/","menu_order":0,"post_type":"editorial","post_mime_type":"","comment_count":"0","filter":"raw"}],"autor":"COGNETTI, PAOLO","codart":"843973906","libros-coleccion":"Literatura","ediciones":"1","encuadernacion":"R\u00fastica","fecha_de_publicacion":"01\/10\/2021","novedad":"1","paginas":"168","subtitulo":"","orden":"0","portada":"0","idioma":"spa","autores-libros":[{"ID":166546,"post_author":"3","post_date":"2022-10-14 18:04:08","post_date_gmt":"2022-10-14 16:04:08","post_content":"","post_title":"PAOLO  COGNETTI","post_excerpt":"","post_status":"publish","comment_status":"closed","ping_status":"closed","post_password":"","post_name":"paolo-cognetti","to_ping":"","pinged":"","post_modified":"2022-10-14 18:04:08","post_modified_gmt":"2022-10-14 16:04:08","post_content_filtered":"","post_parent":0,"guid":"http:\/\/dev.claret.cat\/autor\/paolo-cognetti\/","menu_order":0,"post_type":"autor","post_mime_type":"","comment_count":"0","filter":"raw"}]},"aioseo_notices":[],"_links":{"self":[{"href":"https:\/\/www.claret.cat\/es\/wp-json\/wp\/v2\/product\/81059","targetHints":{"allow":["GET"]}}],"collection":[{"href":"https:\/\/www.claret.cat\/es\/wp-json\/wp\/v2\/product"}],"about":[{"href":"https:\/\/www.claret.cat\/es\/wp-json\/wp\/v2\/types\/product"}],"wp:featuredmedia":[{"embeddable":true,"href":"https:\/\/www.claret.cat\/es\/wp-json\/wp\/v2\/media\/81060"}],"wp:attachment":[{"href":"https:\/\/www.claret.cat\/es\/wp-json\/wp\/v2\/media?parent=81059"}],"wp:term":[{"taxonomy":"product_brand","embeddable":true,"href":"https:\/\/www.claret.cat\/es\/wp-json\/wp\/v2\/product_brand?post=81059"},{"taxonomy":"product_cat","embeddable":true,"href":"https:\/\/www.claret.cat\/es\/wp-json\/wp\/v2\/product_cat?post=81059"},{"taxonomy":"product_tag","embeddable":true,"href":"https:\/\/www.claret.cat\/es\/wp-json\/wp\/v2\/product_tag?post=81059"}],"curies":[{"name":"wp","href":"https:\/\/api.w.org\/{rel}","templated":true}]}}