{"id":81098,"date":"2022-10-11T16:44:28","date_gmt":"2022-10-11T14:44:28","guid":{"rendered":"http:\/\/dev.claret.cat\/producte\/la-felicitat-del-llop\/"},"modified":"2023-01-28T09:57:21","modified_gmt":"2023-01-28T08:57:21","slug":"la-felicitat-del-llop-9788418226373","status":"publish","type":"product","link":"https:\/\/www.claret.cat\/es\/libro\/la-felicitat-del-llop-9788418226373\/","title":{"rendered":"LA FELICITAT DEL LLOP"},"content":{"rendered":"<p>Despr\u00e9s de l&#8217;\u00e8xit mundial de Les vuit muntanyes, l&#8217;autor dels Alps  italians torna als escenaris de sempre amb una nova novel\u00b7la en qu\u00e8 l&#8217;amor, la naturalesa i l&#8221;amistat es barregen. Quan arriba la tardor, Faust decideix deixar enrere un matrimoni frustrat i la vida descontrolada del darrers anys a Mil\u00e0 per  instal\u00b7lar-se indefinidament a la zona on havia passat els estius  d&#8217;infantesa, Fontana Freda, un lloc envoltat de muntanyes imponents,  ideal per comen\u00e7ar de zero. All\u00e0 intenta trobar una nova veu per a la  seva escriptuta, i entretant treballa de cuiner al restaurant de la Babette i trava amistat amb uns quants dels habitants del lloc: un guarda forestal  retirat amb una flaca pels afers humans i una jove cambrera que hi est\u00e0 de pas. La tardor dona pas a l&#8217;hivern, les pastures i els grangers s&#8217;abalteixen  sota la neu i els llops hi tornen de nou per rec\u00f3rrer les profunditats de les valls en copanyia del vent. Despr\u00e9s de Les vuit muntanyes, la prosa cristal\u00b7lina i pausada de  Paolo Cognetti ens porta una novel\u00b7la purificant que t\u00e9 la capacitat de  fer m\u00e9s grans els pulmons i d&#8217;ampliar l&#8217;horitz\u00f3. La felicitat del llop  evoca el poder de la natura, de l&#8217;alta muntanya, amb els cims, els  boscos, els refugis i els animals que l&#8217;habiten, per apregonar, com si res, en la llibertat i en els somnis. La cr\u00edtica n&#8217;ha dit:<br \/>\u00abEl silenci de la natura contra la lletjor del m\u00f3n.\u00bb<br \/>Juan Carlos Galindo, El Pa\u00eds \u00abPaolo Cognetti \u00e9s un escriptor de deb\u00f2, sap el que vol i el que fa.\u00bb<br \/>Internazionale De Les vuit muntanyes es va dir:<br \/>\u00abUna bona amistat \u00e9s un refugi\u00bb.<br \/>Ara \u00abAmb l&#8217;empenta d&#8217;un cl\u00e0ssic, un meteorit vingut d&#8217;un altre temps.\u00bb<br \/>La Repubblica \u00abUna joia. Excavant en el silenci, fa que la paternitat i l&#8217;amistat masculina siguin alhora obertes i salvatges.\u00bb<br \/>La Stampa \u00abUna ploma s\u00f2bria i elegant i precisa. Tra\u00e7a un deixant literari que provoca les ganes de continuar.\u00bb<br \/>La Vie \u00abUna obra mestra. No sorpr\u00e8n que se l&#8217;esmenti al costat d&#8217;Ernest Hemingway, Jack London i Mark Twain.\u00bb<br \/>Die Zeit<\/p>\n","protected":false},"excerpt":{"rendered":"<p>COGNETTI, PAOLO<\/p>\n","protected":false},"featured_media":81099,"template":"","meta":{"_acf_changed":false,"om_disable_all_campaigns":false,"rs_blank_template":"","rs_page_bg_color":"","slide_template_v7":"","inline_featured_image":false,"_monsterinsights_skip_tracking":false,"_monsterinsights_sitenote_active":false,"_monsterinsights_sitenote_note":"","_monsterinsights_sitenote_category":0},"product_brand":[],"product_cat":[127],"product_tag":[],"class_list":{"0":"post-81098","1":"product","2":"type-product","3":"status-publish","4":"has-post-thumbnail","6":"product_cat-novella-contemporania","8":"first","9":"instock","10":"taxable","11":"shipping-taxable","12":"purchasable","13":"product-type-simple"},"acf":{"editorial":[{"ID":6276,"post_author":"3","post_date":"2022-07-28 17:48:43","post_date_gmt":"2022-07-28 15:48:43","post_content":"","post_title":"LA CAMPANA","post_excerpt":"","post_status":"publish","comment_status":"closed","ping_status":"closed","post_password":"","post_name":"la-campana","to_ping":"","pinged":"","post_modified":"2022-07-28 17:48:43","post_modified_gmt":"2022-07-28 15:48:43","post_content_filtered":"","post_parent":0,"guid":"http:\/\/dev.claret.cat\/editorial\/la-campana\/","menu_order":0,"post_type":"editorial","post_mime_type":"","comment_count":"0","filter":"raw"}],"autor":"COGNETTI, PAOLO","codart":"841822637","libros-coleccion":"Narrativa","ediciones":"1","encuadernacion":"R\u00fastica","fecha_de_publicacion":"01\/10\/2021","novedad":"1","paginas":"160","subtitulo":"","orden":"0","portada":"0","idioma":"cat","autores-libros":[{"ID":166546,"post_author":"3","post_date":"2022-10-14 18:04:08","post_date_gmt":"2022-10-14 16:04:08","post_content":"","post_title":"PAOLO  COGNETTI","post_excerpt":"","post_status":"publish","comment_status":"closed","ping_status":"closed","post_password":"","post_name":"paolo-cognetti","to_ping":"","pinged":"","post_modified":"2022-10-14 18:04:08","post_modified_gmt":"2022-10-14 16:04:08","post_content_filtered":"","post_parent":0,"guid":"http:\/\/dev.claret.cat\/autor\/paolo-cognetti\/","menu_order":0,"post_type":"autor","post_mime_type":"","comment_count":"0","filter":"raw"}]},"aioseo_notices":[],"_links":{"self":[{"href":"https:\/\/www.claret.cat\/es\/wp-json\/wp\/v2\/product\/81098","targetHints":{"allow":["GET"]}}],"collection":[{"href":"https:\/\/www.claret.cat\/es\/wp-json\/wp\/v2\/product"}],"about":[{"href":"https:\/\/www.claret.cat\/es\/wp-json\/wp\/v2\/types\/product"}],"wp:featuredmedia":[{"embeddable":true,"href":"https:\/\/www.claret.cat\/es\/wp-json\/wp\/v2\/media\/81099"}],"wp:attachment":[{"href":"https:\/\/www.claret.cat\/es\/wp-json\/wp\/v2\/media?parent=81098"}],"wp:term":[{"taxonomy":"product_brand","embeddable":true,"href":"https:\/\/www.claret.cat\/es\/wp-json\/wp\/v2\/product_brand?post=81098"},{"taxonomy":"product_cat","embeddable":true,"href":"https:\/\/www.claret.cat\/es\/wp-json\/wp\/v2\/product_cat?post=81098"},{"taxonomy":"product_tag","embeddable":true,"href":"https:\/\/www.claret.cat\/es\/wp-json\/wp\/v2\/product_tag?post=81098"}],"curies":[{"name":"wp","href":"https:\/\/api.w.org\/{rel}","templated":true}]}}