{"id":81149,"date":"2022-10-11T16:45:09","date_gmt":"2022-10-11T14:45:09","guid":{"rendered":"http:\/\/dev.claret.cat\/producte\/contemplando-la-vida-ciclo-c\/"},"modified":"2024-05-02T17:24:49","modified_gmt":"2024-05-02T15:24:49","slug":"contemplando-la-vida-ciclo-c-9788413790602","status":"publish","type":"product","link":"https:\/\/www.claret.cat\/es\/libro\/contemplando-la-vida-ciclo-c-9788413790602\/","title":{"rendered":"CONTEMPLANDO LA VIDA &#8211; CICLO C"},"content":{"rendered":"<p>Han pasado cuatro a\u00f1os desde que de una forma espont\u00e1nea comenc\u00e9 a publicar una reflexi\u00f3n cada domingo en mi perfil de Facebook. Fue algo ocasional, poco elaborado y sin ninguna perspectiva de continuidad. Sin embargo, con el paso del tiempo y a medida que tomaba conciencia de que ese comentario llegaba a m\u00e1s gente, se fue convirtiendo en un h\u00e1bito y casi en una responsabilidad adquirida para con quien sab\u00eda que lo estaba esperando. <br \/> La Palabra es la fuente de inspiraci\u00f3n desde la que intento contemplar la vida. La presente y la pasada. Situaciones y experiencias que, iluminadas desde la vida de Jes\u00fas, nos hablan e inspiran de diferente manera. Por ello he puesto a este libro el t\u00edtulo Contemplando la vida. M\u00e1s que un libro es una serie y esta es la segunda entrega, donde he recopilado todos los textos publicados correspondientes al Ciclo C del a\u00f1o lit\u00fargico.<\/p>\n","protected":false},"excerpt":{"rendered":"<p>GARC\u00cdA S\u00c1NCHEZ, FERNANDO<\/p>\n","protected":false},"featured_media":451890,"template":"","meta":{"_acf_changed":false,"om_disable_all_campaigns":false,"rs_blank_template":"","rs_page_bg_color":"","slide_template_v7":"","inline_featured_image":false,"_monsterinsights_skip_tracking":false,"_monsterinsights_sitenote_active":false,"_monsterinsights_sitenote_note":"","_monsterinsights_sitenote_category":0},"product_brand":[],"product_cat":[399,253,502,257],"product_tag":[],"class_list":{"0":"post-81149","1":"product","2":"type-product","3":"status-publish","4":"has-post-thumbnail","6":"product_cat-any-liturgic-liturgia-1_espiritualidad","7":"product_cat-any-liturgic","8":"product_cat-obras-generales-liturgia-1_espiritualidad","9":"product_cat-obres-generals-liturgia-1_espiritualitat","11":"first","12":"instock","13":"taxable","14":"shipping-taxable","15":"purchasable","16":"product-type-simple"},"acf":{"editorial":[{"ID":6155,"post_author":"3","post_date":"2022-07-28 17:46:04","post_date_gmt":"2022-07-28 15:46:04","post_content":"","post_title":"Central Catequ\u00edstica Salesiana","post_excerpt":"","post_status":"publish","comment_status":"closed","ping_status":"closed","post_password":"","post_name":"central-catequistica-salesiana","to_ping":"","pinged":"","post_modified":"2022-07-28 17:46:04","post_modified_gmt":"2022-07-28 15:46:04","post_content_filtered":"","post_parent":0,"guid":"http:\/\/dev.claret.cat\/editorial\/central-catequistica-salesiana\/","menu_order":0,"post_type":"editorial","post_mime_type":"","comment_count":"0","filter":"raw"}],"autores-libros":[{"ID":155831,"post_author":"3","post_date":"2022-10-14 15:15:58","post_date_gmt":"2022-10-14 13:15:58","post_content":"","post_title":"FERNANDO GARC\u00cdA S\u00c1NCHEZ","post_excerpt":"","post_status":"publish","comment_status":"closed","ping_status":"closed","post_password":"","post_name":"fernando-garcia-sanchez","to_ping":"","pinged":"","post_modified":"2022-10-14 15:15:58","post_modified_gmt":"2022-10-14 13:15:58","post_content_filtered":"","post_parent":0,"guid":"http:\/\/dev.claret.cat\/autor\/fernando-garcia-sanchez\/","menu_order":0,"post_type":"autor","post_mime_type":"","comment_count":"0","filter":"raw"}],"autor":"GARC\u00cdA S\u00c1NCHEZ, FERNANDO","codart":"841379060","libros-coleccion":"Celebrar y Orar","ediciones":"1","encuadernacion":"R\u00fastica","fecha_de_publicacion":"19\/10\/2021","novedad":"1","paginas":"176","subtitulo":"REFLEXIONES DESDE LOS EVANGELIOS DOMINICALES - CICLO C","orden":"0","portada":"0","idioma":"spa"},"aioseo_notices":[],"_links":{"self":[{"href":"https:\/\/www.claret.cat\/es\/wp-json\/wp\/v2\/product\/81149","targetHints":{"allow":["GET"]}}],"collection":[{"href":"https:\/\/www.claret.cat\/es\/wp-json\/wp\/v2\/product"}],"about":[{"href":"https:\/\/www.claret.cat\/es\/wp-json\/wp\/v2\/types\/product"}],"wp:featuredmedia":[{"embeddable":true,"href":"https:\/\/www.claret.cat\/es\/wp-json\/wp\/v2\/media\/451890"}],"wp:attachment":[{"href":"https:\/\/www.claret.cat\/es\/wp-json\/wp\/v2\/media?parent=81149"}],"wp:term":[{"taxonomy":"product_brand","embeddable":true,"href":"https:\/\/www.claret.cat\/es\/wp-json\/wp\/v2\/product_brand?post=81149"},{"taxonomy":"product_cat","embeddable":true,"href":"https:\/\/www.claret.cat\/es\/wp-json\/wp\/v2\/product_cat?post=81149"},{"taxonomy":"product_tag","embeddable":true,"href":"https:\/\/www.claret.cat\/es\/wp-json\/wp\/v2\/product_tag?post=81149"}],"curies":[{"name":"wp","href":"https:\/\/api.w.org\/{rel}","templated":true}]}}