{"id":81158,"date":"2022-10-11T16:45:16","date_gmt":"2022-10-11T14:45:16","guid":{"rendered":"http:\/\/dev.claret.cat\/producte\/celebrar-la-eucaristia-poster-61\/"},"modified":"2025-11-27T19:39:30","modified_gmt":"2025-11-27T18:39:30","slug":"celebrar-la-eucaristia-poster-61-9788413790589","status":"publish","type":"product","link":"https:\/\/www.claret.cat\/es\/libro\/celebrar-la-eucaristia-poster-61-9788413790589\/","title":{"rendered":"CELEBRAR LA EUCARIST\u00cdA &#8211; POSTER &#8211; 61"},"content":{"rendered":"<p>\u00abLa Eucarist\u00eda es una medicina eficaz contra estas cerrazones. El Pan de Vida, de hecho, cura las rigideces y las transforma en docilidad. La Eucarist\u00eda sana porque nos une a Jes\u00fas: nos hace asimilar su manera de vivir, su capacidad de partirse y entregarse a los hermanos, de responder al mal con el bien\u00bb (Papa Francisco).<\/p>\n","protected":false},"excerpt":{"rendered":"<p>GARC\u00cdA MOURELO, SANTIAGO; CUENCA CAMACHO, MAR\u00cdA<\/p>\n","protected":false},"featured_media":451884,"template":"","meta":{"_acf_changed":false,"om_disable_all_campaigns":false,"rs_blank_template":"","rs_page_bg_color":"","slide_template_v7":"","inline_featured_image":false,"_monsterinsights_skip_tracking":false,"_monsterinsights_sitenote_active":false,"_monsterinsights_sitenote_note":"","_monsterinsights_sitenote_category":0},"product_brand":[],"product_cat":[230,391],"product_tag":[],"class_list":{"0":"post-81158","1":"product","2":"type-product","3":"status-publish","4":"has-post-thumbnail","6":"product_cat-jocs-cancons-i-dances","7":"product_cat-juegos-canciones-y-danzas","9":"first","10":"outofstock","11":"taxable","12":"shipping-taxable","13":"purchasable","14":"product-type-simple"},"acf":{"editorial":[{"ID":6155,"post_author":"3","post_date":"2022-07-28 17:46:04","post_date_gmt":"2022-07-28 15:46:04","post_content":"","post_title":"Central Catequ\u00edstica Salesiana","post_excerpt":"","post_status":"publish","comment_status":"closed","ping_status":"closed","post_password":"","post_name":"central-catequistica-salesiana","to_ping":"","pinged":"","post_modified":"2022-07-28 17:46:04","post_modified_gmt":"2022-07-28 15:46:04","post_content_filtered":"","post_parent":0,"guid":"http:\/\/dev.claret.cat\/editorial\/central-catequistica-salesiana\/","menu_order":0,"post_type":"editorial","post_mime_type":"","comment_count":"0","filter":"raw"}],"autores-libros":[{"ID":163570,"post_author":"3","post_date":"2022-10-14 17:40:06","post_date_gmt":"2022-10-14 15:40:06","post_content":"","post_title":"MAR\u00cdA CUENCA CAMACHO","post_excerpt":"","post_status":"publish","comment_status":"closed","ping_status":"closed","post_password":"","post_name":"maria-cuenca-camacho","to_ping":"","pinged":"","post_modified":"2022-10-14 17:40:06","post_modified_gmt":"2022-10-14 15:40:06","post_content_filtered":"","post_parent":0,"guid":"http:\/\/dev.claret.cat\/autor\/maria-cuenca-camacho\/","menu_order":0,"post_type":"autor","post_mime_type":"","comment_count":"0","filter":"raw"},{"ID":169045,"post_author":"3","post_date":"2022-10-14 22:24:02","post_date_gmt":"2022-10-14 20:24:02","post_content":"","post_title":"SANTIAGO GARC\u00cdA MOURELO","post_excerpt":"","post_status":"publish","comment_status":"closed","ping_status":"closed","post_password":"","post_name":"santiago-garcia-mourelo","to_ping":"","pinged":"","post_modified":"2022-10-14 22:24:02","post_modified_gmt":"2022-10-14 20:24:02","post_content_filtered":"","post_parent":0,"guid":"http:\/\/dev.claret.cat\/autor\/santiago-garcia-mourelo\/","menu_order":0,"post_type":"autor","post_mime_type":"","comment_count":"0","filter":"raw"}],"autor":"GARC\u00cdA MOURELO, SANTIAGO; CUENCA CAMACHO, MAR\u00cdA","codart":"841379058","libros-coleccion":"FORA DE COL.LECCI\u00d3","ediciones":"1","encuadernacion":"R\u00fastica","fecha_de_publicacion":"19\/10\/2021","novedad":"1","paginas":"1","subtitulo":"MATERIALES DE CATEQUESIS","orden":"0","portada":"0","idioma":"spa","booktrailer":"","resenas":""},"aioseo_notices":[],"_links":{"self":[{"href":"https:\/\/www.claret.cat\/es\/wp-json\/wp\/v2\/product\/81158","targetHints":{"allow":["GET"]}}],"collection":[{"href":"https:\/\/www.claret.cat\/es\/wp-json\/wp\/v2\/product"}],"about":[{"href":"https:\/\/www.claret.cat\/es\/wp-json\/wp\/v2\/types\/product"}],"wp:featuredmedia":[{"embeddable":true,"href":"https:\/\/www.claret.cat\/es\/wp-json\/wp\/v2\/media\/451884"}],"wp:attachment":[{"href":"https:\/\/www.claret.cat\/es\/wp-json\/wp\/v2\/media?parent=81158"}],"wp:term":[{"taxonomy":"product_brand","embeddable":true,"href":"https:\/\/www.claret.cat\/es\/wp-json\/wp\/v2\/product_brand?post=81158"},{"taxonomy":"product_cat","embeddable":true,"href":"https:\/\/www.claret.cat\/es\/wp-json\/wp\/v2\/product_cat?post=81158"},{"taxonomy":"product_tag","embeddable":true,"href":"https:\/\/www.claret.cat\/es\/wp-json\/wp\/v2\/product_tag?post=81158"}],"curies":[{"name":"wp","href":"https:\/\/api.w.org\/{rel}","templated":true}]}}