{"id":81173,"date":"2022-10-11T16:45:27","date_gmt":"2022-10-11T14:45:27","guid":{"rendered":"http:\/\/dev.claret.cat\/producte\/tiempos-liturgicos-adviento-y-navidad-2021-ciclo-c\/"},"modified":"2025-11-27T20:09:28","modified_gmt":"2025-11-27T19:09:28","slug":"tiempos-liturgicos-adviento-y-navidad-2021-ciclo-c-9788413790510","status":"publish","type":"product","link":"https:\/\/www.claret.cat\/es\/libro\/tiempos-liturgicos-adviento-y-navidad-2021-ciclo-c-9788413790510\/","title":{"rendered":"TIEMPOS LIT\u00daRGICOS. ADVIENTO Y NAVIDAD. 2021. CICLO C"},"content":{"rendered":"<p>El Adviento es un tiempo de espera. Tenemos muchas ganas de acoger a Jes\u00fas en el pesebre, \u00a1y ya contamos los d\u00edas que quedan para la llegada de la Navidad!<\/p>\n<p> Santo Domingo Savio y la venerable Paulina Jaricot, que pronto ser\u00e1 declarada beata, caminar\u00e1n a tu lado durante este tiempo.<\/p>\n<p> Textos b\u00edblicos, calendario de Adviento, oraciones, relatos de vida, dibujos para colorear y juegos, marcar\u00e1n el camino que te conducir\u00e1 a Jes\u00fas en el pesebre, con el coraz\u00f3n lleno de alegr\u00eda.<\/p>\n","protected":false},"excerpt":{"rendered":"<p>MALCURAT, MARIE<\/p>\n","protected":false},"featured_media":451878,"template":"","meta":{"_acf_changed":false,"om_disable_all_campaigns":false,"rs_blank_template":"","rs_page_bg_color":"","slide_template_v7":"","inline_featured_image":false,"_monsterinsights_skip_tracking":false,"_monsterinsights_sitenote_active":false,"_monsterinsights_sitenote_note":"","_monsterinsights_sitenote_category":0},"product_brand":[],"product_cat":[502,257],"product_tag":[],"class_list":{"0":"post-81173","1":"product","2":"type-product","3":"status-publish","4":"has-post-thumbnail","6":"product_cat-obras-generales-liturgia-1_espiritualidad","7":"product_cat-obres-generals-liturgia-1_espiritualitat","9":"first","10":"outofstock","11":"taxable","12":"shipping-taxable","13":"purchasable","14":"product-type-simple"},"acf":{"editorial":[{"ID":6155,"post_author":"3","post_date":"2022-07-28 17:46:04","post_date_gmt":"2022-07-28 15:46:04","post_content":"","post_title":"Central Catequ\u00edstica Salesiana","post_excerpt":"","post_status":"publish","comment_status":"closed","ping_status":"closed","post_password":"","post_name":"central-catequistica-salesiana","to_ping":"","pinged":"","post_modified":"2022-07-28 17:46:04","post_modified_gmt":"2022-07-28 15:46:04","post_content_filtered":"","post_parent":0,"guid":"http:\/\/dev.claret.cat\/editorial\/central-catequistica-salesiana\/","menu_order":0,"post_type":"editorial","post_mime_type":"","comment_count":"0","filter":"raw"}],"autores-libros":[{"ID":163895,"post_author":"3","post_date":"2022-10-14 17:42:43","post_date_gmt":"2022-10-14 15:42:43","post_content":"","post_title":"MARIE MALCURAT","post_excerpt":"","post_status":"publish","comment_status":"closed","ping_status":"closed","post_password":"","post_name":"marie-malcurat","to_ping":"","pinged":"","post_modified":"2022-10-14 17:42:43","post_modified_gmt":"2022-10-14 15:42:43","post_content_filtered":"","post_parent":0,"guid":"http:\/\/dev.claret.cat\/autor\/marie-malcurat\/","menu_order":0,"post_type":"autor","post_mime_type":"","comment_count":"0","filter":"raw"}],"autor":"MALCURAT, MARIE","codart":"841379051","libros-coleccion":"Tiempos Lit\u00fargicos","ediciones":"1","encuadernacion":"R\u00fastica","fecha_de_publicacion":"19\/10\/2021","novedad":"1","paginas":"48","subtitulo":"ADVIENTO: EN CAMINO HACIA NAVIDAD 2021 CON LA VENERABLE PAULINA JARICOT Y SANTO DOMINGO SAVIO","orden":"0","portada":"0","idioma":"spa","booktrailer":"","resenas":""},"aioseo_notices":[],"_links":{"self":[{"href":"https:\/\/www.claret.cat\/es\/wp-json\/wp\/v2\/product\/81173","targetHints":{"allow":["GET"]}}],"collection":[{"href":"https:\/\/www.claret.cat\/es\/wp-json\/wp\/v2\/product"}],"about":[{"href":"https:\/\/www.claret.cat\/es\/wp-json\/wp\/v2\/types\/product"}],"wp:featuredmedia":[{"embeddable":true,"href":"https:\/\/www.claret.cat\/es\/wp-json\/wp\/v2\/media\/451878"}],"wp:attachment":[{"href":"https:\/\/www.claret.cat\/es\/wp-json\/wp\/v2\/media?parent=81173"}],"wp:term":[{"taxonomy":"product_brand","embeddable":true,"href":"https:\/\/www.claret.cat\/es\/wp-json\/wp\/v2\/product_brand?post=81173"},{"taxonomy":"product_cat","embeddable":true,"href":"https:\/\/www.claret.cat\/es\/wp-json\/wp\/v2\/product_cat?post=81173"},{"taxonomy":"product_tag","embeddable":true,"href":"https:\/\/www.claret.cat\/es\/wp-json\/wp\/v2\/product_tag?post=81173"}],"curies":[{"name":"wp","href":"https:\/\/api.w.org\/{rel}","templated":true}]}}