{"id":81176,"date":"2022-10-11T16:45:30","date_gmt":"2022-10-11T14:45:30","guid":{"rendered":"http:\/\/dev.claret.cat\/producte\/el-paraiso-en-la-puerta-ensayo-sobre-una-alegria-que-perturba-2-edicion\/"},"modified":"2026-02-12T17:20:16","modified_gmt":"2026-02-12T16:20:16","slug":"el-paraiso-en-la-puerta-ensayo-sobre-una-alegria-que-perturba-2-edicion-9788412193077","status":"publish","type":"product","link":"https:\/\/www.claret.cat\/es\/libro\/el-paraiso-en-la-puerta-ensayo-sobre-una-alegria-que-perturba-2-edicion-9788412193077\/","title":{"rendered":"EL PARA\u00cdSO EN LA PUERTA. ENSAYO SOBRE UNA ALEGR\u00cdA QUE PERTURBA (2 EDICI\u00d3N)"},"content":{"rendered":"<p>Muchos han le\u00eddo el Infierno de Dante, pero pocos su Para\u00edso, que, al contrario de lo que uno podr\u00eda creer, no describe una nada inmaculada. El para\u00edso dantesco es m\u00e1s diverso y violento que su infierno. Beatriz le dice al poeta: \u201cSi vieras mi risa, quedar\u00edas reducido a cenizas\u201d. Por eso ponemos el para\u00edso en la puerta: le tenemos miedo a su alegr\u00eda. Y nos fabricamos peque\u00f1os para\u00edsos artificiales y tranquilizadores\u2026 que acaban convirti\u00e9ndose en infiernos. No se trata, ciertamente, de huir a un cielo imaginario, ni de regresar a aquel para\u00edso terrenal que, seg\u00fan el G\u00e9nesis, se perdi\u00f3 definitivamente. A la idea de \u201cm\u00e1s all\u00e1\u201d muchos le oponen, acertadamente, la exigencia de vivir aqu\u00ed y ahora. Pero nunca llegan a estar realmente en el \u201caqu\u00ed y ahora\u201d. Ah\u00ed es donde el verdadero para\u00edso revela su paradoja y se defiende contra sus parodias: no es una evasi\u00f3n hacia el m\u00e1s all\u00e1, sino la gracia desgarradora de estar presente en todos y cada uno, en una apertura sinf\u00f3nica y en una creatividad coral. Este libro es un itinerario a trav\u00e9s de la filosof\u00eda, la teolog\u00eda y las artes \u2014de Nietzsche a Bonnefoy, de Baudelaire a Bernini, de Sade y Proust a Mozart\u2014 para acercarse a lo que el para\u00edso tiene de terrible y de bello: a la abertura de la beatitud. No se trata de consolar, sino de convocar a esa alegr\u00eda que debe hacernos perder toda compostura \u2014como un payaso\u2014 y destruir en nosotros todo contentamiento \u2014como un r\u00edo, que no cesa de recibirse y ofrecerse sin fin\u2014.<\/p>\n","protected":false},"excerpt":{"rendered":"<p>HADJADJ, FABRICE<\/p>\n","protected":false},"featured_media":1083637,"template":"","meta":{"_acf_changed":false,"om_disable_all_campaigns":false,"rs_blank_template":"","rs_page_bg_color":"","slide_template_v7":"","inline_featured_image":false,"_monsterinsights_skip_tracking":false,"_monsterinsights_sitenote_active":false,"_monsterinsights_sitenote_note":"","_monsterinsights_sitenote_category":0},"product_brand":[],"product_cat":[542,92],"product_tag":[],"class_list":{"0":"post-81176","1":"product","2":"type-product","3":"status-publish","4":"has-post-thumbnail","6":"product_cat-vida-religiosa-1_espiritualidad-spa","7":"product_cat-vida-religiosa","9":"first","10":"instock","11":"taxable","12":"shipping-taxable","13":"purchasable","14":"product-type-simple"},"acf":{"editorial":[{"ID":148593,"post_author":"3","post_date":"2022-10-14 11:59:27","post_date_gmt":"2022-10-14 09:59:27","post_content":"","post_title":"NUEVO INICIO","post_excerpt":"","post_status":"publish","comment_status":"closed","ping_status":"closed","post_password":"","post_name":"nuevo-inicio","to_ping":"","pinged":"","post_modified":"2022-10-14 11:59:27","post_modified_gmt":"2022-10-14 09:59:27","post_content_filtered":"","post_parent":0,"guid":"http:\/\/dev.claret.cat\/editorial\/nuevo-inicio\/","menu_order":0,"post_type":"editorial","post_mime_type":"","comment_count":"0","filter":"raw"}],"autores-libros":[{"ID":155615,"post_author":"3","post_date":"2022-10-14 15:14:15","post_date_gmt":"2022-10-14 13:14:15","post_content":"","post_title":"FABRICE HADJADJ","post_excerpt":"","post_status":"publish","comment_status":"closed","ping_status":"closed","post_password":"","post_name":"fabrice-hadjadj","to_ping":"","pinged":"","post_modified":"2022-10-14 15:14:15","post_modified_gmt":"2022-10-14 13:14:15","post_content_filtered":"","post_parent":0,"guid":"http:\/\/dev.claret.cat\/autor\/fabrice-hadjadj\/","menu_order":0,"post_type":"autor","post_mime_type":"","comment_count":"0","filter":"raw"}],"autor":"HADJADJ, FABRICE","codart":"841219307","libros-coleccion":"Are\u00f3pagos","ediciones":"1","encuadernacion":"R\u00fastica","fecha_de_publicacion":"01\/08\/2021","novedad":"1","paginas":"500","subtitulo":"","orden":"0","portada":"0","idioma":"spa","booktrailer":"","resenas":""},"aioseo_notices":[],"_links":{"self":[{"href":"https:\/\/www.claret.cat\/es\/wp-json\/wp\/v2\/product\/81176","targetHints":{"allow":["GET"]}}],"collection":[{"href":"https:\/\/www.claret.cat\/es\/wp-json\/wp\/v2\/product"}],"about":[{"href":"https:\/\/www.claret.cat\/es\/wp-json\/wp\/v2\/types\/product"}],"wp:featuredmedia":[{"embeddable":true,"href":"https:\/\/www.claret.cat\/es\/wp-json\/wp\/v2\/media\/1083637"}],"wp:attachment":[{"href":"https:\/\/www.claret.cat\/es\/wp-json\/wp\/v2\/media?parent=81176"}],"wp:term":[{"taxonomy":"product_brand","embeddable":true,"href":"https:\/\/www.claret.cat\/es\/wp-json\/wp\/v2\/product_brand?post=81176"},{"taxonomy":"product_cat","embeddable":true,"href":"https:\/\/www.claret.cat\/es\/wp-json\/wp\/v2\/product_cat?post=81176"},{"taxonomy":"product_tag","embeddable":true,"href":"https:\/\/www.claret.cat\/es\/wp-json\/wp\/v2\/product_tag?post=81176"}],"curies":[{"name":"wp","href":"https:\/\/api.w.org\/{rel}","templated":true}]}}