{"id":81209,"date":"2022-10-11T16:45:55","date_gmt":"2022-10-11T14:45:55","guid":{"rendered":"http:\/\/dev.claret.cat\/producte\/10-ideas-para-superar-el-racismo\/"},"modified":"2024-04-29T16:48:06","modified_gmt":"2024-04-29T14:48:06","slug":"10-ideas-para-superar-el-racismo-9788491425205","status":"publish","type":"product","link":"https:\/\/www.claret.cat\/es\/libro\/10-ideas-para-superar-el-racismo-9788491425205\/","title":{"rendered":"10 IDEAS PARA SUPERAR EL RACISMO"},"content":{"rendered":"<p>No\u00a0deber\u00eda ser as\u00ed, pero todav\u00eda encontramos muchas actitudes racistas en nuestra sociedad. \u00bfC\u00f3mo las podemos superar? \u00a1Aqu\u00ed tienes 10 ideas para conseguirlo! \u00a1Solo hace falta un pellizco de empat\u00eda, de respeto y de curiosidad para descubrir la diversidad que nos rodea y que hay dentro de cada persona! Ser\u00e1 como dar la vuelta al mundo&#8230; \u00a1sin salir de casa!  Parece un sue\u00f1o, pero puede hacerse realidad. Basta con 10 gestos de lo m\u00e1s sencillos para cambiar el mundo.<\/p>\n","protected":false},"excerpt":{"rendered":"<p>FORNASARI, ELEONORA<\/p>\n","protected":false},"featured_media":320935,"template":"","meta":{"_acf_changed":false,"om_disable_all_campaigns":false,"rs_blank_template":"","rs_page_bg_color":"","slide_template_v7":"","inline_featured_image":false,"_monsterinsights_skip_tracking":false,"_monsterinsights_sitenote_active":false,"_monsterinsights_sitenote_note":"","_monsterinsights_sitenote_category":0},"product_brand":[],"product_cat":[132,137,425,362],"product_tag":[],"class_list":{"0":"post-81209","1":"product","2":"type-product","3":"status-publish","4":"has-post-thumbnail","6":"product_cat-lectures-per-preadolescents-6-12-anys","7":"product_cat-escola-de-pares-infantil","8":"product_cat-escuela-de-padres","9":"product_cat-libros-preadolescentes-6-12-anos","11":"first","12":"instock","13":"taxable","14":"shipping-taxable","15":"purchasable","16":"product-type-simple"},"acf":{"editorial":[{"ID":147395,"post_author":"3","post_date":"2022-10-14 11:50:15","post_date_gmt":"2022-10-14 09:50:15","post_content":"","post_title":"ALGAR EDITORIAL","post_excerpt":"","post_status":"publish","comment_status":"closed","ping_status":"closed","post_password":"","post_name":"algar-editorial","to_ping":"","pinged":"","post_modified":"2022-10-14 11:50:15","post_modified_gmt":"2022-10-14 09:50:15","post_content_filtered":"","post_parent":0,"guid":"http:\/\/dev.claret.cat\/editorial\/algar-editorial\/","menu_order":0,"post_type":"editorial","post_mime_type":"","comment_count":"0","filter":"raw"}],"autor":"FORNASARI, ELEONORA","codart":"849142520","libros-coleccion":"DESCUBRIENDO EL MUNDO","ediciones":"1","encuadernacion":"R\u00fastica","fecha_de_publicacion":"01\/10\/2021","novedad":"1","paginas":"39","subtitulo":"","orden":"0","portada":"0","idioma":"spa","autores-libros":[{"ID":154759,"post_author":"3","post_date":"2022-10-14 15:07:24","post_date_gmt":"2022-10-14 13:07:24","post_content":"","post_title":"ELEONORA FORNASARI","post_excerpt":"","post_status":"publish","comment_status":"closed","ping_status":"closed","post_password":"","post_name":"eleonora-fornasari","to_ping":"","pinged":"","post_modified":"2022-10-14 15:07:24","post_modified_gmt":"2022-10-14 13:07:24","post_content_filtered":"","post_parent":0,"guid":"http:\/\/dev.claret.cat\/autor\/eleonora-fornasari\/","menu_order":0,"post_type":"autor","post_mime_type":"","comment_count":"0","filter":"raw"}]},"aioseo_notices":[],"_links":{"self":[{"href":"https:\/\/www.claret.cat\/es\/wp-json\/wp\/v2\/product\/81209","targetHints":{"allow":["GET"]}}],"collection":[{"href":"https:\/\/www.claret.cat\/es\/wp-json\/wp\/v2\/product"}],"about":[{"href":"https:\/\/www.claret.cat\/es\/wp-json\/wp\/v2\/types\/product"}],"wp:featuredmedia":[{"embeddable":true,"href":"https:\/\/www.claret.cat\/es\/wp-json\/wp\/v2\/media\/320935"}],"wp:attachment":[{"href":"https:\/\/www.claret.cat\/es\/wp-json\/wp\/v2\/media?parent=81209"}],"wp:term":[{"taxonomy":"product_brand","embeddable":true,"href":"https:\/\/www.claret.cat\/es\/wp-json\/wp\/v2\/product_brand?post=81209"},{"taxonomy":"product_cat","embeddable":true,"href":"https:\/\/www.claret.cat\/es\/wp-json\/wp\/v2\/product_cat?post=81209"},{"taxonomy":"product_tag","embeddable":true,"href":"https:\/\/www.claret.cat\/es\/wp-json\/wp\/v2\/product_tag?post=81209"}],"curies":[{"name":"wp","href":"https:\/\/api.w.org\/{rel}","templated":true}]}}