{"id":81222,"date":"2022-10-11T16:46:07","date_gmt":"2022-10-11T14:46:07","guid":{"rendered":"http:\/\/dev.claret.cat\/producte\/cronica-de-una-alianza-antiguo-testamento\/"},"modified":"2023-07-14T17:25:31","modified_gmt":"2023-07-14T15:25:31","slug":"cronica-de-una-alianza-antiguo-testamento-9788413680958","status":"publish","type":"product","link":"https:\/\/www.claret.cat\/es\/libro\/cronica-de-una-alianza-antiguo-testamento-9788413680958\/","title":{"rendered":"CR\u00d3NICA DE UNA ALIANZA. ANTIGUO TESTAMENTO"},"content":{"rendered":"<p>La Palabra de Dios contenida en la Sagrada Escritura es un tesoro que debemos descubrir y explorar para poder crecer en la comprensi\u00f3n y vivencia de la fe. La primera parte de este tesoro es el Antiguo Testamento, los libros inspirados escritos en el pueblo de Israel antes de la venida de Cristo, pero acogidos por los cristianos como parte valiosa e irrenunciable de la Revelaci\u00f3n.<\/p>\n<p> Desde sus comienzos, la Iglesia ha reconocido en el Antiguo Testamento la preparaci\u00f3n para el amor salvador de Jesucristo en favor de la humanidad entera. Puede verse, por tanto, como una cr\u00f3nica de la Alianza que Dios sell\u00f3 con Israel para preparar el establecimiento de la Alianza definitiva en Jesucristo. Desde esta perspectiva este libro intentar\u00e1 acercarte a la comprensi\u00f3n y disfrute de estos textos antiguos y apasionantes, en los que late ya el amor de Dios que Jesucristo nos trajo en plenitud salvadora.<\/p>\n<p> Para ello, hablaremos del valor y sentido que tiene el Antiguo Testamento, presentaremos su historia, y explicaremos su ense\u00f1anza m\u00e1s relevante. Tambi\u00e9n habr\u00e1 lugar para presentar a sus m\u00e1s importantes figuras: Abraham, Mois\u00e9s, David, los profetas y sabios de Israel&#8230; Pero sobre todo pretendemos que entres por ti mismo en el Antiguo Testamento con pie firme, y que te quedes con deseo de profundizar m\u00e1s en esta maravillosa historia de amor en la que Dios prepar\u00f3 durante siglos la Alianza nueva y eterna que define y sustenta la fe cristiana.<\/p>\n","protected":false},"excerpt":{"rendered":"<p>DE LA TORRE MUNILLA, ANTONIO<\/p>\n","protected":false},"featured_media":451762,"template":"","meta":{"_acf_changed":false,"om_disable_all_campaigns":false,"rs_blank_template":"","rs_page_bg_color":"","slide_template_v7":"","inline_featured_image":false,"_monsterinsights_skip_tracking":false,"_monsterinsights_sitenote_active":false,"_monsterinsights_sitenote_note":"","_monsterinsights_sitenote_category":0},"product_brand":[],"product_cat":[412,274,195,458],"product_tag":[],"class_list":{"0":"post-81222","1":"product","2":"type-product","3":"status-publish","4":"has-post-thumbnail","6":"product_cat-estudios-sagrada-escritura","7":"product_cat-estudis-sagrada-escriptura","8":"product_cat-introduccio-a-t","9":"product_cat-introduccion-a-t","11":"first","12":"instock","13":"taxable","14":"shipping-taxable","15":"purchasable","16":"product-type-simple"},"acf":{"editorial":[{"ID":6207,"post_author":"3","post_date":"2022-07-28 17:47:09","post_date_gmt":"2022-07-28 15:47:09","post_content":"","post_title":"Ediciones Palabra","post_excerpt":"","post_status":"publish","comment_status":"closed","ping_status":"closed","post_password":"","post_name":"ediciones-palabra","to_ping":"","pinged":"","post_modified":"2022-07-28 17:47:09","post_modified_gmt":"2022-07-28 15:47:09","post_content_filtered":"","post_parent":0,"guid":"http:\/\/dev.claret.cat\/editorial\/ediciones-palabra\/","menu_order":0,"post_type":"editorial","post_mime_type":"","comment_count":"0","filter":"raw"}],"autores-libros":[{"ID":150899,"post_author":"3","post_date":"2022-10-14 14:36:37","post_date_gmt":"2022-10-14 12:36:37","post_content":"","post_title":"ANTONIO DE LA TORRE MUNILLA","post_excerpt":"","post_status":"publish","comment_status":"closed","ping_status":"closed","post_password":"","post_name":"antonio-de-la-torre-munilla","to_ping":"","pinged":"","post_modified":"2022-10-14 14:36:37","post_modified_gmt":"2022-10-14 12:36:37","post_content_filtered":"","post_parent":0,"guid":"http:\/\/dev.claret.cat\/autor\/antonio-de-la-torre-munilla\/","menu_order":0,"post_type":"autor","post_mime_type":"","comment_count":"0","filter":"raw"}],"autor":"DE LA TORRE MUNILLA, ANTONIO","codart":"841368095","libros-coleccion":"FORA DE COL.LECCI\u00d3","ediciones":"1","encuadernacion":"R\u00fastica","fecha_de_publicacion":"01\/08\/2021","novedad":"1","paginas":"128","subtitulo":"ANTIGUO TESTAMENTO","orden":"0","portada":"0","idioma":"spa"},"aioseo_notices":[],"_links":{"self":[{"href":"https:\/\/www.claret.cat\/es\/wp-json\/wp\/v2\/product\/81222","targetHints":{"allow":["GET"]}}],"collection":[{"href":"https:\/\/www.claret.cat\/es\/wp-json\/wp\/v2\/product"}],"about":[{"href":"https:\/\/www.claret.cat\/es\/wp-json\/wp\/v2\/types\/product"}],"wp:featuredmedia":[{"embeddable":true,"href":"https:\/\/www.claret.cat\/es\/wp-json\/wp\/v2\/media\/451762"}],"wp:attachment":[{"href":"https:\/\/www.claret.cat\/es\/wp-json\/wp\/v2\/media?parent=81222"}],"wp:term":[{"taxonomy":"product_brand","embeddable":true,"href":"https:\/\/www.claret.cat\/es\/wp-json\/wp\/v2\/product_brand?post=81222"},{"taxonomy":"product_cat","embeddable":true,"href":"https:\/\/www.claret.cat\/es\/wp-json\/wp\/v2\/product_cat?post=81222"},{"taxonomy":"product_tag","embeddable":true,"href":"https:\/\/www.claret.cat\/es\/wp-json\/wp\/v2\/product_tag?post=81222"}],"curies":[{"name":"wp","href":"https:\/\/api.w.org\/{rel}","templated":true}]}}