{"id":81246,"date":"2022-10-11T16:46:25","date_gmt":"2022-10-11T14:46:25","guid":{"rendered":"http:\/\/dev.claret.cat\/producte\/hansel-i-gretel-3\/"},"modified":"2026-04-08T17:25:18","modified_gmt":"2026-04-08T15:25:18","slug":"hansel-i-gretel-9788491016588","status":"publish","type":"product","link":"https:\/\/www.claret.cat\/es\/libro\/hansel-i-gretel-9788491016588\/","title":{"rendered":"HANSEL I GRETEL"},"content":{"rendered":"<p>Una nova visi\u00f3 del conte cl\u00e0ssic retallat amb una adaptaci\u00f3 moderna dels contes i llegendes m\u00e9s conegudes. Reviu l&#8221;hora del conte!<\/p>\n","protected":false},"excerpt":{"rendered":"<p>OLID BAEZ, BEL<\/p>\n","protected":false},"featured_media":1005887,"template":"","meta":{"_acf_changed":false,"om_disable_all_campaigns":false,"rs_blank_template":"","rs_page_bg_color":"","slide_template_v7":"","inline_featured_image":false,"_monsterinsights_skip_tracking":false,"_monsterinsights_sitenote_active":false,"_monsterinsights_sitenote_note":"","_monsterinsights_sitenote_category":0},"product_brand":[],"product_cat":[131,361],"product_tag":[],"class_list":{"0":"post-81246","1":"product","2":"type-product","3":"status-publish","4":"has-post-thumbnail","6":"product_cat-contes-per-infants-0-6-anys","7":"product_cat-cuentos-para-ninos-0-6-anos","9":"first","10":"instock","11":"taxable","12":"shipping-taxable","13":"purchasable","14":"product-type-simple"},"acf":{"editorial":[{"ID":147650,"post_author":"3","post_date":"2022-10-14 11:52:12","post_date_gmt":"2022-10-14 09:52:12","post_content":"","post_title":"COMBEL EDITORIL","post_excerpt":"","post_status":"publish","comment_status":"closed","ping_status":"closed","post_password":"","post_name":"combel-editoril","to_ping":"","pinged":"","post_modified":"2022-10-14 11:52:12","post_modified_gmt":"2022-10-14 09:52:12","post_content_filtered":"","post_parent":0,"guid":"http:\/\/dev.claret.cat\/editorial\/combel-editoril\/","menu_order":0,"post_type":"editorial","post_mime_type":"","comment_count":"0","filter":"raw"}],"autor":"OLID BAEZ, BEL","codart":"849101658","libros-coleccion":"Qu\u00e8 em contes!","ediciones":"1","encuadernacion":"Carpeta","fecha_de_publicacion":"01\/09\/2021","novedad":"1","paginas":"28","subtitulo":"","orden":"0","portada":"0","idioma":"cat","autores-libros":[{"ID":151492,"post_author":"3","post_date":"2022-10-14 14:41:18","post_date_gmt":"2022-10-14 12:41:18","post_content":"","post_title":"BEL OLID B\u00c1EZ","post_excerpt":"","post_status":"publish","comment_status":"closed","ping_status":"closed","post_password":"","post_name":"bel-olid-baez","to_ping":"","pinged":"","post_modified":"2022-10-14 14:41:18","post_modified_gmt":"2022-10-14 12:41:18","post_content_filtered":"","post_parent":0,"guid":"http:\/\/dev.claret.cat\/autor\/bel-olid-baez\/","menu_order":0,"post_type":"autor","post_mime_type":"","comment_count":"0","filter":"raw"}],"booktrailer":"","resenas":""},"aioseo_notices":[],"_links":{"self":[{"href":"https:\/\/www.claret.cat\/es\/wp-json\/wp\/v2\/product\/81246","targetHints":{"allow":["GET"]}}],"collection":[{"href":"https:\/\/www.claret.cat\/es\/wp-json\/wp\/v2\/product"}],"about":[{"href":"https:\/\/www.claret.cat\/es\/wp-json\/wp\/v2\/types\/product"}],"wp:featuredmedia":[{"embeddable":true,"href":"https:\/\/www.claret.cat\/es\/wp-json\/wp\/v2\/media\/1005887"}],"wp:attachment":[{"href":"https:\/\/www.claret.cat\/es\/wp-json\/wp\/v2\/media?parent=81246"}],"wp:term":[{"taxonomy":"product_brand","embeddable":true,"href":"https:\/\/www.claret.cat\/es\/wp-json\/wp\/v2\/product_brand?post=81246"},{"taxonomy":"product_cat","embeddable":true,"href":"https:\/\/www.claret.cat\/es\/wp-json\/wp\/v2\/product_cat?post=81246"},{"taxonomy":"product_tag","embeddable":true,"href":"https:\/\/www.claret.cat\/es\/wp-json\/wp\/v2\/product_tag?post=81246"}],"curies":[{"name":"wp","href":"https:\/\/api.w.org\/{rel}","templated":true}]}}