{"id":81258,"date":"2022-10-11T16:46:36","date_gmt":"2022-10-11T14:46:36","guid":{"rendered":"http:\/\/dev.claret.cat\/producte\/la-capitana-budell-buit-i-el-mariner-ulls-de-falco\/"},"modified":"2023-01-28T23:08:02","modified_gmt":"2023-01-28T22:08:02","slug":"la-capitana-budellbuit-i-el-mariner-ullsdefalco-9788491017820","status":"publish","type":"product","link":"https:\/\/www.claret.cat\/es\/libro\/la-capitana-budellbuit-i-el-mariner-ullsdefalco-9788491017820\/","title":{"rendered":"LA CAPITANA BUDELL-BUIT I EL MARINER ULLS-DE-FALC\u00d3"},"content":{"rendered":"<p>Per explicar una hist\u00f2ria de pirates nom\u00e9s necessitem un vaixell, un mapa del tresor i una tripulaci\u00f3 disposada a viure aventures. La capitana Budell-buit i el mariner Ulls-de-falc\u00f3 ja han salpat dalt del seu vaixell d&#8221;estar per casa. Diuen que persegueixen un tresor ben llaminer&#8230; Els vols acompanyar?<\/p>\n","protected":false},"excerpt":{"rendered":"<p>GARCIA MOLSOSA, ORIOL<\/p>\n","protected":false},"featured_media":81259,"template":"","meta":{"_acf_changed":false,"om_disable_all_campaigns":false,"rs_blank_template":"","rs_page_bg_color":"","slide_template_v7":"","inline_featured_image":false,"_monsterinsights_skip_tracking":false,"_monsterinsights_sitenote_active":false,"_monsterinsights_sitenote_note":"","_monsterinsights_sitenote_category":0},"product_brand":[],"product_cat":[131],"product_tag":[],"class_list":{"0":"post-81258","1":"product","2":"type-product","3":"status-publish","4":"has-post-thumbnail","6":"product_cat-contes-per-infants-0-6-anys","8":"first","9":"instock","10":"taxable","11":"shipping-taxable","12":"purchasable","13":"product-type-simple"},"acf":{"editorial":[{"ID":147650,"post_author":"3","post_date":"2022-10-14 11:52:12","post_date_gmt":"2022-10-14 09:52:12","post_content":"","post_title":"COMBEL EDITORIL","post_excerpt":"","post_status":"publish","comment_status":"closed","ping_status":"closed","post_password":"","post_name":"combel-editoril","to_ping":"","pinged":"","post_modified":"2022-10-14 11:52:12","post_modified_gmt":"2022-10-14 09:52:12","post_content_filtered":"","post_parent":0,"guid":"http:\/\/dev.claret.cat\/editorial\/combel-editoril\/","menu_order":0,"post_type":"editorial","post_mime_type":"","comment_count":"0","filter":"raw"}],"autor":"GARCIA MOLSOSA, ORIOL","codart":"849101782","libros-coleccion":"GENERICA","ediciones":"1","encuadernacion":"Carton\u00e9","fecha_de_publicacion":"01\/09\/2021","novedad":"1","paginas":"45","subtitulo":"","orden":"0","portada":"0","idioma":"cat","autores-libros":[{"ID":166247,"post_author":"3","post_date":"2022-10-14 18:01:37","post_date_gmt":"2022-10-14 16:01:37","post_content":"","post_title":"ORIOL GARCIA MOLSOSA","post_excerpt":"","post_status":"publish","comment_status":"closed","ping_status":"closed","post_password":"","post_name":"oriol-garcia-molsosa","to_ping":"","pinged":"","post_modified":"2022-10-14 18:01:37","post_modified_gmt":"2022-10-14 16:01:37","post_content_filtered":"","post_parent":0,"guid":"http:\/\/dev.claret.cat\/autor\/oriol-garcia-molsosa\/","menu_order":0,"post_type":"autor","post_mime_type":"","comment_count":"0","filter":"raw"}]},"aioseo_notices":[],"_links":{"self":[{"href":"https:\/\/www.claret.cat\/es\/wp-json\/wp\/v2\/product\/81258","targetHints":{"allow":["GET"]}}],"collection":[{"href":"https:\/\/www.claret.cat\/es\/wp-json\/wp\/v2\/product"}],"about":[{"href":"https:\/\/www.claret.cat\/es\/wp-json\/wp\/v2\/types\/product"}],"wp:featuredmedia":[{"embeddable":true,"href":"https:\/\/www.claret.cat\/es\/wp-json\/wp\/v2\/media\/81259"}],"wp:attachment":[{"href":"https:\/\/www.claret.cat\/es\/wp-json\/wp\/v2\/media?parent=81258"}],"wp:term":[{"taxonomy":"product_brand","embeddable":true,"href":"https:\/\/www.claret.cat\/es\/wp-json\/wp\/v2\/product_brand?post=81258"},{"taxonomy":"product_cat","embeddable":true,"href":"https:\/\/www.claret.cat\/es\/wp-json\/wp\/v2\/product_cat?post=81258"},{"taxonomy":"product_tag","embeddable":true,"href":"https:\/\/www.claret.cat\/es\/wp-json\/wp\/v2\/product_tag?post=81258"}],"curies":[{"name":"wp","href":"https:\/\/api.w.org\/{rel}","templated":true}]}}