{"id":812779,"date":"2023-09-20T11:12:07","date_gmt":"2023-09-20T09:12:07","guid":{"rendered":"https:\/\/www.claret.cat\/llibre\/el-profeta-9788411540308\/"},"modified":"2023-10-11T00:47:49","modified_gmt":"2023-10-10T22:47:49","slug":"el-profeta-9788411540308","status":"publish","type":"product","link":"https:\/\/www.claret.cat\/es\/libro\/el-profeta-9788411540308\/","title":{"rendered":"EL PROFETA"},"content":{"rendered":"<p>El Profeta es la obra maestra del poeta y pintor Kahlil Gibran (1883-1931), uno de los grandes innovadores de la literatura \u00e1rabe. En 26 sermones po\u00e9ticos, Gibran destaca temas eternos como el amor, la alegr\u00eda y la tristeza, la libertad, el bien y el mal, la oraci\u00f3n, la fe y la muerte. La convicci\u00f3n que emana de esta obra es que el amor puede herir, pero tambi\u00e9n puede traerte un gran \u00e9xtasis. Este libro es un testimonio de notable compasi\u00f3n, perspicacia y esperanza. Adem\u00e1s, tiene un mensaje atemporal, accesible a un gran n\u00famero de lectores por su sencillez.<\/p>\n","protected":false},"excerpt":{"rendered":"<p>GIBRAN, KHALIL<\/p>\n","protected":false},"featured_media":812780,"template":"","meta":{"_acf_changed":false,"om_disable_all_campaigns":false,"rs_blank_template":"","rs_page_bg_color":"","slide_template_v7":"","inline_featured_image":false,"_monsterinsights_skip_tracking":false,"_monsterinsights_sitenote_active":false,"_monsterinsights_sitenote_note":"","_monsterinsights_sitenote_category":0},"product_brand":[],"product_cat":[354,123],"product_tag":[],"class_list":{"0":"post-812779","1":"product","2":"type-product","3":"status-publish","4":"has-post-thumbnail","6":"product_cat-clasica","7":"product_cat-classica","9":"first","10":"instock","11":"taxable","12":"shipping-taxable","13":"purchasable","14":"product-type-simple"},"acf":{"autor":"GIBRAN, KHALIL","codart":"841154030","libros-coleccion":"","ediciones":"1","encuadernacion":"Carton\u00e9","fecha_de_publicacion":"01\/09\/2023","novedad":"1","paginas":"160","subtitulo":"","orden":"0","portada":"0","idioma":"spa","editorial":[{"ID":148280,"post_author":"3","post_date":"2022-10-14 11:57:01","post_date_gmt":"2022-10-14 09:57:01","post_content":"","post_title":"ILUS BOOKS","post_excerpt":"","post_status":"publish","comment_status":"closed","ping_status":"closed","post_password":"","post_name":"ilus-books","to_ping":"","pinged":"","post_modified":"2022-10-14 11:57:01","post_modified_gmt":"2022-10-14 09:57:01","post_content_filtered":"","post_parent":0,"guid":"http:\/\/dev.claret.cat\/editorial\/ilus-books\/","menu_order":0,"post_type":"editorial","post_mime_type":"","comment_count":"0","filter":"raw"}],"autores-libros":[{"ID":161660,"post_author":"3","post_date":"2022-10-14 17:20:01","post_date_gmt":"2022-10-14 15:20:01","post_content":"","post_title":"KHALIL GIBRAN","post_excerpt":"","post_status":"publish","comment_status":"closed","ping_status":"closed","post_password":"","post_name":"khalil-gibran","to_ping":"","pinged":"","post_modified":"2022-10-14 17:20:01","post_modified_gmt":"2022-10-14 15:20:01","post_content_filtered":"","post_parent":0,"guid":"http:\/\/dev.claret.cat\/autor\/khalil-gibran\/","menu_order":0,"post_type":"autor","post_mime_type":"","comment_count":"0","filter":"raw"}]},"aioseo_notices":[],"_links":{"self":[{"href":"https:\/\/www.claret.cat\/es\/wp-json\/wp\/v2\/product\/812779","targetHints":{"allow":["GET"]}}],"collection":[{"href":"https:\/\/www.claret.cat\/es\/wp-json\/wp\/v2\/product"}],"about":[{"href":"https:\/\/www.claret.cat\/es\/wp-json\/wp\/v2\/types\/product"}],"wp:featuredmedia":[{"embeddable":true,"href":"https:\/\/www.claret.cat\/es\/wp-json\/wp\/v2\/media\/812780"}],"wp:attachment":[{"href":"https:\/\/www.claret.cat\/es\/wp-json\/wp\/v2\/media?parent=812779"}],"wp:term":[{"taxonomy":"product_brand","embeddable":true,"href":"https:\/\/www.claret.cat\/es\/wp-json\/wp\/v2\/product_brand?post=812779"},{"taxonomy":"product_cat","embeddable":true,"href":"https:\/\/www.claret.cat\/es\/wp-json\/wp\/v2\/product_cat?post=812779"},{"taxonomy":"product_tag","embeddable":true,"href":"https:\/\/www.claret.cat\/es\/wp-json\/wp\/v2\/product_tag?post=812779"}],"curies":[{"name":"wp","href":"https:\/\/api.w.org\/{rel}","templated":true}]}}