{"id":812921,"date":"2023-09-20T11:30:48","date_gmt":"2023-09-20T09:30:48","guid":{"rendered":"https:\/\/www.claret.cat\/llibre\/que-es-la-neuroteologia-9788412452860\/"},"modified":"2023-10-11T00:47:37","modified_gmt":"2023-10-10T22:47:37","slug":"que-es-la-neuroteologia-9788412452860","status":"publish","type":"product","link":"https:\/\/www.claret.cat\/es\/libro\/que-es-la-neuroteologia-9788412452860\/","title":{"rendered":"\u00bfQU\u00c9 ES LA NEUROTEOLOG\u00cdA?"},"content":{"rendered":"<p>Si la gen\u00e9tica fue la ciencia de moda del siglo xx, actualmente son las neurociencias las que disfrutan de un mayor \u00e9xito divulgativo. Se aplican a diversas ramas del conocimiento, como la psicolog\u00eda, psiquiatr\u00eda, sociolog\u00eda, educaci\u00f3n, econom\u00eda, pol\u00edtica o hasta el marketing. La neuroteolog\u00eda investiga la relaci\u00f3n entre las experiencias espirituales, m\u00edsticas o religiosas y la actividad cerebral, y aunque en principio deber\u00eda ser ideol\u00f3gicamente neutral, entre los materialistas y ateos despert\u00f3 animosas esperanzas de que definitivamente se demostrara que la espiritualidad tiene su raz\u00f3n de ser en el cerebro, y algunos investigadores intentaron encontrar las causas cerebrales que producen la idealizaci\u00f3n religiosa. Despu\u00e9s de algunas d\u00e9cadas tenemos elementos de juicio para saber hasta qu\u00e9 punto ten\u00edan raz\u00f3n o si se trataba de una declaraci\u00f3n de principios. [..] En definitiva, este ensayo es una reflexi\u00f3n cr\u00edtica sobre algunos de los l\u00edmites t\u00e9cnicos y conceptuales a los que se enfrenta la neuroteolog\u00eda y las neurociencias en general, dirigido al p\u00fablico no especializado<\/p>\n","protected":false},"excerpt":{"rendered":"<p>MOISES PEREZ MARCOS<\/p>\n","protected":false},"featured_media":813161,"template":"","meta":{"_acf_changed":false,"om_disable_all_campaigns":false,"rs_blank_template":"","rs_page_bg_color":"","slide_template_v7":"","inline_featured_image":false,"_monsterinsights_skip_tracking":false,"_monsterinsights_sitenote_active":false,"_monsterinsights_sitenote_note":"","_monsterinsights_sitenote_category":0},"product_brand":[],"product_cat":[509,279,245,495,278,508],"product_tag":[],"class_list":{"0":"post-812921","1":"product","2":"type-product","3":"status-publish","4":"has-post-thumbnail","6":"product_cat-antropologia-teologica-teologia-1_espiritualidad","7":"product_cat-antropologia-teologica","8":"product_cat-diversa","9":"product_cat-diversa-espiritualidad-1_espiritualidad","10":"product_cat-misteri-de-deu","11":"product_cat-misterio-de-dios","13":"first","14":"instock","15":"taxable","16":"shipping-taxable","17":"purchasable","18":"product-type-simple"},"acf":{"autor":"MOISES PEREZ MARCOS","codart":"841245286","libros-coleccion":"","ediciones":"1","encuadernacion":"R\u00fastica","fecha_de_publicacion":"01\/09\/2023","novedad":"1","paginas":"192","subtitulo":"","orden":"0","portada":"0","idioma":"spa","editorial":[{"ID":148774,"post_author":"3","post_date":"2022-10-14 12:00:52","post_date_gmt":"2022-10-14 10:00:52","post_content":"","post_title":"SALVADOR ANAYA GONZALEZ","post_excerpt":"","post_status":"publish","comment_status":"closed","ping_status":"closed","post_password":"","post_name":"salvador-anaya-gonzalez","to_ping":"","pinged":"","post_modified":"2022-10-14 12:00:52","post_modified_gmt":"2022-10-14 10:00:52","post_content_filtered":"","post_parent":0,"guid":"http:\/\/dev.claret.cat\/editorial\/salvador-anaya-gonzalez\/","menu_order":0,"post_type":"editorial","post_mime_type":"","comment_count":"0","filter":"raw"}],"autores-libros":[{"ID":812920,"post_author":"3","post_date":"2023-09-20 11:30:42","post_date_gmt":"2023-09-20 09:30:42","post_content":"","post_title":"MOISES PEREZ MARCOS","post_excerpt":"","post_status":"publish","comment_status":"closed","ping_status":"closed","post_password":"","post_name":"moises-perez-marcos-2","to_ping":"","pinged":"","post_modified":"2023-09-20 11:30:42","post_modified_gmt":"2023-09-20 09:30:42","post_content_filtered":"","post_parent":0,"guid":"https:\/\/www.claret.cat\/autor\/moises-perez-marcos-2\/","menu_order":0,"post_type":"autor","post_mime_type":"","comment_count":"0","filter":"raw"}]},"aioseo_notices":[],"_links":{"self":[{"href":"https:\/\/www.claret.cat\/es\/wp-json\/wp\/v2\/product\/812921","targetHints":{"allow":["GET"]}}],"collection":[{"href":"https:\/\/www.claret.cat\/es\/wp-json\/wp\/v2\/product"}],"about":[{"href":"https:\/\/www.claret.cat\/es\/wp-json\/wp\/v2\/types\/product"}],"wp:featuredmedia":[{"embeddable":true,"href":"https:\/\/www.claret.cat\/es\/wp-json\/wp\/v2\/media\/813161"}],"wp:attachment":[{"href":"https:\/\/www.claret.cat\/es\/wp-json\/wp\/v2\/media?parent=812921"}],"wp:term":[{"taxonomy":"product_brand","embeddable":true,"href":"https:\/\/www.claret.cat\/es\/wp-json\/wp\/v2\/product_brand?post=812921"},{"taxonomy":"product_cat","embeddable":true,"href":"https:\/\/www.claret.cat\/es\/wp-json\/wp\/v2\/product_cat?post=812921"},{"taxonomy":"product_tag","embeddable":true,"href":"https:\/\/www.claret.cat\/es\/wp-json\/wp\/v2\/product_tag?post=812921"}],"curies":[{"name":"wp","href":"https:\/\/api.w.org\/{rel}","templated":true}]}}