{"id":813173,"date":"2023-09-20T12:10:30","date_gmt":"2023-09-20T10:10:30","guid":{"rendered":"https:\/\/www.claret.cat\/llibre\/musica-maestro-9788419282484\/"},"modified":"2023-10-11T00:46:38","modified_gmt":"2023-10-10T22:46:38","slug":"musica-maestro-9788419282484","status":"publish","type":"product","link":"https:\/\/www.claret.cat\/es\/libro\/musica-maestro-9788419282484\/","title":{"rendered":"\u00a1M\u00daSICA, MAESTRO!"},"content":{"rendered":"<p>Reta a familiares y amigos&#8230; \u00bfQui\u00e9n sabr\u00e1 m\u00e1s de m\u00fasica? Para 2 o m\u00e1s jugadores.<\/p>\n<p>90x90x30 mm<\/p>\n","protected":false},"excerpt":{"rendered":"<p>STUDIO IMAGEBOOKS<\/p>\n","protected":false},"featured_media":813174,"template":"","meta":{"_acf_changed":false,"om_disable_all_campaigns":false,"rs_blank_template":"","rs_page_bg_color":"","slide_template_v7":"","inline_featured_image":false,"_monsterinsights_skip_tracking":false,"_monsterinsights_sitenote_active":false,"_monsterinsights_sitenote_note":"","_monsterinsights_sitenote_category":0},"product_brand":[],"product_cat":[90,540],"product_tag":[],"class_list":{"0":"post-813173","1":"product","2":"type-product","3":"status-publish","4":"has-post-thumbnail","6":"product_cat-altres","7":"product_cat-otros","9":"first","10":"instock","11":"taxable","12":"shipping-taxable","13":"purchasable","14":"product-type-simple"},"acf":{"autor":"STUDIO IMAGEBOOKS","codart":"841928248","libros-coleccion":"","ediciones":"1","encuadernacion":"Carpeta","fecha_de_publicacion":"01\/09\/2023","novedad":"1","paginas":"51","subtitulo":"","orden":"0","portada":"0","idioma":"spa","editorial":[{"ID":147888,"post_author":"3","post_date":"2022-10-14 11:54:00","post_date_gmt":"2022-10-14 09:54:00","post_content":"","post_title":"Edicions Llibreria Universit\u00e0ria de Barc","post_excerpt":"","post_status":"publish","comment_status":"closed","ping_status":"closed","post_password":"","post_name":"edicions-llibreria-universitaria-de-barc","to_ping":"","pinged":"","post_modified":"2022-10-14 11:54:00","post_modified_gmt":"2022-10-14 09:54:00","post_content_filtered":"","post_parent":0,"guid":"http:\/\/dev.claret.cat\/editorial\/edicions-llibreria-universitaria-de-barc\/","menu_order":0,"post_type":"editorial","post_mime_type":"","comment_count":"0","filter":"raw"}],"autores-libros":[{"ID":263924,"post_author":"3","post_date":"2022-12-01 11:22:07","post_date_gmt":"2022-12-01 10:22:07","post_content":"","post_title":"STUDIO IMAGEBOOKS","post_excerpt":"","post_status":"publish","comment_status":"closed","ping_status":"closed","post_password":"","post_name":"studio-imagebooks","to_ping":"","pinged":"","post_modified":"2022-12-01 11:22:07","post_modified_gmt":"2022-12-01 10:22:07","post_content_filtered":"","post_parent":0,"guid":"http:\/\/dev.claret.cat\/autor\/studio-imagebooks\/","menu_order":0,"post_type":"autor","post_mime_type":"","comment_count":"0","filter":"raw"}]},"aioseo_notices":[],"_links":{"self":[{"href":"https:\/\/www.claret.cat\/es\/wp-json\/wp\/v2\/product\/813173","targetHints":{"allow":["GET"]}}],"collection":[{"href":"https:\/\/www.claret.cat\/es\/wp-json\/wp\/v2\/product"}],"about":[{"href":"https:\/\/www.claret.cat\/es\/wp-json\/wp\/v2\/types\/product"}],"wp:featuredmedia":[{"embeddable":true,"href":"https:\/\/www.claret.cat\/es\/wp-json\/wp\/v2\/media\/813174"}],"wp:attachment":[{"href":"https:\/\/www.claret.cat\/es\/wp-json\/wp\/v2\/media?parent=813173"}],"wp:term":[{"taxonomy":"product_brand","embeddable":true,"href":"https:\/\/www.claret.cat\/es\/wp-json\/wp\/v2\/product_brand?post=813173"},{"taxonomy":"product_cat","embeddable":true,"href":"https:\/\/www.claret.cat\/es\/wp-json\/wp\/v2\/product_cat?post=813173"},{"taxonomy":"product_tag","embeddable":true,"href":"https:\/\/www.claret.cat\/es\/wp-json\/wp\/v2\/product_tag?post=813173"}],"curies":[{"name":"wp","href":"https:\/\/api.w.org\/{rel}","templated":true}]}}