{"id":813887,"date":"2023-09-20T14:08:04","date_gmt":"2023-09-20T12:08:04","guid":{"rendered":"https:\/\/www.claret.cat\/llibre\/orando-con-marcos-9788413791777\/"},"modified":"2025-07-10T13:18:40","modified_gmt":"2025-07-10T11:18:40","slug":"orando-con-marcos-9788413791777","status":"publish","type":"product","link":"https:\/\/www.claret.cat\/es\/libro\/orando-con-marcos-9788413791777\/","title":{"rendered":"ORANDO CON MARCOS"},"content":{"rendered":"<p>Hoy todos podemos disponer de estupendos comentarios a los textos b\u00edblicos correspondientes a la celebraci\u00f3n eucar\u00edstica de los domingos y de las fiestas principales del a\u00f1o lit\u00fargico. Ese es un buen servicio para las personas que desean prepararse para una fructuosa participaci\u00f3n en la celebraci\u00f3n. Y es especialmente \u00fatil en las comunidades que se re\u00fanen para orar sin la presencia de un ministro ordenado. Por otra parte, muchas personas, adem\u00e1s de participar  en la celebraci\u00f3n presencial o virtual de la eucarist\u00eda, desean llevar a su oraci\u00f3n el mensaje de las Sagradas Escrituras, especialmente el que transmiten los textos evang\u00e9licos. En este libro se ofrece un recurso sencillo de oraci\u00f3n siguiendo los textos del Evangelio que domingo a domingo nos acompa\u00f1ar\u00e1n durante el ciclo B.<\/p>\n","protected":false},"excerpt":{"rendered":"<p>FLECHA ANDR\u00c9S, JOS\u00c9-ROM\u00c1N<\/p>\n","protected":false},"featured_media":0,"template":"","meta":{"_acf_changed":false,"om_disable_all_campaigns":false,"rs_blank_template":"","rs_page_bg_color":"","slide_template_v7":"","inline_featured_image":false,"_monsterinsights_skip_tracking":false,"_monsterinsights_sitenote_active":false,"_monsterinsights_sitenote_note":"","_monsterinsights_sitenote_category":0},"product_brand":[],"product_cat":[253,399],"product_tag":[],"class_list":{"0":"post-813887","1":"product","2":"type-product","3":"status-publish","5":"product_cat-any-liturgic","6":"product_cat-any-liturgic-liturgia-1_espiritualidad","8":"first","9":"instock","10":"taxable","11":"shipping-taxable","12":"purchasable","13":"product-type-simple"},"acf":{"autor":"FLECHA ANDR\u00c9S, JOS\u00c9-ROM\u00c1N","codart":"841379177","libros-coleccion":"Celebrar y Orar","ediciones":"1","encuadernacion":"R\u00fastica","fecha_de_publicacion":"01\/09\/2023","novedad":"0","paginas":"98","subtitulo":"ORACIONES SOBRE LOS EVANGELIOS DE LOS DOMINGOS Y LAS FIESTAS. CICLO B","orden":"999","portada":"0","idioma":"spa","editorial":[{"ID":6155,"post_author":"3","post_date":"2022-07-28 17:46:04","post_date_gmt":"2022-07-28 15:46:04","post_content":"","post_title":"Central Catequ\u00edstica Salesiana","post_excerpt":"","post_status":"publish","comment_status":"closed","ping_status":"closed","post_password":"","post_name":"central-catequistica-salesiana","to_ping":"","pinged":"","post_modified":"2022-07-28 17:46:04","post_modified_gmt":"2022-07-28 15:46:04","post_content_filtered":"","post_parent":0,"guid":"http:\/\/dev.claret.cat\/editorial\/central-catequistica-salesiana\/","menu_order":0,"post_type":"editorial","post_mime_type":"","comment_count":"0","filter":"raw"}],"autores-libros":[{"ID":160886,"post_author":"3","post_date":"2022-10-14 15:56:40","post_date_gmt":"2022-10-14 13:56:40","post_content":"","post_title":"JOS\u00c9-ROM\u00c1N FLECHA ANDR\u00c9S","post_excerpt":"","post_status":"publish","comment_status":"closed","ping_status":"closed","post_password":"","post_name":"jose-roman-flecha-andres-2","to_ping":"","pinged":"","post_modified":"2022-10-14 15:56:40","post_modified_gmt":"2022-10-14 13:56:40","post_content_filtered":"","post_parent":0,"guid":"http:\/\/dev.claret.cat\/autor\/jose-roman-flecha-andres-2\/","menu_order":0,"post_type":"autor","post_mime_type":"","comment_count":"0","filter":"raw"}],"booktrailer":"","resenas":""},"aioseo_notices":[],"_links":{"self":[{"href":"https:\/\/www.claret.cat\/es\/wp-json\/wp\/v2\/product\/813887","targetHints":{"allow":["GET"]}}],"collection":[{"href":"https:\/\/www.claret.cat\/es\/wp-json\/wp\/v2\/product"}],"about":[{"href":"https:\/\/www.claret.cat\/es\/wp-json\/wp\/v2\/types\/product"}],"wp:attachment":[{"href":"https:\/\/www.claret.cat\/es\/wp-json\/wp\/v2\/media?parent=813887"}],"wp:term":[{"taxonomy":"product_brand","embeddable":true,"href":"https:\/\/www.claret.cat\/es\/wp-json\/wp\/v2\/product_brand?post=813887"},{"taxonomy":"product_cat","embeddable":true,"href":"https:\/\/www.claret.cat\/es\/wp-json\/wp\/v2\/product_cat?post=813887"},{"taxonomy":"product_tag","embeddable":true,"href":"https:\/\/www.claret.cat\/es\/wp-json\/wp\/v2\/product_tag?post=813887"}],"curies":[{"name":"wp","href":"https:\/\/api.w.org\/{rel}","templated":true}]}}