{"id":81391,"date":"2022-10-11T16:48:15","date_gmt":"2022-10-11T14:48:15","guid":{"rendered":"http:\/\/dev.claret.cat\/producte\/educar-adolescents\/"},"modified":"2023-01-28T00:21:26","modified_gmt":"2023-01-27T23:21:26","slug":"educar-adolescents-9788418197895","status":"publish","type":"product","link":"https:\/\/www.claret.cat\/es\/libro\/educar-adolescents-9788418197895\/","title":{"rendered":"EDUCAR ADOLESCENTS"},"content":{"rendered":"<p>Alba Castellvi ha destil\u00b7lat en aquest llibre\u00a0la seva experi\u00e8ncia com a educadora, mediadora\u00a0de conflictes i mare per oferir un conjunt de consells\u00a0concrets i de reflexions de gran ajuda per fer costat\u00a0als fills mentre es fan grans, i alhora per poder viure\u00a0amb serenitat com a pares i mares els conflictes\u00a0inevitables que sorgeixen.  UN LLIBRE PR\u00c0CTIC PER FER M\u00c9S AGRADABLE LA CONVIV\u00c8NCIA\u00a0EN FAM\u00cdLIA QUAN HI HA ADOLESCENTS. IDEES PERQU\u00c8\u00a0ELS FILLS ENS TINGUIN CONFIAN\u00c7A I PER AJUDAR-LOS\u00a0A FER FRONT ALS RISCOS I ALS REPTES DEL SEU MOMENT VITAL\u00a0EN LA SOCIETAT CANVIANT ACTUAL.  El llibre tracta tamb\u00e9 els sentiments dels pares,\u00a0les dificultats per encarar els canvis, les pors\u00a0i els malestars, i Alba Castellvi proporciona eines\u00a0per relacionar-se amb l&#8217;adolescent d&#8217;una manera\u00a0m\u00e9s serena. En definitiva, un manual d&#8217;estrat\u00e8gies\u00a0per discutir menys i ser m\u00e9s feli\u00e7os junts\u00a0pares i fills.<\/p>\n","protected":false},"excerpt":{"rendered":"<p>CASTELLVI MIQUEL, ALBA<\/p>\n","protected":false},"featured_media":318338,"template":"","meta":{"_acf_changed":false,"om_disable_all_campaigns":false,"rs_blank_template":"","rs_page_bg_color":"","slide_template_v7":"","inline_featured_image":false,"_monsterinsights_skip_tracking":false,"_monsterinsights_sitenote_active":false,"_monsterinsights_sitenote_note":"","_monsterinsights_sitenote_category":0},"product_brand":[],"product_cat":[451,186],"product_tag":[],"class_list":{"0":"post-81391","1":"product","2":"type-product","3":"status-publish","4":"has-post-thumbnail","6":"product_cat-estudios-e-investigacion-pedagogia-2_humanidades","7":"product_cat-estudis-i-investigacio-pedagogia-2_humanitats","9":"first","10":"instock","11":"taxable","12":"shipping-taxable","13":"purchasable","14":"product-type-simple"},"acf":{"editorial":[{"ID":6122,"post_author":"3","post_date":"2022-07-28 17:45:22","post_date_gmt":"2022-07-28 15:45:22","post_content":"","post_title":"ANGLE EDITORIAL","post_excerpt":"","post_status":"publish","comment_status":"closed","ping_status":"closed","post_password":"","post_name":"angle-editorial","to_ping":"","pinged":"","post_modified":"2022-07-28 17:45:22","post_modified_gmt":"2022-07-28 15:45:22","post_content_filtered":"","post_parent":0,"guid":"http:\/\/dev.claret.cat\/editorial\/angle-editorial\/","menu_order":0,"post_type":"editorial","post_mime_type":"","comment_count":"0","filter":"raw"}],"autor":"CASTELLVI MIQUEL, ALBA","codart":"841819789","libros-coleccion":"Inspira","ediciones":"1","encuadernacion":"R\u00fastica","fecha_de_publicacion":"01\/10\/2021","novedad":"1","paginas":"256","subtitulo":"MANUAL PER VIURE SENSE CONFLICTES AMB ELS FILLS I AJUDAR-LOS A CR\u00c9IXER","orden":"0","portada":"0","idioma":"cat","autores-libros":[{"ID":149373,"post_author":"3","post_date":"2022-10-14 14:24:20","post_date_gmt":"2022-10-14 12:24:20","post_content":"","post_title":"ALBA CASTELLV\u00cd MIQUEL","post_excerpt":"","post_status":"publish","comment_status":"closed","ping_status":"closed","post_password":"","post_name":"alba-castellvi-miquel","to_ping":"","pinged":"","post_modified":"2022-10-14 14:24:20","post_modified_gmt":"2022-10-14 12:24:20","post_content_filtered":"","post_parent":0,"guid":"http:\/\/dev.claret.cat\/autor\/alba-castellvi-miquel\/","menu_order":0,"post_type":"autor","post_mime_type":"","comment_count":"0","filter":"raw"}]},"aioseo_notices":[],"_links":{"self":[{"href":"https:\/\/www.claret.cat\/es\/wp-json\/wp\/v2\/product\/81391","targetHints":{"allow":["GET"]}}],"collection":[{"href":"https:\/\/www.claret.cat\/es\/wp-json\/wp\/v2\/product"}],"about":[{"href":"https:\/\/www.claret.cat\/es\/wp-json\/wp\/v2\/types\/product"}],"wp:featuredmedia":[{"embeddable":true,"href":"https:\/\/www.claret.cat\/es\/wp-json\/wp\/v2\/media\/318338"}],"wp:attachment":[{"href":"https:\/\/www.claret.cat\/es\/wp-json\/wp\/v2\/media?parent=81391"}],"wp:term":[{"taxonomy":"product_brand","embeddable":true,"href":"https:\/\/www.claret.cat\/es\/wp-json\/wp\/v2\/product_brand?post=81391"},{"taxonomy":"product_cat","embeddable":true,"href":"https:\/\/www.claret.cat\/es\/wp-json\/wp\/v2\/product_cat?post=81391"},{"taxonomy":"product_tag","embeddable":true,"href":"https:\/\/www.claret.cat\/es\/wp-json\/wp\/v2\/product_tag?post=81391"}],"curies":[{"name":"wp","href":"https:\/\/api.w.org\/{rel}","templated":true}]}}