{"id":81418,"date":"2022-10-11T16:48:34","date_gmt":"2022-10-11T14:48:34","guid":{"rendered":"http:\/\/dev.claret.cat\/producte\/educar-sense-cridar\/"},"modified":"2023-01-28T12:52:28","modified_gmt":"2023-01-28T11:52:28","slug":"educar-sense-cridar-9788418197918","status":"publish","type":"product","link":"https:\/\/www.claret.cat\/es\/libro\/educar-sense-cridar-9788418197918\/","title":{"rendered":"EDUCAR SENSE CRIDAR"},"content":{"rendered":"<p>11A EDICI\u00d3 PER UNA EDUCACI\u00d3 SERENA\u00a0CAP A LA LLIBERTAT I LA RESPONSABILITAT.  \u00abUs imagineu tractar amb les criatures sense perdre\u00a0les maneres, sense aixecar la veu, sense enfadar-nos\u00a0posant el crit al cel? Si ho aconsegu\u00edssim, viur\u00edem\u00a0m\u00e9s tranquils. A m\u00e9s, i aix\u00f2 encara \u00e9s m\u00e9s important,\u00a0els fills podrien aprendre de nosaltres a regular\u00a0la seva pr\u00f2pia tensi\u00f3 en moments de contrarietat,\u00a0perqu\u00e8 ells aprenen del que fem i no pas del que diem\u00a0que cal fer.\u00bb Alba Castellvi ha posat sobre el paper la seva\u00a0experi\u00e8ncia com a mare, educadora i mediadora\u00a0de conflictes, per facilitar als pares un manual \u00e0gil\u00a0i pr\u00e0ctic sobre la conviv\u00e8ncia di\u00e0ria amb els fills.\u00a0Si l&#8217;objectiu m\u00e9s gran com a educadors \u00e9s dotar\u00a0els fills d&#8217;eines que els permetin ser persones lliures\u00a0i responsables, aquest llibre ens en donar\u00e0 les claus.\u00a0Mai \u00e9s tard per construir una relaci\u00f3 serena\u00a0i positiva amb els teus fills i acompanyar-los\u00a0en el seu itinerari vital. Estareu millor ara\u00a0i ells t&#8217;ho agrairan sempre.\u00a0Per una educaci\u00f3 serena\u00a0cap a la llibertat i la responsabilitat.<\/p>\n","protected":false},"excerpt":{"rendered":"<p>CASTELLVI MIQUEL, ALBA<\/p>\n","protected":false},"featured_media":318340,"template":"","meta":{"_acf_changed":false,"om_disable_all_campaigns":false,"rs_blank_template":"","rs_page_bg_color":"","slide_template_v7":"","inline_featured_image":false,"_monsterinsights_skip_tracking":false,"_monsterinsights_sitenote_active":false,"_monsterinsights_sitenote_note":"","_monsterinsights_sitenote_category":0},"product_brand":[],"product_cat":[194,457],"product_tag":[],"class_list":{"0":"post-81418","1":"product","2":"type-product","3":"status-publish","4":"has-post-thumbnail","6":"product_cat-comunicacio-i-noves-teconologies","7":"product_cat-comunicacion-y-nuevas-teconologias","9":"first","10":"instock","11":"taxable","12":"shipping-taxable","13":"purchasable","14":"product-type-simple"},"acf":{"editorial":[{"ID":6122,"post_author":"3","post_date":"2022-07-28 17:45:22","post_date_gmt":"2022-07-28 15:45:22","post_content":"","post_title":"ANGLE EDITORIAL","post_excerpt":"","post_status":"publish","comment_status":"closed","ping_status":"closed","post_password":"","post_name":"angle-editorial","to_ping":"","pinged":"","post_modified":"2022-07-28 17:45:22","post_modified_gmt":"2022-07-28 15:45:22","post_content_filtered":"","post_parent":0,"guid":"http:\/\/dev.claret.cat\/editorial\/angle-editorial\/","menu_order":0,"post_type":"editorial","post_mime_type":"","comment_count":"0","filter":"raw"}],"autor":"CASTELLVI MIQUEL, ALBA","codart":"841819791","libros-coleccion":"Inspira","ediciones":"1","encuadernacion":"R\u00fastica","fecha_de_publicacion":"01\/10\/2021","novedad":"1","paginas":"175","subtitulo":"ACOMPANYANT ELS FILLS D'ENTRE QUATRE I DOTZE ANYS EN EL CAM\u00cd CAP A L''AUTONOMIA","orden":"0","portada":"0","idioma":"cat","autores-libros":[{"ID":149373,"post_author":"3","post_date":"2022-10-14 14:24:20","post_date_gmt":"2022-10-14 12:24:20","post_content":"","post_title":"ALBA CASTELLV\u00cd MIQUEL","post_excerpt":"","post_status":"publish","comment_status":"closed","ping_status":"closed","post_password":"","post_name":"alba-castellvi-miquel","to_ping":"","pinged":"","post_modified":"2022-10-14 14:24:20","post_modified_gmt":"2022-10-14 12:24:20","post_content_filtered":"","post_parent":0,"guid":"http:\/\/dev.claret.cat\/autor\/alba-castellvi-miquel\/","menu_order":0,"post_type":"autor","post_mime_type":"","comment_count":"0","filter":"raw"}]},"aioseo_notices":[],"_links":{"self":[{"href":"https:\/\/www.claret.cat\/es\/wp-json\/wp\/v2\/product\/81418","targetHints":{"allow":["GET"]}}],"collection":[{"href":"https:\/\/www.claret.cat\/es\/wp-json\/wp\/v2\/product"}],"about":[{"href":"https:\/\/www.claret.cat\/es\/wp-json\/wp\/v2\/types\/product"}],"wp:featuredmedia":[{"embeddable":true,"href":"https:\/\/www.claret.cat\/es\/wp-json\/wp\/v2\/media\/318340"}],"wp:attachment":[{"href":"https:\/\/www.claret.cat\/es\/wp-json\/wp\/v2\/media?parent=81418"}],"wp:term":[{"taxonomy":"product_brand","embeddable":true,"href":"https:\/\/www.claret.cat\/es\/wp-json\/wp\/v2\/product_brand?post=81418"},{"taxonomy":"product_cat","embeddable":true,"href":"https:\/\/www.claret.cat\/es\/wp-json\/wp\/v2\/product_cat?post=81418"},{"taxonomy":"product_tag","embeddable":true,"href":"https:\/\/www.claret.cat\/es\/wp-json\/wp\/v2\/product_tag?post=81418"}],"curies":[{"name":"wp","href":"https:\/\/api.w.org\/{rel}","templated":true}]}}