{"id":815053,"date":"2023-09-20T16:02:54","date_gmt":"2023-09-20T14:02:54","guid":{"rendered":"https:\/\/www.claret.cat\/llibre\/quan-el-meu-enemic-soc-jo-9788426736697\/"},"modified":"2023-10-11T00:45:53","modified_gmt":"2023-10-10T22:45:53","slug":"quan-el-meu-enemic-soc-jo-9788426736697","status":"publish","type":"product","link":"https:\/\/www.claret.cat\/es\/libro\/quan-el-meu-enemic-soc-jo-9788426736697\/","title":{"rendered":"QUAN EL MEU ENEMIC SOC JO"},"content":{"rendered":"<p>Has sentit alguna vegada que no ets prou valu\u00f3s? Et resulta dif\u00edcil perdonar-te quan comets errors o carregues amb la culpa de tot el que passa al teu voltant?  La relaci\u00f3 que mantenim amb nosaltres mateixos \u00e9s la m\u00e9s crucial i significativa que podem experimentar. Tanmateix, en ocasions som els nostres pitjors enemics: ens boicotegem i permetem que els nostres dubtes, pors i inseguretats prenguin el control de les nostres vides i ments. Frases com &#8221;no puc&#8221; o &#8221;no serveixo&#8221; s&#8221;instal\u00b7len en el cervell, afecten profundament el benestar emocional i obstaculitzen l&#8221;assoliment de les nostres fites.  Quan el meu enemic soc jo explora la complexa relaci\u00f3 que mantenim amb el nostre propi \u00e9sser, tot centrant-se en com les persones poden transformar el dolor en fortalesa si aprenen a cultivar l&#8221;autocompassi\u00f3 i l&#8221;autoestima. Aquest llibre proporciona coneixements i eines essencials que permeten identificar i modificar patrons de pensament i comportaments destructius, cosa que condueix a assolir objectius i a fomentar relacions saludables tant amb els altres com amb un mateix.   Mitjan\u00e7ant una combinaci\u00f3 de teoria i exemples pr\u00e0ctics, aquesta lectura t&#8221;ajudar\u00e0 a desenvolupar una major autoconsci\u00e8ncia i autoconeixement que et permetr\u00e0 gestionar les teves emocions. D&#8221;aquesta manera, podr\u00e0s substituir pensaments i comportaments autodestructius per uns altres de m\u00e9s positius i constructius, cosa que et facilitar\u00e0 assolir les teves fites i trobar la felicitat.   Descobreix com transformar la relaci\u00f3 amb tu mateix i converteix-te en el teu millor aliat en comptes del teu pitjor enemic. Deixa que aquest llibre et gui\u00ef en el cam\u00ed cap a l&#8221;autoconeixement i l&#8221;autorealitzaci\u00f3, i abra\u00e7a una vida m\u00e9s plena i feli\u00e7.<\/p>\n","protected":false},"excerpt":{"rendered":"<p>L\u00d3PEZ MART\u00cdNEZ, LUIS FERNANDO \/ CARRETERO GARC\u00cdA, EVA M.<\/p>\n","protected":false},"featured_media":825796,"template":"","meta":{"_acf_changed":false,"om_disable_all_campaigns":false,"rs_blank_template":"","rs_page_bg_color":"","slide_template_v7":"","inline_featured_image":false,"_monsterinsights_skip_tracking":false,"_monsterinsights_sitenote_active":false,"_monsterinsights_sitenote_note":"","_monsterinsights_sitenote_category":0},"product_brand":[],"product_cat":[179,377],"product_tag":[],"class_list":{"0":"post-815053","1":"product","2":"type-product","3":"status-publish","4":"has-post-thumbnail","6":"product_cat-autoajuda-i-salut-mental","7":"product_cat-autoayuda-y-salud-mental","9":"first","10":"instock","11":"taxable","12":"shipping-taxable","13":"purchasable","14":"product-type-simple"},"acf":{"autor":"L\u00d3PEZ MART\u00cdNEZ, LUIS FERNANDO \/ CARRETERO GARC\u00cdA, EVA M.","codart":"842673669","libros-coleccion":"FORA DE COL.LECCI\u00d3","ediciones":"1","encuadernacion":"R\u00fastica","fecha_de_publicacion":"01\/09\/2023","novedad":"1","paginas":"176","subtitulo":"LA RELACI\u00d3 M\u00c9S IMPORTANT: AMB UN MATEIX","orden":"0","portada":"0","idioma":"cat","editorial":[{"ID":6301,"post_author":"3","post_date":"2022-07-28 17:49:15","post_date_gmt":"2022-07-28 15:49:15","post_content":"","post_title":"Marcombo","post_excerpt":"","post_status":"publish","comment_status":"closed","ping_status":"closed","post_password":"","post_name":"marcombo","to_ping":"","pinged":"","post_modified":"2022-07-28 17:49:15","post_modified_gmt":"2022-07-28 15:49:15","post_content_filtered":"","post_parent":0,"guid":"http:\/\/dev.claret.cat\/editorial\/marcombo\/","menu_order":0,"post_type":"editorial","post_mime_type":"","comment_count":"0","filter":"raw"}],"autores-libros":[{"ID":815052,"post_author":"3","post_date":"2023-09-20 16:02:52","post_date_gmt":"2023-09-20 14:02:52","post_content":"","post_title":"LUIS FERNANDO L\u00d3PEZ MART\u00cdNEZ","post_excerpt":"","post_status":"publish","comment_status":"closed","ping_status":"closed","post_password":"","post_name":"luis-fernando-lopez-martinez","to_ping":"","pinged":"","post_modified":"2023-09-20 16:02:52","post_modified_gmt":"2023-09-20 14:02:52","post_content_filtered":"","post_parent":0,"guid":"https:\/\/www.claret.cat\/autor\/luis-fernando-lopez-martinez\/","menu_order":0,"post_type":"autor","post_mime_type":"","comment_count":"0","filter":"raw"},{"ID":815051,"post_author":"3","post_date":"2023-09-20 16:02:50","post_date_gmt":"2023-09-20 14:02:50","post_content":"","post_title":"EVA M. CARRETERO GARC\u00cdA","post_excerpt":"","post_status":"publish","comment_status":"closed","ping_status":"closed","post_password":"","post_name":"eva-m-carretero-garcia","to_ping":"","pinged":"","post_modified":"2023-09-20 16:02:50","post_modified_gmt":"2023-09-20 14:02:50","post_content_filtered":"","post_parent":0,"guid":"https:\/\/www.claret.cat\/autor\/eva-m-carretero-garcia\/","menu_order":0,"post_type":"autor","post_mime_type":"","comment_count":"0","filter":"raw"}]},"aioseo_notices":[],"_links":{"self":[{"href":"https:\/\/www.claret.cat\/es\/wp-json\/wp\/v2\/product\/815053","targetHints":{"allow":["GET"]}}],"collection":[{"href":"https:\/\/www.claret.cat\/es\/wp-json\/wp\/v2\/product"}],"about":[{"href":"https:\/\/www.claret.cat\/es\/wp-json\/wp\/v2\/types\/product"}],"wp:featuredmedia":[{"embeddable":true,"href":"https:\/\/www.claret.cat\/es\/wp-json\/wp\/v2\/media\/825796"}],"wp:attachment":[{"href":"https:\/\/www.claret.cat\/es\/wp-json\/wp\/v2\/media?parent=815053"}],"wp:term":[{"taxonomy":"product_brand","embeddable":true,"href":"https:\/\/www.claret.cat\/es\/wp-json\/wp\/v2\/product_brand?post=815053"},{"taxonomy":"product_cat","embeddable":true,"href":"https:\/\/www.claret.cat\/es\/wp-json\/wp\/v2\/product_cat?post=815053"},{"taxonomy":"product_tag","embeddable":true,"href":"https:\/\/www.claret.cat\/es\/wp-json\/wp\/v2\/product_tag?post=815053"}],"curies":[{"name":"wp","href":"https:\/\/api.w.org\/{rel}","templated":true}]}}