{"id":815505,"date":"2023-09-20T16:46:53","date_gmt":"2023-09-20T14:46:53","guid":{"rendered":"https:\/\/www.claret.cat\/llibre\/recorridos-de-cristologia-feminista-9788413641935\/"},"modified":"2025-06-14T11:20:49","modified_gmt":"2025-06-14T09:20:49","slug":"recorridos-de-cristologia-feminista-9788413641935","status":"publish","type":"product","link":"https:\/\/www.claret.cat\/es\/libro\/recorridos-de-cristologia-feminista-9788413641935\/","title":{"rendered":"RECORRIDOS DE CRISTOLOG\u00cdA FEMINISTA"},"content":{"rendered":"<p>Este estudio, audaz y riguroso, hace balance de las cristolog\u00edas feministas y de sus principales modelos; a la vez, se adentra en inexplorados terrenos, ofreciendo hip\u00f3tesis innovadoras. Este doble enfoque evita dos riesgos: la ingenuidad de escribir acerca del tema como si se fuera el primero en hacerlo y, por otro lado, el agotamiento en bibliograf\u00edas y reconstrucciones y como si no se pudiera avanzar ni un paso m\u00e1s. Las dos autoras, trabajando codo con codo, han elaborado un mosaico significativo en dos partes. La primera, \u00abDeconstrucciones y reconstrucciones\u00bb ofrece un amplio estado de la cuesti\u00f3n y una secci\u00f3n de resumen sumario. La segunda, \u00abContinuidad en la discontinuidad\u00bb, explora y propone nuevos senderos. Las autoras, Milena Mariani y Mercedes Navarro Puerto, son dos te\u00f3logas distintas, la primera italiana y la segunda espa\u00f1ola; el t\u00edtulo de la obra con especial referencia a los \u00abRecorridos\u00bb, indica la pluralidad de visiones del libro, su orientaci\u00f3n al di\u00e1logo y a la dial\u00e9ctica que caracterizan a la teolog\u00eda feminista.<\/p>\n","protected":false},"excerpt":{"rendered":"<p>MARIANI, MILENA \/ NAVARRO PUERTO, MERCEDES<\/p>\n","protected":false},"featured_media":945660,"template":"","meta":{"_acf_changed":false,"om_disable_all_campaigns":false,"rs_blank_template":"","rs_page_bg_color":"","slide_template_v7":"","inline_featured_image":false,"_monsterinsights_skip_tracking":false,"_monsterinsights_sitenote_active":false,"_monsterinsights_sitenote_note":"","_monsterinsights_sitenote_category":0},"product_brand":[],"product_cat":[276,414],"product_tag":[],"class_list":{"0":"post-815505","1":"product","2":"type-product","3":"status-publish","4":"has-post-thumbnail","6":"product_cat-cristologia-teologia","7":"product_cat-cristologia-teologia-1_espiritualidad","9":"first","10":"instock","11":"taxable","12":"shipping-taxable","13":"purchasable","14":"product-type-simple"},"acf":{"autor":"MARIANI, MILENA \/ NAVARRO PUERTO, MERCEDES","codart":"841364193","libros-coleccion":"Estructuras y procesos. Religi\u00f3n","ediciones":"1","encuadernacion":"R\u00fastica","fecha_de_publicacion":"01\/09\/2023","novedad":"1","paginas":"216","subtitulo":"","orden":"0","portada":"1","idioma":"spa","editorial":[{"ID":6237,"post_author":"3","post_date":"2022-07-28 17:47:53","post_date_gmt":"2022-07-28 15:47:53","post_content":"","post_title":"Editorial Trotta","post_excerpt":"","post_status":"publish","comment_status":"closed","ping_status":"closed","post_password":"","post_name":"editorial-trotta","to_ping":"","pinged":"","post_modified":"2022-07-28 17:47:53","post_modified_gmt":"2022-07-28 15:47:53","post_content_filtered":"","post_parent":0,"guid":"http:\/\/dev.claret.cat\/editorial\/editorial-trotta\/","menu_order":0,"post_type":"editorial","post_mime_type":"","comment_count":"0","filter":"raw"}],"autores-libros":[{"ID":815855,"post_author":"3","post_date":"2023-09-20 17:17:19","post_date_gmt":"2023-09-20 15:17:19","post_content":"","post_title":"MILENA MARIANI","post_excerpt":"","post_status":"publish","comment_status":"closed","ping_status":"closed","post_password":"","post_name":"milena-mariani","to_ping":"","pinged":"","post_modified":"2023-09-20 17:17:19","post_modified_gmt":"2023-09-20 15:17:19","post_content_filtered":"","post_parent":0,"guid":"https:\/\/www.claret.cat\/autor\/milena-mariani\/","menu_order":0,"post_type":"autor","post_mime_type":"","comment_count":"0","filter":"raw"},{"ID":164730,"post_author":"3","post_date":"2022-10-14 17:49:25","post_date_gmt":"2022-10-14 15:49:25","post_content":"","post_title":"MERCEDES NAVARRO PUERTO","post_excerpt":"","post_status":"publish","comment_status":"closed","ping_status":"closed","post_password":"","post_name":"mercedes-navarro-puerto","to_ping":"","pinged":"","post_modified":"2022-10-14 17:49:25","post_modified_gmt":"2022-10-14 15:49:25","post_content_filtered":"","post_parent":0,"guid":"http:\/\/dev.claret.cat\/autor\/mercedes-navarro-puerto\/","menu_order":0,"post_type":"autor","post_mime_type":"","comment_count":"0","filter":"raw"}],"booktrailer":"","resenas":""},"aioseo_notices":[],"_links":{"self":[{"href":"https:\/\/www.claret.cat\/es\/wp-json\/wp\/v2\/product\/815505","targetHints":{"allow":["GET"]}}],"collection":[{"href":"https:\/\/www.claret.cat\/es\/wp-json\/wp\/v2\/product"}],"about":[{"href":"https:\/\/www.claret.cat\/es\/wp-json\/wp\/v2\/types\/product"}],"wp:featuredmedia":[{"embeddable":true,"href":"https:\/\/www.claret.cat\/es\/wp-json\/wp\/v2\/media\/945660"}],"wp:attachment":[{"href":"https:\/\/www.claret.cat\/es\/wp-json\/wp\/v2\/media?parent=815505"}],"wp:term":[{"taxonomy":"product_brand","embeddable":true,"href":"https:\/\/www.claret.cat\/es\/wp-json\/wp\/v2\/product_brand?post=815505"},{"taxonomy":"product_cat","embeddable":true,"href":"https:\/\/www.claret.cat\/es\/wp-json\/wp\/v2\/product_cat?post=815505"},{"taxonomy":"product_tag","embeddable":true,"href":"https:\/\/www.claret.cat\/es\/wp-json\/wp\/v2\/product_tag?post=815505"}],"curies":[{"name":"wp","href":"https:\/\/api.w.org\/{rel}","templated":true}]}}