{"id":815531,"date":"2023-09-20T16:48:22","date_gmt":"2023-09-20T14:48:22","guid":{"rendered":"https:\/\/www.claret.cat\/llibre\/larmari-dels-tresors-9788416774920\/"},"modified":"2025-01-31T15:43:48","modified_gmt":"2025-01-31T14:43:48","slug":"larmari-dels-tresors-9788416774920","status":"publish","type":"product","link":"https:\/\/www.claret.cat\/es\/libro\/larmari-dels-tresors-9788416774920\/","title":{"rendered":"L&#8217;ARMARI DELS TRESORS"},"content":{"rendered":"<p>El llibre idoni perqu\u00e8 els m\u00e9s petits desenvolupin l?empatia i la intel\u00b7lig\u00e8ncia emocional.La Llum sembla una nena com qualsevol altre? per\u00f2 t\u00e9 un superpoder: el superpoder de trobar la soluci\u00f3 als problemes m\u00e9s dif\u00edcils! Qu\u00e8 es pot fer quan dos germans estan sempre barallant-se, quan tens un amic que ning\u00fa tria a l?hora de fer jocs, o quan un company de classe culpa a un altre del que ell mateix ha fet? A la gent li costa molt resoldre b\u00e9 aquests petits conflictes quotidians? per\u00f2 la Llum sempre sap com fer-ho! Com ella mateixa diu: \u00abUn problema, ja se sap? \u00e9s una oportunitat per fer anar el cap!\u00bb&nbsp;Amb el seu enginy viu, les seves idees aconsegueixen ajudar la gent que s?estima i trobar sortida a tota mena de malentesos i situacions complicades. Potser tu t&#8221;assembles una mica a la Llum?.<\/p>\n","protected":false},"excerpt":{"rendered":"<p>CASTELLVI MIQUEL, ALBA<\/p>\n","protected":false},"featured_media":829224,"template":"","meta":{"_acf_changed":false,"om_disable_all_campaigns":false,"rs_blank_template":"","rs_page_bg_color":"","slide_template_v7":"","inline_featured_image":false,"_monsterinsights_skip_tracking":false,"_monsterinsights_sitenote_active":false,"_monsterinsights_sitenote_note":"","_monsterinsights_sitenote_category":0},"product_brand":[],"product_cat":[132,362],"product_tag":[],"class_list":{"0":"post-815531","1":"product","2":"type-product","3":"status-publish","4":"has-post-thumbnail","6":"product_cat-lectures-per-preadolescents-6-12-anys","7":"product_cat-libros-preadolescentes-6-12-anos","9":"first","10":"instock","11":"taxable","12":"shipping-taxable","13":"purchasable","14":"product-type-simple"},"acf":{"autor":"CASTELLVI MIQUEL, ALBA","codart":"841677492","libros-coleccion":"FORA DE COL.LECCI\u00d3","ediciones":"1","encuadernacion":"R\u00fastica","fecha_de_publicacion":"01\/06\/2023","novedad":"1","paginas":"144","subtitulo":"","orden":"0","portada":"0","idioma":"cat","editorial":[{"ID":413904,"post_author":"3","post_date":"2023-03-23 14:25:46","post_date_gmt":"2023-03-23 13:25:46","post_content":"","post_title":"Inuk","post_excerpt":"","post_status":"publish","comment_status":"closed","ping_status":"closed","post_password":"","post_name":"inuk","to_ping":"","pinged":"","post_modified":"2023-03-23 14:25:46","post_modified_gmt":"2023-03-23 13:25:46","post_content_filtered":"","post_parent":0,"guid":"https:\/\/www.claret.cat\/editorial\/inuk\/","menu_order":0,"post_type":"editorial","post_mime_type":"","comment_count":"0","filter":"raw"}],"autores-libros":[{"ID":149373,"post_author":"3","post_date":"2022-10-14 14:24:20","post_date_gmt":"2022-10-14 12:24:20","post_content":"","post_title":"ALBA CASTELLV\u00cd MIQUEL","post_excerpt":"","post_status":"publish","comment_status":"closed","ping_status":"closed","post_password":"","post_name":"alba-castellvi-miquel","to_ping":"","pinged":"","post_modified":"2022-10-14 14:24:20","post_modified_gmt":"2022-10-14 12:24:20","post_content_filtered":"","post_parent":0,"guid":"http:\/\/dev.claret.cat\/autor\/alba-castellvi-miquel\/","menu_order":0,"post_type":"autor","post_mime_type":"","comment_count":"0","filter":"raw"}]},"aioseo_notices":[],"_links":{"self":[{"href":"https:\/\/www.claret.cat\/es\/wp-json\/wp\/v2\/product\/815531","targetHints":{"allow":["GET"]}}],"collection":[{"href":"https:\/\/www.claret.cat\/es\/wp-json\/wp\/v2\/product"}],"about":[{"href":"https:\/\/www.claret.cat\/es\/wp-json\/wp\/v2\/types\/product"}],"wp:featuredmedia":[{"embeddable":true,"href":"https:\/\/www.claret.cat\/es\/wp-json\/wp\/v2\/media\/829224"}],"wp:attachment":[{"href":"https:\/\/www.claret.cat\/es\/wp-json\/wp\/v2\/media?parent=815531"}],"wp:term":[{"taxonomy":"product_brand","embeddable":true,"href":"https:\/\/www.claret.cat\/es\/wp-json\/wp\/v2\/product_brand?post=815531"},{"taxonomy":"product_cat","embeddable":true,"href":"https:\/\/www.claret.cat\/es\/wp-json\/wp\/v2\/product_cat?post=815531"},{"taxonomy":"product_tag","embeddable":true,"href":"https:\/\/www.claret.cat\/es\/wp-json\/wp\/v2\/product_tag?post=815531"}],"curies":[{"name":"wp","href":"https:\/\/api.w.org\/{rel}","templated":true}]}}