{"id":815548,"date":"2023-09-20T16:50:46","date_gmt":"2023-09-20T14:50:46","guid":{"rendered":"https:\/\/www.claret.cat\/llibre\/el-pequeno-libro-de-las-aves-9788412622164\/"},"modified":"2023-10-11T00:45:39","modified_gmt":"2023-10-10T22:45:39","slug":"el-pequeno-libro-de-las-aves-9788412622164","status":"publish","type":"product","link":"https:\/\/www.claret.cat\/es\/libro\/el-pequeno-libro-de-las-aves-9788412622164\/","title":{"rendered":"EL PEQUE\u00d1O LIBRO DE LAS AVES"},"content":{"rendered":"<p>\u00bfCu\u00e1ndo abre el pavo real el abanico de plumas de su cola? \u00bfPor qu\u00e9 el flamenco com\u00fan se apoya sobre una pata? \u00bfEs verdad que las golondrinas anuncian el verano? \u00bfQu\u00e9 simboliza en Alsacia la cigu\u00a8e\u00f1a blanca?<br \/> Este es un libro imprescindible para aquellos lectores que adoran la naturaleza, la cultura y por supuesto para aquellos que quieren volar. Documentado hasta la \u00faltima pluma, este nuevo ensayo ilustrado de Tutifruti es una delicia para descubrir todo aquello que no sabemos sobre 80 aves desde la agachadiza com\u00fan al zorzal, pasando por la lavadora blanca. Lo cierto es que el lector descubrir\u00e1 que las primeras aves se parec\u00edan muy poco a las que conocemos hoy en d\u00eda pero siempre han despertado pasiones. Arist\u00f3teles ten\u00eda ya una clasificaci\u00f3n de 170 especies de aves&#8230; \u00a1y hoy en d\u00eda hay ya como 18.000!<\/p>\n","protected":false},"excerpt":{"rendered":"<p>JANKELIOWITCH, ANNE<\/p>\n","protected":false},"featured_media":825563,"template":"","meta":{"_acf_changed":false,"om_disable_all_campaigns":false,"rs_blank_template":"","rs_page_bg_color":"","slide_template_v7":"","inline_featured_image":false,"_monsterinsights_skip_tracking":false,"_monsterinsights_sitenote_active":false,"_monsterinsights_sitenote_note":"","_monsterinsights_sitenote_category":0},"product_brand":[],"product_cat":[90,540],"product_tag":[],"class_list":{"0":"post-815548","1":"product","2":"type-product","3":"status-publish","4":"has-post-thumbnail","6":"product_cat-altres","7":"product_cat-otros","9":"first","10":"instock","11":"taxable","12":"shipping-taxable","13":"purchasable","14":"product-type-simple"},"acf":{"autor":"JANKELIOWITCH, ANNE","codart":"841262216","libros-coleccion":"","ediciones":"1","encuadernacion":"Carton\u00e9","fecha_de_publicacion":"01\/09\/2023","novedad":"1","paginas":"176","subtitulo":"","orden":"0","portada":"0","idioma":"spa","editorial":[{"ID":413902,"post_author":"3","post_date":"2023-03-23 14:24:49","post_date_gmt":"2023-03-23 13:24:49","post_content":"","post_title":"Tutifruti Editorial","post_excerpt":"","post_status":"publish","comment_status":"closed","ping_status":"closed","post_password":"","post_name":"tutifruti-editorial-4","to_ping":"","pinged":"","post_modified":"2023-03-23 14:24:49","post_modified_gmt":"2023-03-23 13:24:49","post_content_filtered":"","post_parent":0,"guid":"https:\/\/www.claret.cat\/editorial\/tutifruti-editorial-4\/","menu_order":0,"post_type":"editorial","post_mime_type":"","comment_count":"0","filter":"raw"}],"autores-libros":[{"ID":150700,"post_author":"3","post_date":"2022-10-14 14:35:03","post_date_gmt":"2022-10-14 12:35:03","post_content":"","post_title":"ANNE JANK\u00c9LIOWITCH","post_excerpt":"","post_status":"publish","comment_status":"closed","ping_status":"closed","post_password":"","post_name":"anne-jankeliowitch","to_ping":"","pinged":"","post_modified":"2022-10-14 14:35:03","post_modified_gmt":"2022-10-14 12:35:03","post_content_filtered":"","post_parent":0,"guid":"http:\/\/dev.claret.cat\/autor\/anne-jankeliowitch\/","menu_order":0,"post_type":"autor","post_mime_type":"","comment_count":"0","filter":"raw"}]},"aioseo_notices":[],"_links":{"self":[{"href":"https:\/\/www.claret.cat\/es\/wp-json\/wp\/v2\/product\/815548","targetHints":{"allow":["GET"]}}],"collection":[{"href":"https:\/\/www.claret.cat\/es\/wp-json\/wp\/v2\/product"}],"about":[{"href":"https:\/\/www.claret.cat\/es\/wp-json\/wp\/v2\/types\/product"}],"wp:featuredmedia":[{"embeddable":true,"href":"https:\/\/www.claret.cat\/es\/wp-json\/wp\/v2\/media\/825563"}],"wp:attachment":[{"href":"https:\/\/www.claret.cat\/es\/wp-json\/wp\/v2\/media?parent=815548"}],"wp:term":[{"taxonomy":"product_brand","embeddable":true,"href":"https:\/\/www.claret.cat\/es\/wp-json\/wp\/v2\/product_brand?post=815548"},{"taxonomy":"product_cat","embeddable":true,"href":"https:\/\/www.claret.cat\/es\/wp-json\/wp\/v2\/product_cat?post=815548"},{"taxonomy":"product_tag","embeddable":true,"href":"https:\/\/www.claret.cat\/es\/wp-json\/wp\/v2\/product_tag?post=815548"}],"curies":[{"name":"wp","href":"https:\/\/api.w.org\/{rel}","templated":true}]}}